{"id":111541,"date":"2025-05-18T20:56:07","date_gmt":"2025-05-18T20:56:07","guid":{"rendered":"https:\/\/staging2.stylingagenten.com\/da\/produkt\/ford-mustang-blue-for-men-edt-100ml\/"},"modified":"2026-04-08T15:30:33","modified_gmt":"2026-04-08T15:30:33","slug":"ford-mustang-blue-for-men-edt-100ml","status":"publish","type":"product","link":"https:\/\/stylingagenten.com\/da\/produkt\/ford-mustang-blue-for-men-edt-100ml\/","title":{"rendered":"Ford Mustang Blue For Men Edt 100ml"},"content":{"rendered":"<p>Vi pr\u00e6senterer Mustang Blue, en f\u00e6ngslende duft designet eksklusivt til m\u00e6nd. Med en enest\u00e5ende blanding af aromatiske noter lover Mustang Blue at efterlade et varigt indtryk, uanset anledningen.<br \/>\n<br \/>Denne tidl\u00f8se duft \u00e5bner med forfriskende topnoter af saftig bergamot, frisk citron og syrlig mynte. N\u00e5r duften udvikler sig, tager et energisk hjerte af lavendel, krydret basilikum og spr\u00f8dt gr\u00f8nt \u00e6ble plads, der fortryller sanserne og tilf\u00f8jer et strejf af elegance. Til sidst afrundes duften med basenoter af varm amber, jordet cedertr\u00e6 og sensuel musk, som efterlader en forf\u00f8rende og langvarig duftspor.<\/p>\n<p>100ml<\/p>\n","protected":false},"excerpt":{"rendered":"<p>Vi pr\u00e6senterer Mustang Blue, en f\u00e6ngslende duft designet eksklusivt til m\u00e6nd. Med en enest\u00e5ende blanding af aromatiske noter lover Mustang Blue at efterlade et varigt indtryk, uanset anledningen. Denne tidl\u00f8se duft \u00e5bner med forfriskende topnoter af saftig bergamot, frisk citron og syrlig mynte. N\u00e5r duften udvikler sig, tager et energisk hjerte af lavendel, krydret basilikum [&hellip;]<\/p>\n","protected":false},"featured_media":111534,"comment_status":"open","ping_status":"closed","template":"","meta":{"_trash_the_other_posts":false},"product_brand":[],"product_cat":[709,735,1000],"product_tag":[],"berocket_brand":[1318],"class_list":{"0":"post-111541","1":"product","2":"type-product","3":"status-publish","4":"has-post-thumbnail","6":"product_cat-eau-de-toilette-mr","7":"product_cat-kampagne","8":"product_cat-kampagnetilbud-til-ham","9":"pa_brand-ford-mustang","10":"berocket_brand-ford-mustang","12":"first","13":"instock","14":"sale","15":"taxable","16":"shipping-taxable","17":"purchasable","18":"product-type-simple"},"_links":{"self":[{"href":"https:\/\/stylingagenten.com\/da\/wp-json\/wp\/v2\/product\/111541","targetHints":{"allow":["GET"]}}],"collection":[{"href":"https:\/\/stylingagenten.com\/da\/wp-json\/wp\/v2\/product"}],"about":[{"href":"https:\/\/stylingagenten.com\/da\/wp-json\/wp\/v2\/types\/product"}],"replies":[{"embeddable":true,"href":"https:\/\/stylingagenten.com\/da\/wp-json\/wp\/v2\/comments?post=111541"}],"version-history":[{"count":0,"href":"https:\/\/stylingagenten.com\/da\/wp-json\/wp\/v2\/product\/111541\/revisions"}],"wp:featuredmedia":[{"embeddable":true,"href":"https:\/\/stylingagenten.com\/da\/wp-json\/wp\/v2\/media\/111534"}],"wp:attachment":[{"href":"https:\/\/stylingagenten.com\/da\/wp-json\/wp\/v2\/media?parent=111541"}],"wp:term":[{"taxonomy":"product_brand","embeddable":true,"href":"https:\/\/stylingagenten.com\/da\/wp-json\/wp\/v2\/product_brand?post=111541"},{"taxonomy":"product_cat","embeddable":true,"href":"https:\/\/stylingagenten.com\/da\/wp-json\/wp\/v2\/product_cat?post=111541"},{"taxonomy":"product_tag","embeddable":true,"href":"https:\/\/stylingagenten.com\/da\/wp-json\/wp\/v2\/product_tag?post=111541"},{"taxonomy":"berocket_brand","embeddable":true,"href":"https:\/\/stylingagenten.com\/da\/wp-json\/wp\/v2\/berocket_brand?post=111541"}],"curies":[{"name":"wp","href":"https:\/\/api.w.org\/{rel}","templated":true}]}}