{"id":111529,"date":"2025-05-18T20:56:05","date_gmt":"2025-05-18T20:56:05","guid":{"rendered":"https:\/\/staging2.stylingagenten.com\/da\/produkt\/david-beckham-classic-homme-edt-100ml\/"},"modified":"2026-04-14T11:47:30","modified_gmt":"2026-04-14T11:47:30","slug":"david-beckham-classic-homme-edt-100ml","status":"publish","type":"product","link":"https:\/\/stylingagenten.com\/da\/produkt\/david-beckham-classic-homme-edt-100ml\/","title":{"rendered":"David Beckham Classic Homme Edt 100ml"},"content":{"rendered":"<p>David Beckham Fragrances pr\u00e6senterer Classic Homme \u2013 en moderne fortolkning af en herreduft med et krydret twist. Brug den med selvsikkerhed til alle lejligheder. Classic Homme Eau de Toilette Spray er en let krydret tr\u00e6agtig duft med en aromatisk blanding af varme r\u00f8gfyldte toner og friske krydrede noter. Duften \u00e5bner med frisk pink grapefrugt og rosmarin med et strejf af st\u00e6rk peber. Hjertenoten er en karakteristisk fusion af cashmere, l\u00e6der og sort dahlia, som skaber en fyldig og maskulin duft, der fremh\u00e6ves af basenoten mahogni, patchouli og sensuel moskus.<\/p>\n<p>Den unikke cylindriske flaske er udsmykket med et smukt fiskebensm\u00f8nster, og den elegante, m\u00f8rkegr\u00e5 h\u00e6tte giver denne David Beckham Eau de Toilette-design et moderne og maskulint pr\u00e6g. Classic Collection er en uimodst\u00e5elig fortolkning af klassikernes styrke: Hver duft er skabt med omhyggeligt udvalgte ingredienser, der har bevist deres v\u00e6rdi gennem tiden.<\/p>\n<p>100ml<\/p>\n","protected":false},"excerpt":{"rendered":"<p>David Beckham Fragrances pr\u00e6senterer Classic Homme \u2013 en moderne fortolkning af en herreduft med et krydret twist. Brug den med selvsikkerhed til alle lejligheder. Classic Homme Eau de Toilette Spray er en let krydret tr\u00e6agtig duft med en aromatisk blanding af varme r\u00f8gfyldte toner og friske krydrede noter. Duften \u00e5bner med frisk pink grapefrugt og [&hellip;]<\/p>\n","protected":false},"featured_media":111501,"comment_status":"open","ping_status":"closed","template":"","meta":{"_trash_the_other_posts":false},"product_brand":[],"product_cat":[709,735,1000],"product_tag":[],"berocket_brand":[1281],"class_list":{"0":"post-111529","1":"product","2":"type-product","3":"status-publish","4":"has-post-thumbnail","6":"product_cat-eau-de-toilette-mr","7":"product_cat-kampagne","8":"product_cat-kampagnetilbud-til-ham","9":"pa_brand-david-beckham","10":"berocket_brand-david-beckham","12":"first","13":"instock","14":"sale","15":"taxable","16":"shipping-taxable","17":"purchasable","18":"product-type-simple"},"_links":{"self":[{"href":"https:\/\/stylingagenten.com\/da\/wp-json\/wp\/v2\/product\/111529","targetHints":{"allow":["GET"]}}],"collection":[{"href":"https:\/\/stylingagenten.com\/da\/wp-json\/wp\/v2\/product"}],"about":[{"href":"https:\/\/stylingagenten.com\/da\/wp-json\/wp\/v2\/types\/product"}],"replies":[{"embeddable":true,"href":"https:\/\/stylingagenten.com\/da\/wp-json\/wp\/v2\/comments?post=111529"}],"version-history":[{"count":0,"href":"https:\/\/stylingagenten.com\/da\/wp-json\/wp\/v2\/product\/111529\/revisions"}],"wp:featuredmedia":[{"embeddable":true,"href":"https:\/\/stylingagenten.com\/da\/wp-json\/wp\/v2\/media\/111501"}],"wp:attachment":[{"href":"https:\/\/stylingagenten.com\/da\/wp-json\/wp\/v2\/media?parent=111529"}],"wp:term":[{"taxonomy":"product_brand","embeddable":true,"href":"https:\/\/stylingagenten.com\/da\/wp-json\/wp\/v2\/product_brand?post=111529"},{"taxonomy":"product_cat","embeddable":true,"href":"https:\/\/stylingagenten.com\/da\/wp-json\/wp\/v2\/product_cat?post=111529"},{"taxonomy":"product_tag","embeddable":true,"href":"https:\/\/stylingagenten.com\/da\/wp-json\/wp\/v2\/product_tag?post=111529"},{"taxonomy":"berocket_brand","embeddable":true,"href":"https:\/\/stylingagenten.com\/da\/wp-json\/wp\/v2\/berocket_brand?post=111529"}],"curies":[{"name":"wp","href":"https:\/\/api.w.org\/{rel}","templated":true}]}}