{"id":111510,"date":"2025-05-18T20:56:03","date_gmt":"2025-05-18T20:56:03","guid":{"rendered":"https:\/\/staging2.stylingagenten.com\/da\/produkt\/creed-erolfa-edp-100ml\/"},"modified":"2026-03-11T22:06:51","modified_gmt":"2026-03-11T22:06:51","slug":"creed-erolfa-edp-100ml","status":"publish","type":"product","link":"https:\/\/stylingagenten.com\/da\/produkt\/creed-erolfa-edp-100ml\/","title":{"rendered":"Creed Erolfa Edp 100ml"},"content":{"rendered":"<p>Creed Erolfa Edp er en frisk og alsidig duft, der kan bruges fra morgen til aften. Bergamot, mandarin og basilikum v\u00e6kker sanserne, mens sandeltr\u00e6, cedertr\u00e6 og moskus danner basenoterne i denne friske, blomstrede duft. Denne duft er lige s\u00e5 forfriskende som beroligende og passer til alle \u00e5rstider.<\/p>\n<p>Topnoter: Kommen, Lime, Melon, Gr\u00f8nne noter, Viol, Bergamot og Citron.<br \/>\n<br \/>Hjertenoter: Cyclamen, Fyr, Ingef\u00e6r, Peber, Jasmin, Muskatn\u00f8d og Gr\u00f8nne noter.<br \/>\n<br \/>Basenoter: Sandeltr\u00e6, Moskus, Egemose, Cedertr\u00e6 og Amber.<\/p>\n<p>100ml<\/p>\n","protected":false},"excerpt":{"rendered":"<p>Creed Erolfa Edp er en frisk og alsidig duft, der kan bruges fra morgen til aften. Bergamot, mandarin og basilikum v\u00e6kker sanserne, mens sandeltr\u00e6, cedertr\u00e6 og moskus danner basenoterne i denne friske, blomstrede duft. Denne duft er lige s\u00e5 forfriskende som beroligende og passer til alle \u00e5rstider. Topnoter: Kommen, Lime, Melon, Gr\u00f8nne noter, Viol, Bergamot [&hellip;]<\/p>\n","protected":false},"featured_media":111500,"comment_status":"open","ping_status":"closed","template":"","meta":{"_trash_the_other_posts":false},"product_brand":[],"product_cat":[708,735,1000],"product_tag":[],"berocket_brand":[1236],"class_list":{"0":"post-111510","1":"product","2":"type-product","3":"status-publish","4":"has-post-thumbnail","6":"product_cat-eau-de-parfum-gentr","7":"product_cat-kampagne","8":"product_cat-kampagnetilbud-til-ham","9":"pa_brand-creed","10":"berocket_brand-creed","12":"first","13":"instock","14":"sale","15":"taxable","16":"shipping-taxable","17":"purchasable","18":"product-type-simple"},"_links":{"self":[{"href":"https:\/\/stylingagenten.com\/da\/wp-json\/wp\/v2\/product\/111510","targetHints":{"allow":["GET"]}}],"collection":[{"href":"https:\/\/stylingagenten.com\/da\/wp-json\/wp\/v2\/product"}],"about":[{"href":"https:\/\/stylingagenten.com\/da\/wp-json\/wp\/v2\/types\/product"}],"replies":[{"embeddable":true,"href":"https:\/\/stylingagenten.com\/da\/wp-json\/wp\/v2\/comments?post=111510"}],"version-history":[{"count":0,"href":"https:\/\/stylingagenten.com\/da\/wp-json\/wp\/v2\/product\/111510\/revisions"}],"wp:featuredmedia":[{"embeddable":true,"href":"https:\/\/stylingagenten.com\/da\/wp-json\/wp\/v2\/media\/111500"}],"wp:attachment":[{"href":"https:\/\/stylingagenten.com\/da\/wp-json\/wp\/v2\/media?parent=111510"}],"wp:term":[{"taxonomy":"product_brand","embeddable":true,"href":"https:\/\/stylingagenten.com\/da\/wp-json\/wp\/v2\/product_brand?post=111510"},{"taxonomy":"product_cat","embeddable":true,"href":"https:\/\/stylingagenten.com\/da\/wp-json\/wp\/v2\/product_cat?post=111510"},{"taxonomy":"product_tag","embeddable":true,"href":"https:\/\/stylingagenten.com\/da\/wp-json\/wp\/v2\/product_tag?post=111510"},{"taxonomy":"berocket_brand","embeddable":true,"href":"https:\/\/stylingagenten.com\/da\/wp-json\/wp\/v2\/berocket_brand?post=111510"}],"curies":[{"name":"wp","href":"https:\/\/api.w.org\/{rel}","templated":true}]}}