{"id":111497,"date":"2025-05-18T20:56:02","date_gmt":"2025-05-18T20:56:02","guid":{"rendered":"https:\/\/staging2.stylingagenten.com\/da\/produkt\/hugo-boss-boss-bottled-edp-100ml\/"},"modified":"2026-03-11T22:05:47","modified_gmt":"2026-03-11T22:05:47","slug":"hugo-boss-boss-bottled-edp-100ml","status":"publish","type":"product","link":"https:\/\/stylingagenten.com\/da\/produkt\/hugo-boss-boss-bottled-edp-100ml\/","title":{"rendered":"Hugo Boss Boss Bottled Edp 100ml"},"content":{"rendered":"<p>En intens og elegant maskulinitet gemmer sig i BOSS Bottled Eau de Parfum for Men. Denne \u00e6dle komposition, skabt til m\u00e5lrettede og ambiti\u00f8se m\u00e6nd, der er klar til at tage enhver udfordring op, tilf\u00f8rer ny intensitet til den varme og livlighed, der kendetegner den tidl\u00f8se BOSS Bottled. En eksplosion af \u00e6ble og bergamot kombineret med sort peberessens v\u00e6kker sanserne til live. Derefter udvikler den krydrede hjertenote sig med varme og vanedannende kardemomme- og kanelolier. M\u00f8rk vetiver og musk dominerer basen, der langsomt overtager og udstr\u00e5ler en kraftfuld balance mellem styrke og sofistikeret forfinelse, samtidig med at den tilf\u00f8jer en r\u00f8get og l\u00e6deragtig signatur.<\/p>\n<p>Topnoter: Bergamot, \u00c6ble &amp; Sort Peber<br \/>Hjertenoter: Kardemomme, Kanel &amp; Salvie<br \/>Basnoter: Vetiver, Musk &amp; Oliventr\u00e6<\/p>\n<p>100ml<\/p>\n","protected":false},"excerpt":{"rendered":"<p>En intens og elegant maskulinitet gemmer sig i BOSS Bottled Eau de Parfum for Men. Denne \u00e6dle komposition, skabt til m\u00e5lrettede og ambiti\u00f8se m\u00e6nd, der er klar til at tage enhver udfordring op, tilf\u00f8rer ny intensitet til den varme og livlighed, der kendetegner den tidl\u00f8se BOSS Bottled. En eksplosion af \u00e6ble og bergamot kombineret med [&hellip;]<\/p>\n","protected":false},"featured_media":111463,"comment_status":"open","ping_status":"closed","template":"","meta":{"_trash_the_other_posts":false},"product_brand":[],"product_cat":[708,735,1000],"product_tag":[2971],"berocket_brand":[1339],"class_list":{"0":"post-111497","1":"product","2":"type-product","3":"status-publish","4":"has-post-thumbnail","6":"product_cat-eau-de-parfum-gentr","7":"product_cat-kampagne","8":"product_cat-kampagnetilbud-til-ham","9":"product_tag-hugo-boss-boss-bottled-edp","10":"pa_brand-hugo-boss","11":"pa_variant-100ml","12":"berocket_brand-hugo-boss","14":"first","15":"instock","16":"sale","17":"taxable","18":"shipping-taxable","19":"purchasable","20":"product-type-simple"},"_links":{"self":[{"href":"https:\/\/stylingagenten.com\/da\/wp-json\/wp\/v2\/product\/111497","targetHints":{"allow":["GET"]}}],"collection":[{"href":"https:\/\/stylingagenten.com\/da\/wp-json\/wp\/v2\/product"}],"about":[{"href":"https:\/\/stylingagenten.com\/da\/wp-json\/wp\/v2\/types\/product"}],"replies":[{"embeddable":true,"href":"https:\/\/stylingagenten.com\/da\/wp-json\/wp\/v2\/comments?post=111497"}],"version-history":[{"count":0,"href":"https:\/\/stylingagenten.com\/da\/wp-json\/wp\/v2\/product\/111497\/revisions"}],"wp:featuredmedia":[{"embeddable":true,"href":"https:\/\/stylingagenten.com\/da\/wp-json\/wp\/v2\/media\/111463"}],"wp:attachment":[{"href":"https:\/\/stylingagenten.com\/da\/wp-json\/wp\/v2\/media?parent=111497"}],"wp:term":[{"taxonomy":"product_brand","embeddable":true,"href":"https:\/\/stylingagenten.com\/da\/wp-json\/wp\/v2\/product_brand?post=111497"},{"taxonomy":"product_cat","embeddable":true,"href":"https:\/\/stylingagenten.com\/da\/wp-json\/wp\/v2\/product_cat?post=111497"},{"taxonomy":"product_tag","embeddable":true,"href":"https:\/\/stylingagenten.com\/da\/wp-json\/wp\/v2\/product_tag?post=111497"},{"taxonomy":"berocket_brand","embeddable":true,"href":"https:\/\/stylingagenten.com\/da\/wp-json\/wp\/v2\/berocket_brand?post=111497"}],"curies":[{"name":"wp","href":"https:\/\/api.w.org\/{rel}","templated":true}]}}