{"id":111495,"date":"2025-05-18T20:56:02","date_gmt":"2025-05-18T20:56:02","guid":{"rendered":"https:\/\/staging2.stylingagenten.com\/da\/produkt\/cristiano-ronaldo-cr7-edt-100ml\/"},"modified":"2026-04-05T02:38:29","modified_gmt":"2026-04-05T02:38:29","slug":"cristiano-ronaldo-cr7-edt-100ml","status":"publish","type":"product","link":"https:\/\/stylingagenten.com\/da\/produkt\/cristiano-ronaldo-cr7-edt-100ml\/","title":{"rendered":"Cristiano Ronaldo CR7 Edt 100ml"},"content":{"rendered":"<p>Cristiano Ronaldo CR7 Edt er en klassisk herreduft med en varm, tr\u00e6agtig duft fra Cristiano Ronaldo, som i mods\u00e6tning til tidligere lanceringer har hentet inspiration fra stjernens fodboldkarriere. Nummer 7 er tr\u00f8jenummeret for Real Madrid. CR7 EdT er ogs\u00e5 navnet p\u00e5 Cristiano Ronaldos sportsm\u00e6rke, som nu ogs\u00e5 inkluderer et hotelkompleks. Det \u00e5bner friskt og udvikler sig til en krydret, varm duft med s\u00f8de undertoner.<\/p>\n<p>Topnoter: Artemisia, Bergamot, Kardemomme, Lavendel<\/p>\n<p>Hjertenoter: Ceder, Iris, Kanel, Tobak<\/p>\n<p>Basnoter: Amber, Musk, Sandeltr\u00e6, Vanilje<\/p>\n<p>100 ml<\/p>\n","protected":false},"excerpt":{"rendered":"<p>Cristiano Ronaldo CR7 Edt er en klassisk herreduft med en varm, tr\u00e6agtig duft fra Cristiano Ronaldo, som i mods\u00e6tning til tidligere lanceringer har hentet inspiration fra stjernens fodboldkarriere. Nummer 7 er tr\u00f8jenummeret for Real Madrid. CR7 EdT er ogs\u00e5 navnet p\u00e5 Cristiano Ronaldos sportsm\u00e6rke, som nu ogs\u00e5 inkluderer et hotelkompleks. Det \u00e5bner friskt og udvikler [&hellip;]<\/p>\n","protected":false},"featured_media":111480,"comment_status":"open","ping_status":"closed","template":"","meta":{"_trash_the_other_posts":false},"product_brand":[],"product_cat":[709,735,1000],"product_tag":[2748],"berocket_brand":[1141],"class_list":{"0":"post-111495","1":"product","2":"type-product","3":"status-publish","4":"has-post-thumbnail","6":"product_cat-eau-de-toilette-mr","7":"product_cat-kampagne","8":"product_cat-kampagnetilbud-til-ham","9":"product_tag-cristiano-ronaldo-cr7-edt","10":"pa_brand-cristiano-ronaldo","11":"pa_variant-100ml","12":"berocket_brand-cristiano-ronaldo","14":"first","15":"instock","16":"sale","17":"taxable","18":"shipping-taxable","19":"purchasable","20":"product-type-simple"},"_links":{"self":[{"href":"https:\/\/stylingagenten.com\/da\/wp-json\/wp\/v2\/product\/111495","targetHints":{"allow":["GET"]}}],"collection":[{"href":"https:\/\/stylingagenten.com\/da\/wp-json\/wp\/v2\/product"}],"about":[{"href":"https:\/\/stylingagenten.com\/da\/wp-json\/wp\/v2\/types\/product"}],"replies":[{"embeddable":true,"href":"https:\/\/stylingagenten.com\/da\/wp-json\/wp\/v2\/comments?post=111495"}],"version-history":[{"count":0,"href":"https:\/\/stylingagenten.com\/da\/wp-json\/wp\/v2\/product\/111495\/revisions"}],"wp:featuredmedia":[{"embeddable":true,"href":"https:\/\/stylingagenten.com\/da\/wp-json\/wp\/v2\/media\/111480"}],"wp:attachment":[{"href":"https:\/\/stylingagenten.com\/da\/wp-json\/wp\/v2\/media?parent=111495"}],"wp:term":[{"taxonomy":"product_brand","embeddable":true,"href":"https:\/\/stylingagenten.com\/da\/wp-json\/wp\/v2\/product_brand?post=111495"},{"taxonomy":"product_cat","embeddable":true,"href":"https:\/\/stylingagenten.com\/da\/wp-json\/wp\/v2\/product_cat?post=111495"},{"taxonomy":"product_tag","embeddable":true,"href":"https:\/\/stylingagenten.com\/da\/wp-json\/wp\/v2\/product_tag?post=111495"},{"taxonomy":"berocket_brand","embeddable":true,"href":"https:\/\/stylingagenten.com\/da\/wp-json\/wp\/v2\/berocket_brand?post=111495"}],"curies":[{"name":"wp","href":"https:\/\/api.w.org\/{rel}","templated":true}]}}