{"id":111450,"date":"2025-05-18T20:55:57","date_gmt":"2025-05-18T20:55:57","guid":{"rendered":"https:\/\/staging2.stylingagenten.com\/da\/produkt\/burberry-weekend-edt-50ml\/"},"modified":"2026-03-11T21:57:25","modified_gmt":"2026-03-11T21:57:25","slug":"burberry-weekend-edt-50ml","status":"publish","type":"product","link":"https:\/\/stylingagenten.com\/da\/produkt\/burberry-weekend-edt-50ml\/","title":{"rendered":"Burberry Weekend Edt 50ml"},"content":{"rendered":"<p>Glem hverdagens bekymringer og nyd afslapning og frihed. Burberry Weekend for Men Eau de Toilette giver dig forfriskende velv\u00e6re og optimisme hver dag.<\/p>\n<p>F\u00f8rst vil du opleve en opfriskning med en citruseksplosion af grapefrugt, bergamot, mandarin og citron, blandet med vandmelon og ananas. Efter denne frugtcocktail m\u00f8der du en unik kombination af varmt sandeltr\u00e6, let ef\u00f8y og maskulin egmosse. Du vil ogs\u00e5 m\u00e6rke dybe og f\u00e6ngslende noter af delikat honning, amber og forf\u00f8rende moskus.<\/p>\n<p>Topnoter: Bergamot, Citron, Ananas, Mandarin, Melon, Grapefrugt<\/p>\n<p>Hjertenoter: Ef\u00f8y, Sl\u00e5nb\u00e6r, Sandeltr\u00e6<\/p>\n<p>Basenoter: Moskus, Amber, Honning<\/p>\n<p>50 ml<\/p>\n","protected":false},"excerpt":{"rendered":"<p>Glem hverdagens bekymringer og nyd afslapning og frihed. Burberry Weekend for Men Eau de Toilette giver dig forfriskende velv\u00e6re og optimisme hver dag. F\u00f8rst vil du opleve en opfriskning med en citruseksplosion af grapefrugt, bergamot, mandarin og citron, blandet med vandmelon og ananas. Efter denne frugtcocktail m\u00f8der du en unik kombination af varmt sandeltr\u00e6, let [&hellip;]<\/p>\n","protected":false},"featured_media":111442,"comment_status":"open","ping_status":"closed","template":"","meta":{"_trash_the_other_posts":false},"product_brand":[],"product_cat":[709,735,1000],"product_tag":[],"berocket_brand":[1017],"class_list":{"0":"post-111450","1":"product","2":"type-product","3":"status-publish","4":"has-post-thumbnail","6":"product_cat-eau-de-toilette-mr","7":"product_cat-kampagne","8":"product_cat-kampagnetilbud-til-ham","9":"pa_brand-burberry","10":"berocket_brand-burberry","12":"first","13":"instock","14":"sale","15":"taxable","16":"shipping-taxable","17":"purchasable","18":"product-type-simple"},"_links":{"self":[{"href":"https:\/\/stylingagenten.com\/da\/wp-json\/wp\/v2\/product\/111450","targetHints":{"allow":["GET"]}}],"collection":[{"href":"https:\/\/stylingagenten.com\/da\/wp-json\/wp\/v2\/product"}],"about":[{"href":"https:\/\/stylingagenten.com\/da\/wp-json\/wp\/v2\/types\/product"}],"replies":[{"embeddable":true,"href":"https:\/\/stylingagenten.com\/da\/wp-json\/wp\/v2\/comments?post=111450"}],"version-history":[{"count":0,"href":"https:\/\/stylingagenten.com\/da\/wp-json\/wp\/v2\/product\/111450\/revisions"}],"wp:featuredmedia":[{"embeddable":true,"href":"https:\/\/stylingagenten.com\/da\/wp-json\/wp\/v2\/media\/111442"}],"wp:attachment":[{"href":"https:\/\/stylingagenten.com\/da\/wp-json\/wp\/v2\/media?parent=111450"}],"wp:term":[{"taxonomy":"product_brand","embeddable":true,"href":"https:\/\/stylingagenten.com\/da\/wp-json\/wp\/v2\/product_brand?post=111450"},{"taxonomy":"product_cat","embeddable":true,"href":"https:\/\/stylingagenten.com\/da\/wp-json\/wp\/v2\/product_cat?post=111450"},{"taxonomy":"product_tag","embeddable":true,"href":"https:\/\/stylingagenten.com\/da\/wp-json\/wp\/v2\/product_tag?post=111450"},{"taxonomy":"berocket_brand","embeddable":true,"href":"https:\/\/stylingagenten.com\/da\/wp-json\/wp\/v2\/berocket_brand?post=111450"}],"curies":[{"name":"wp","href":"https:\/\/api.w.org\/{rel}","templated":true}]}}