{"id":111439,"date":"2025-05-18T20:55:56","date_gmt":"2025-05-18T20:55:56","guid":{"rendered":"https:\/\/staging2.stylingagenten.com\/da\/produkt\/gucci-guilty-pour-homme-edp-150ml\/"},"modified":"2026-04-14T02:08:36","modified_gmt":"2026-04-14T02:08:36","slug":"gucci-guilty-pour-homme-edp-150ml","status":"publish","type":"product","link":"https:\/\/stylingagenten.com\/da\/produkt\/gucci-guilty-pour-homme-edp-150ml\/","title":{"rendered":"Gucci Guilty Pour Homme Edp 150ml"},"content":{"rendered":"<p>Gucci Guilty Pour Homme Eau de Parfum er en f\u00e6ngslende og overraskende duft, skabt til at provokere, med aromatiske noter af tr\u00e6 og krydderier.<\/p>\n<p>En nyfortolkning af to klassiske ingredienser, der var popul\u00e6re i 1970&#8217;erne, rose og chilipeber, erstatter originalduftens topnoter af ros\u00e9peber og italiensk citron, hvilket skaber en uventet og forfriskende retrof\u00f8lelse. Den varme, krydrede duft af r\u00f8d chilipeber st\u00e5r i kontrast til den bitre, aromatiske friskhed af eddike og salt, hvilket tilf\u00f8jer en uventet drejning. Neroli, fransk lavendel og appelsinblomst-absolut udvikler hjertenoterne og giver et st\u00e6rkere, mere intenst maskulint udtryk. Duften afrundes med en fyldig og sensuel base af patchouli og cedertr\u00e6.<\/p>\n<p>Topnoter: Rose &amp; chilipeber<br \/>Hjertenoter: Neroli, lavendel &amp; appelsinblomst-absolut<br \/>Basenoter: Patchouli &amp; cedertr\u00e6<\/p>\n<p>150 ml<\/p>\n","protected":false},"excerpt":{"rendered":"<p>Gucci Guilty Pour Homme Eau de Parfum er en f\u00e6ngslende og overraskende duft, skabt til at provokere, med aromatiske noter af tr\u00e6 og krydderier. En nyfortolkning af to klassiske ingredienser, der var popul\u00e6re i 1970&#8217;erne, rose og chilipeber, erstatter originalduftens topnoter af ros\u00e9peber og italiensk citron, hvilket skaber en uventet og forfriskende retrof\u00f8lelse. Den varme, [&hellip;]<\/p>\n","protected":false},"featured_media":111420,"comment_status":"open","ping_status":"closed","template":"","meta":{"_trash_the_other_posts":false},"product_brand":[],"product_cat":[708,735,1000],"product_tag":[2943],"berocket_brand":[1329],"class_list":{"0":"post-111439","1":"product","2":"type-product","3":"status-publish","4":"has-post-thumbnail","6":"product_cat-eau-de-parfum-gentr","7":"product_cat-kampagne","8":"product_cat-kampagnetilbud-til-ham","9":"product_tag-gucci-guilty-pour-homme-edp","10":"pa_brand-gucci","11":"pa_variant-150ml","12":"berocket_brand-gucci","14":"first","15":"outofstock","16":"sale","17":"taxable","18":"shipping-taxable","19":"purchasable","20":"product-type-simple"},"_links":{"self":[{"href":"https:\/\/stylingagenten.com\/da\/wp-json\/wp\/v2\/product\/111439","targetHints":{"allow":["GET"]}}],"collection":[{"href":"https:\/\/stylingagenten.com\/da\/wp-json\/wp\/v2\/product"}],"about":[{"href":"https:\/\/stylingagenten.com\/da\/wp-json\/wp\/v2\/types\/product"}],"replies":[{"embeddable":true,"href":"https:\/\/stylingagenten.com\/da\/wp-json\/wp\/v2\/comments?post=111439"}],"version-history":[{"count":1,"href":"https:\/\/stylingagenten.com\/da\/wp-json\/wp\/v2\/product\/111439\/revisions"}],"predecessor-version":[{"id":2000652,"href":"https:\/\/stylingagenten.com\/da\/wp-json\/wp\/v2\/product\/111439\/revisions\/2000652"}],"wp:featuredmedia":[{"embeddable":true,"href":"https:\/\/stylingagenten.com\/da\/wp-json\/wp\/v2\/media\/111420"}],"wp:attachment":[{"href":"https:\/\/stylingagenten.com\/da\/wp-json\/wp\/v2\/media?parent=111439"}],"wp:term":[{"taxonomy":"product_brand","embeddable":true,"href":"https:\/\/stylingagenten.com\/da\/wp-json\/wp\/v2\/product_brand?post=111439"},{"taxonomy":"product_cat","embeddable":true,"href":"https:\/\/stylingagenten.com\/da\/wp-json\/wp\/v2\/product_cat?post=111439"},{"taxonomy":"product_tag","embeddable":true,"href":"https:\/\/stylingagenten.com\/da\/wp-json\/wp\/v2\/product_tag?post=111439"},{"taxonomy":"berocket_brand","embeddable":true,"href":"https:\/\/stylingagenten.com\/da\/wp-json\/wp\/v2\/berocket_brand?post=111439"}],"curies":[{"name":"wp","href":"https:\/\/api.w.org\/{rel}","templated":true}]}}