{"id":111436,"date":"2025-05-18T20:55:55","date_gmt":"2025-05-18T20:55:55","guid":{"rendered":"https:\/\/staging2.stylingagenten.com\/da\/produkt\/david-beckham-beyond-edt-90ml\/"},"modified":"2025-11-19T10:55:28","modified_gmt":"2025-11-19T10:55:28","slug":"david-beckham-beyond-edt-90ml","status":"publish","type":"product","link":"https:\/\/stylingagenten.com\/da\/produkt\/david-beckham-beyond-edt-90ml\/","title":{"rendered":"David Beckham Beyond Edt 90ml"},"content":{"rendered":"<p>David Beckham Beyond er en sensuel og udfordrende duft. Duften er fed og forfriskende med en krydret og maskulin nuance.<\/p>\n<p><strong>Duftnoter:&nbsp;<\/strong>Tr\u00e6, krydderier, mojito, kardemomme, grapefrugt, cedertr\u00e6, geranium , sort peber<strong>,&nbsp;<\/strong>vanilje, l\u00e6der og patchouli.<\/p>\n","protected":false},"excerpt":{"rendered":"<p>David Beckham Beyond er en sensuel og udfordrende duft. Duften er fed og forfriskende med en krydret og maskulin nuance. Duftnoter:&nbsp;Tr\u00e6, krydderier, mojito, kardemomme, grapefrugt, cedertr\u00e6, geranium , sort peber,&nbsp;vanilje, l\u00e6der og patchouli.<\/p>\n","protected":false},"featured_media":111419,"comment_status":"open","ping_status":"closed","template":"","meta":{"_trash_the_other_posts":false},"product_brand":[],"product_cat":[1003,818,709],"product_tag":[2764],"berocket_brand":[1281],"class_list":{"0":"post-111436","1":"product","2":"type-product","3":"status-publish","4":"has-post-thumbnail","6":"product_cat-bestsellere","7":"product_cat-david-beckham-beyond","8":"product_cat-eau-de-toilette-mr","9":"product_tag-david-beckham-beyond-edt","10":"pa_brand-david-beckham","11":"pa_variant-90ml","12":"berocket_brand-david-beckham","14":"first","15":"outofstock","16":"sale","17":"taxable","18":"shipping-taxable","19":"purchasable","20":"product-type-simple"},"_links":{"self":[{"href":"https:\/\/stylingagenten.com\/da\/wp-json\/wp\/v2\/product\/111436","targetHints":{"allow":["GET"]}}],"collection":[{"href":"https:\/\/stylingagenten.com\/da\/wp-json\/wp\/v2\/product"}],"about":[{"href":"https:\/\/stylingagenten.com\/da\/wp-json\/wp\/v2\/types\/product"}],"replies":[{"embeddable":true,"href":"https:\/\/stylingagenten.com\/da\/wp-json\/wp\/v2\/comments?post=111436"}],"version-history":[{"count":0,"href":"https:\/\/stylingagenten.com\/da\/wp-json\/wp\/v2\/product\/111436\/revisions"}],"wp:featuredmedia":[{"embeddable":true,"href":"https:\/\/stylingagenten.com\/da\/wp-json\/wp\/v2\/media\/111419"}],"wp:attachment":[{"href":"https:\/\/stylingagenten.com\/da\/wp-json\/wp\/v2\/media?parent=111436"}],"wp:term":[{"taxonomy":"product_brand","embeddable":true,"href":"https:\/\/stylingagenten.com\/da\/wp-json\/wp\/v2\/product_brand?post=111436"},{"taxonomy":"product_cat","embeddable":true,"href":"https:\/\/stylingagenten.com\/da\/wp-json\/wp\/v2\/product_cat?post=111436"},{"taxonomy":"product_tag","embeddable":true,"href":"https:\/\/stylingagenten.com\/da\/wp-json\/wp\/v2\/product_tag?post=111436"},{"taxonomy":"berocket_brand","embeddable":true,"href":"https:\/\/stylingagenten.com\/da\/wp-json\/wp\/v2\/berocket_brand?post=111436"}],"curies":[{"name":"wp","href":"https:\/\/api.w.org\/{rel}","templated":true}]}}