{"id":111427,"date":"2025-05-18T20:55:54","date_gmt":"2025-05-18T20:55:54","guid":{"rendered":"https:\/\/staging2.stylingagenten.com\/da\/produkt\/milano-man-edt-50ml\/"},"modified":"2026-04-08T18:48:58","modified_gmt":"2026-04-08T18:48:58","slug":"milano-man-edt-50ml","status":"publish","type":"product","link":"https:\/\/stylingagenten.com\/da\/produkt\/milano-man-edt-50ml\/","title":{"rendered":"Milano Man Edt 50ml"},"content":{"rendered":"<p>Milano Man Edt \u00e5bner med friske noter af grapefrugt, mandarin og marine akkorder, som leder til et elegant hjerte af laurb\u00e6r og jasmin. Til sidst en sl\u00e5ende kombination af guajaktr\u00e6, egetr\u00e6smoss, patchouli og amber.<\/p>\n<p>50ml<\/p>\n","protected":false},"excerpt":{"rendered":"<p>Milano Man Edt \u00e5bner med friske noter af grapefrugt, mandarin og marine akkorder, som leder til et elegant hjerte af laurb\u00e6r og jasmin. Til sidst en sl\u00e5ende kombination af guajaktr\u00e6, egetr\u00e6smoss, patchouli og amber. 50ml<\/p>\n","protected":false},"featured_media":111412,"comment_status":"open","ping_status":"closed","template":"","meta":{"_trash_the_other_posts":false},"product_brand":[],"product_cat":[709,735,1000],"product_tag":[],"berocket_brand":[1993],"class_list":{"0":"post-111427","1":"product","2":"type-product","3":"status-publish","4":"has-post-thumbnail","6":"product_cat-eau-de-toilette-mr","7":"product_cat-kampagne","8":"product_cat-kampagnetilbud-til-ham","9":"pa_brand-milano","10":"berocket_brand-milano","12":"first","13":"instock","14":"sale","15":"taxable","16":"shipping-taxable","17":"purchasable","18":"product-type-simple"},"_links":{"self":[{"href":"https:\/\/stylingagenten.com\/da\/wp-json\/wp\/v2\/product\/111427","targetHints":{"allow":["GET"]}}],"collection":[{"href":"https:\/\/stylingagenten.com\/da\/wp-json\/wp\/v2\/product"}],"about":[{"href":"https:\/\/stylingagenten.com\/da\/wp-json\/wp\/v2\/types\/product"}],"replies":[{"embeddable":true,"href":"https:\/\/stylingagenten.com\/da\/wp-json\/wp\/v2\/comments?post=111427"}],"version-history":[{"count":0,"href":"https:\/\/stylingagenten.com\/da\/wp-json\/wp\/v2\/product\/111427\/revisions"}],"wp:featuredmedia":[{"embeddable":true,"href":"https:\/\/stylingagenten.com\/da\/wp-json\/wp\/v2\/media\/111412"}],"wp:attachment":[{"href":"https:\/\/stylingagenten.com\/da\/wp-json\/wp\/v2\/media?parent=111427"}],"wp:term":[{"taxonomy":"product_brand","embeddable":true,"href":"https:\/\/stylingagenten.com\/da\/wp-json\/wp\/v2\/product_brand?post=111427"},{"taxonomy":"product_cat","embeddable":true,"href":"https:\/\/stylingagenten.com\/da\/wp-json\/wp\/v2\/product_cat?post=111427"},{"taxonomy":"product_tag","embeddable":true,"href":"https:\/\/stylingagenten.com\/da\/wp-json\/wp\/v2\/product_tag?post=111427"},{"taxonomy":"berocket_brand","embeddable":true,"href":"https:\/\/stylingagenten.com\/da\/wp-json\/wp\/v2\/berocket_brand?post=111427"}],"curies":[{"name":"wp","href":"https:\/\/api.w.org\/{rel}","templated":true}]}}