{"id":111417,"date":"2025-05-18T20:55:53","date_gmt":"2025-05-18T20:55:53","guid":{"rendered":"https:\/\/staging2.stylingagenten.com\/da\/produkt\/milano-man-wealth-edt-50ml\/"},"modified":"2026-04-13T19:38:34","modified_gmt":"2026-04-13T19:38:34","slug":"milano-man-wealth-edt-50ml","status":"publish","type":"product","link":"https:\/\/stylingagenten.com\/da\/produkt\/milano-man-wealth-edt-50ml\/","title":{"rendered":"Milano Man Wealth Edt 50ml"},"content":{"rendered":"<p>Milano Man Wealth Edt 50ml er en tr\u00e6agtig krydret duft.<\/p>\n<p>Topnoter: Blodmandarin, Grapefrugt, Mynte<br \/>Hjertenoter: Kanel, Krydrede noter, Rose<br \/>Basenoter: Amber, L\u00e6der, Tr\u00e6, Patchouli<\/p>\n<p>50ml<\/p>\n","protected":false},"excerpt":{"rendered":"<p>Milano Man Wealth Edt 50ml er en tr\u00e6agtig krydret duft. Topnoter: Blodmandarin, Grapefrugt, MynteHjertenoter: Kanel, Krydrede noter, RoseBasenoter: Amber, L\u00e6der, Tr\u00e6, Patchouli 50ml<\/p>\n","protected":false},"featured_media":111413,"comment_status":"open","ping_status":"closed","template":"","meta":{"_trash_the_other_posts":false},"product_brand":[],"product_cat":[709,735,1000],"product_tag":[],"berocket_brand":[1993],"class_list":{"0":"post-111417","1":"product","2":"type-product","3":"status-publish","4":"has-post-thumbnail","6":"product_cat-eau-de-toilette-mr","7":"product_cat-kampagne","8":"product_cat-kampagnetilbud-til-ham","9":"pa_brand-milano","10":"berocket_brand-milano","12":"first","13":"instock","14":"sale","15":"taxable","16":"shipping-taxable","17":"purchasable","18":"product-type-simple"},"_links":{"self":[{"href":"https:\/\/stylingagenten.com\/da\/wp-json\/wp\/v2\/product\/111417","targetHints":{"allow":["GET"]}}],"collection":[{"href":"https:\/\/stylingagenten.com\/da\/wp-json\/wp\/v2\/product"}],"about":[{"href":"https:\/\/stylingagenten.com\/da\/wp-json\/wp\/v2\/types\/product"}],"replies":[{"embeddable":true,"href":"https:\/\/stylingagenten.com\/da\/wp-json\/wp\/v2\/comments?post=111417"}],"version-history":[{"count":0,"href":"https:\/\/stylingagenten.com\/da\/wp-json\/wp\/v2\/product\/111417\/revisions"}],"wp:featuredmedia":[{"embeddable":true,"href":"https:\/\/stylingagenten.com\/da\/wp-json\/wp\/v2\/media\/111413"}],"wp:attachment":[{"href":"https:\/\/stylingagenten.com\/da\/wp-json\/wp\/v2\/media?parent=111417"}],"wp:term":[{"taxonomy":"product_brand","embeddable":true,"href":"https:\/\/stylingagenten.com\/da\/wp-json\/wp\/v2\/product_brand?post=111417"},{"taxonomy":"product_cat","embeddable":true,"href":"https:\/\/stylingagenten.com\/da\/wp-json\/wp\/v2\/product_cat?post=111417"},{"taxonomy":"product_tag","embeddable":true,"href":"https:\/\/stylingagenten.com\/da\/wp-json\/wp\/v2\/product_tag?post=111417"},{"taxonomy":"berocket_brand","embeddable":true,"href":"https:\/\/stylingagenten.com\/da\/wp-json\/wp\/v2\/berocket_brand?post=111417"}],"curies":[{"name":"wp","href":"https:\/\/api.w.org\/{rel}","templated":true}]}}