{"id":111400,"date":"2025-05-18T20:55:49","date_gmt":"2025-05-18T20:55:49","guid":{"rendered":"https:\/\/staging2.stylingagenten.com\/da\/produkt\/giftset-hugo-boss-bottled-edt-50ml-deospray-150ml\/"},"modified":"2026-03-11T22:05:46","modified_gmt":"2026-03-11T22:05:46","slug":"giftset-hugo-boss-bottled-edt-50ml-deospray-150ml","status":"publish","type":"product","link":"https:\/\/stylingagenten.com\/da\/produkt\/giftset-hugo-boss-bottled-edt-50ml-deospray-150ml\/","title":{"rendered":"Giftset Hugo Boss Bottled Edt 50ml + Deospray 150ml"},"content":{"rendered":"<p><strong>Indeholder:&nbsp;<\/strong><br \/>Hugo Boss Bottle Edt 50ml<br \/>Hugo Boss Bottle Deodorant Spray 150ml<\/p>\n<p>Hugo Boss Bottle er en frisk og sensuel duft med en blanding af \u00e6ble, krydderier og sensuelle tr\u00e6noter. En sand klassiker for den moderne mand.<\/p>\n<p><strong>Duftnoter:<\/strong> bergamot, \u00e6ble, kanel, tagetes, nelliker, cedertr\u00e6, sandeltr\u00e6, patchouli, rav, vetiver &amp; oliventr\u00e6.<\/p>\n","protected":false},"excerpt":{"rendered":"<p>Indeholder:&nbsp;Hugo Boss Bottle Edt 50mlHugo Boss Bottle Deodorant Spray 150ml Hugo Boss Bottle er en frisk og sensuel duft med en blanding af \u00e6ble, krydderier og sensuelle tr\u00e6noter. En sand klassiker for den moderne mand. Duftnoter: bergamot, \u00e6ble, kanel, tagetes, nelliker, cedertr\u00e6, sandeltr\u00e6, patchouli, rav, vetiver &amp; oliventr\u00e6.<\/p>\n","protected":false},"featured_media":111396,"comment_status":"open","ping_status":"closed","template":"","meta":{"_trash_the_other_posts":false},"product_brand":[],"product_cat":[1003,548,735,1000],"product_tag":[],"berocket_brand":[1339],"class_list":{"0":"post-111400","1":"product","2":"type-product","3":"status-publish","4":"has-post-thumbnail","6":"product_cat-bestsellere","7":"product_cat-gavesaet-parfume-maend","8":"product_cat-kampagne","9":"product_cat-kampagnetilbud-til-ham","10":"pa_brand-hugo-boss","11":"berocket_brand-hugo-boss","13":"first","14":"instock","15":"sale","16":"taxable","17":"shipping-taxable","18":"purchasable","19":"product-type-simple"},"_links":{"self":[{"href":"https:\/\/stylingagenten.com\/da\/wp-json\/wp\/v2\/product\/111400","targetHints":{"allow":["GET"]}}],"collection":[{"href":"https:\/\/stylingagenten.com\/da\/wp-json\/wp\/v2\/product"}],"about":[{"href":"https:\/\/stylingagenten.com\/da\/wp-json\/wp\/v2\/types\/product"}],"replies":[{"embeddable":true,"href":"https:\/\/stylingagenten.com\/da\/wp-json\/wp\/v2\/comments?post=111400"}],"version-history":[{"count":0,"href":"https:\/\/stylingagenten.com\/da\/wp-json\/wp\/v2\/product\/111400\/revisions"}],"wp:featuredmedia":[{"embeddable":true,"href":"https:\/\/stylingagenten.com\/da\/wp-json\/wp\/v2\/media\/111396"}],"wp:attachment":[{"href":"https:\/\/stylingagenten.com\/da\/wp-json\/wp\/v2\/media?parent=111400"}],"wp:term":[{"taxonomy":"product_brand","embeddable":true,"href":"https:\/\/stylingagenten.com\/da\/wp-json\/wp\/v2\/product_brand?post=111400"},{"taxonomy":"product_cat","embeddable":true,"href":"https:\/\/stylingagenten.com\/da\/wp-json\/wp\/v2\/product_cat?post=111400"},{"taxonomy":"product_tag","embeddable":true,"href":"https:\/\/stylingagenten.com\/da\/wp-json\/wp\/v2\/product_tag?post=111400"},{"taxonomy":"berocket_brand","embeddable":true,"href":"https:\/\/stylingagenten.com\/da\/wp-json\/wp\/v2\/berocket_brand?post=111400"}],"curies":[{"name":"wp","href":"https:\/\/api.w.org\/{rel}","templated":true}]}}