{"id":111377,"date":"2025-05-18T20:55:44","date_gmt":"2025-05-18T20:55:44","guid":{"rendered":"https:\/\/staging2.stylingagenten.com\/da\/produkt\/giftset-paco-rabanne-invictus-edt-100ml-all-over-shampoo-100ml\/"},"modified":"2026-03-11T22:06:45","modified_gmt":"2026-03-11T22:06:45","slug":"giftset-paco-rabanne-invictus-edt-100ml-all-over-shampoo-100ml","status":"publish","type":"product","link":"https:\/\/stylingagenten.com\/da\/produkt\/giftset-paco-rabanne-invictus-edt-100ml-all-over-shampoo-100ml\/","title":{"rendered":"Giftset Paco Rabanne Invictus Edt 100ml + All Over Shampoo 100ml"},"content":{"rendered":"<p>Gaves\u00e6t Paco Rabanne Invictus Edt 100ml + All Over Shampoo 100ml<br \/>Ind\u00e5nd duften af \u200b\u200bsejr med Invictus, den nye maskuline duft fra Paco Rabanne. Denne sensuelt friske duft s\u00e6tter et moderne bud p\u00e5 maskulinitet. Duften \u00e5bner med frisk grapefrugt, laurb\u00e6rblade og jasmin, der f\u00f8rer til en tr\u00e6agtig base af guaiac tr\u00e6, patchouli, egemos og ambra. En moderne parfume til enhver vinder, der gerne vil holde sig frisk hele dagen.<\/p>\n<p>Dette gaves\u00e6t indeholder:<br \/>\u2022Paco Rabanne Invictus Edt 100ml<br \/>\u2022Paco Rabanne All Over Shampoo 100ml<\/p>\n","protected":false},"excerpt":{"rendered":"<p>Gaves\u00e6t Paco Rabanne Invictus Edt 100ml + All Over Shampoo 100mlInd\u00e5nd duften af \u200b\u200bsejr med Invictus, den nye maskuline duft fra Paco Rabanne. Denne sensuelt friske duft s\u00e6tter et moderne bud p\u00e5 maskulinitet. Duften \u00e5bner med frisk grapefrugt, laurb\u00e6rblade og jasmin, der f\u00f8rer til en tr\u00e6agtig base af guaiac tr\u00e6, patchouli, egemos og ambra. En [&hellip;]<\/p>\n","protected":false},"featured_media":111374,"comment_status":"open","ping_status":"closed","template":"","meta":{"_trash_the_other_posts":false},"product_brand":[],"product_cat":[1003,548,735,1000],"product_tag":[],"berocket_brand":[1048],"class_list":{"0":"post-111377","1":"product","2":"type-product","3":"status-publish","4":"has-post-thumbnail","6":"product_cat-bestsellere","7":"product_cat-gavesaet-parfume-maend","8":"product_cat-kampagne","9":"product_cat-kampagnetilbud-til-ham","10":"pa_brand-paco-rabanne","11":"berocket_brand-paco-rabanne","13":"first","14":"instock","15":"sale","16":"taxable","17":"shipping-taxable","18":"purchasable","19":"product-type-simple"},"_links":{"self":[{"href":"https:\/\/stylingagenten.com\/da\/wp-json\/wp\/v2\/product\/111377","targetHints":{"allow":["GET"]}}],"collection":[{"href":"https:\/\/stylingagenten.com\/da\/wp-json\/wp\/v2\/product"}],"about":[{"href":"https:\/\/stylingagenten.com\/da\/wp-json\/wp\/v2\/types\/product"}],"replies":[{"embeddable":true,"href":"https:\/\/stylingagenten.com\/da\/wp-json\/wp\/v2\/comments?post=111377"}],"version-history":[{"count":0,"href":"https:\/\/stylingagenten.com\/da\/wp-json\/wp\/v2\/product\/111377\/revisions"}],"wp:featuredmedia":[{"embeddable":true,"href":"https:\/\/stylingagenten.com\/da\/wp-json\/wp\/v2\/media\/111374"}],"wp:attachment":[{"href":"https:\/\/stylingagenten.com\/da\/wp-json\/wp\/v2\/media?parent=111377"}],"wp:term":[{"taxonomy":"product_brand","embeddable":true,"href":"https:\/\/stylingagenten.com\/da\/wp-json\/wp\/v2\/product_brand?post=111377"},{"taxonomy":"product_cat","embeddable":true,"href":"https:\/\/stylingagenten.com\/da\/wp-json\/wp\/v2\/product_cat?post=111377"},{"taxonomy":"product_tag","embeddable":true,"href":"https:\/\/stylingagenten.com\/da\/wp-json\/wp\/v2\/product_tag?post=111377"},{"taxonomy":"berocket_brand","embeddable":true,"href":"https:\/\/stylingagenten.com\/da\/wp-json\/wp\/v2\/berocket_brand?post=111377"}],"curies":[{"name":"wp","href":"https:\/\/api.w.org\/{rel}","templated":true}]}}