{"id":111365,"date":"2025-05-18T20:55:41","date_gmt":"2025-05-18T20:55:41","guid":{"rendered":"https:\/\/staging2.stylingagenten.com\/da\/produkt\/acqua-di-parma-colonia-edc-100ml\/"},"modified":"2026-03-11T22:06:42","modified_gmt":"2026-03-11T22:06:42","slug":"acqua-di-parma-colonia-edc-100ml","status":"publish","type":"product","link":"https:\/\/stylingagenten.com\/da\/produkt\/acqua-di-parma-colonia-edc-100ml\/","title":{"rendered":"Acqua di Parma Colonia Edc 100ml"},"content":{"rendered":"<p>Acqua Di Parma Colonia EDC er en duft, der tager dig med p\u00e5 en rejse til Italien. Med sin friske og sofistikerede duft af citrusfrugter, blomster og tr\u00e6 giver den en f\u00f8lelse af luksus og elegance. Den har en langvarig effekt og er velegnet til b\u00e5de daglig brug og s\u00e6rlige lejligheder. Denne ikoniske duft har v\u00e6ret en favorit blandt ber\u00f8mtheder og modeikoner siden 1916, hvilket g\u00f8r den til et tidl\u00f8st valg for alle, der leder efter en klassisk, men moderne duft<br \/>Topnoter: Citrus, Lavendel, Rosmarin, Aloysia citrodora<br \/>Hjertenoter: Rose , Vetiver, Moskus, Jasmin<br \/>Basenoter: Amber, Sandeltr\u00e6 og Patchouli<\/p>\n","protected":false},"excerpt":{"rendered":"<p>Acqua Di Parma Colonia EDC er en duft, der tager dig med p\u00e5 en rejse til Italien. Med sin friske og sofistikerede duft af citrusfrugter, blomster og tr\u00e6 giver den en f\u00f8lelse af luksus og elegance. Den har en langvarig effekt og er velegnet til b\u00e5de daglig brug og s\u00e6rlige lejligheder. Denne ikoniske duft har [&hellip;]<\/p>\n","protected":false},"featured_media":111355,"comment_status":"open","ping_status":"closed","template":"","meta":{"_trash_the_other_posts":false},"product_brand":[],"product_cat":[1003,710,735,1000],"product_tag":[2336],"berocket_brand":[1161],"class_list":{"0":"post-111365","1":"product","2":"type-product","3":"status-publish","4":"has-post-thumbnail","6":"product_cat-bestsellere","7":"product_cat-eau-de-cologne-mister","8":"product_cat-kampagne","9":"product_cat-kampagnetilbud-til-ham","10":"product_tag-acqua-di-parma-colonia-edc","11":"pa_brand-acqua-di-parma","12":"pa_variant-100ml","13":"berocket_brand-acqua-di-parma","15":"first","16":"instock","17":"sale","18":"taxable","19":"shipping-taxable","20":"purchasable","21":"product-type-simple"},"_links":{"self":[{"href":"https:\/\/stylingagenten.com\/da\/wp-json\/wp\/v2\/product\/111365","targetHints":{"allow":["GET"]}}],"collection":[{"href":"https:\/\/stylingagenten.com\/da\/wp-json\/wp\/v2\/product"}],"about":[{"href":"https:\/\/stylingagenten.com\/da\/wp-json\/wp\/v2\/types\/product"}],"replies":[{"embeddable":true,"href":"https:\/\/stylingagenten.com\/da\/wp-json\/wp\/v2\/comments?post=111365"}],"version-history":[{"count":0,"href":"https:\/\/stylingagenten.com\/da\/wp-json\/wp\/v2\/product\/111365\/revisions"}],"wp:featuredmedia":[{"embeddable":true,"href":"https:\/\/stylingagenten.com\/da\/wp-json\/wp\/v2\/media\/111355"}],"wp:attachment":[{"href":"https:\/\/stylingagenten.com\/da\/wp-json\/wp\/v2\/media?parent=111365"}],"wp:term":[{"taxonomy":"product_brand","embeddable":true,"href":"https:\/\/stylingagenten.com\/da\/wp-json\/wp\/v2\/product_brand?post=111365"},{"taxonomy":"product_cat","embeddable":true,"href":"https:\/\/stylingagenten.com\/da\/wp-json\/wp\/v2\/product_cat?post=111365"},{"taxonomy":"product_tag","embeddable":true,"href":"https:\/\/stylingagenten.com\/da\/wp-json\/wp\/v2\/product_tag?post=111365"},{"taxonomy":"berocket_brand","embeddable":true,"href":"https:\/\/stylingagenten.com\/da\/wp-json\/wp\/v2\/berocket_brand?post=111365"}],"curies":[{"name":"wp","href":"https:\/\/api.w.org\/{rel}","templated":true}]}}