{"id":111292,"date":"2025-05-18T20:55:30","date_gmt":"2025-05-18T20:55:30","guid":{"rendered":"https:\/\/staging2.stylingagenten.com\/da\/produkt\/2-pack-hugo-boss-bottled-deostick-75ml\/"},"modified":"2026-04-13T12:25:31","modified_gmt":"2026-04-13T12:25:31","slug":"2-pack-hugo-boss-bottled-deostick-75ml","status":"publish","type":"product","link":"https:\/\/stylingagenten.com\/da\/produkt\/2-pack-hugo-boss-bottled-deostick-75ml\/","title":{"rendered":"2-pack Hugo Boss Bottled Deostick 75ml"},"content":{"rendered":"<p>Hugo Boss Bottle er en frisk og sensuel duft med en blanding af \u00e6ble, krydderier og sensuelle tr\u00e6noter. En sand klassiker for den moderne mand.<\/p>\n<p><strong>Duftnoter:<\/strong> bergamot, \u00e6ble, kanel, tagetes, nelliker, cedertr\u00e6, sandeltr\u00e6, patchouli, rav, vetiver &amp; oliventr\u00e6.<\/p>\n","protected":false},"excerpt":{"rendered":"<p>Hugo Boss Bottle er en frisk og sensuel duft med en blanding af \u00e6ble, krydderier og sensuelle tr\u00e6noter. En sand klassiker for den moderne mand. Duftnoter: bergamot, \u00e6ble, kanel, tagetes, nelliker, cedertr\u00e6, sandeltr\u00e6, patchouli, rav, vetiver &amp; oliventr\u00e6.<\/p>\n","protected":false},"featured_media":111286,"comment_status":"open","ping_status":"closed","template":"","meta":{"_trash_the_other_posts":false},"product_brand":[],"product_cat":[1003,670],"product_tag":[],"berocket_brand":[1339],"class_list":{"0":"post-111292","1":"product","2":"type-product","3":"status-publish","4":"has-post-thumbnail","6":"product_cat-bestsellere","7":"product_cat-multipack-deodorant","8":"pa_brand-hugo-boss","9":"berocket_brand-hugo-boss","11":"first","12":"instock","13":"sale","14":"taxable","15":"shipping-taxable","16":"purchasable","17":"product-type-simple"},"_links":{"self":[{"href":"https:\/\/stylingagenten.com\/da\/wp-json\/wp\/v2\/product\/111292","targetHints":{"allow":["GET"]}}],"collection":[{"href":"https:\/\/stylingagenten.com\/da\/wp-json\/wp\/v2\/product"}],"about":[{"href":"https:\/\/stylingagenten.com\/da\/wp-json\/wp\/v2\/types\/product"}],"replies":[{"embeddable":true,"href":"https:\/\/stylingagenten.com\/da\/wp-json\/wp\/v2\/comments?post=111292"}],"version-history":[{"count":0,"href":"https:\/\/stylingagenten.com\/da\/wp-json\/wp\/v2\/product\/111292\/revisions"}],"wp:featuredmedia":[{"embeddable":true,"href":"https:\/\/stylingagenten.com\/da\/wp-json\/wp\/v2\/media\/111286"}],"wp:attachment":[{"href":"https:\/\/stylingagenten.com\/da\/wp-json\/wp\/v2\/media?parent=111292"}],"wp:term":[{"taxonomy":"product_brand","embeddable":true,"href":"https:\/\/stylingagenten.com\/da\/wp-json\/wp\/v2\/product_brand?post=111292"},{"taxonomy":"product_cat","embeddable":true,"href":"https:\/\/stylingagenten.com\/da\/wp-json\/wp\/v2\/product_cat?post=111292"},{"taxonomy":"product_tag","embeddable":true,"href":"https:\/\/stylingagenten.com\/da\/wp-json\/wp\/v2\/product_tag?post=111292"},{"taxonomy":"berocket_brand","embeddable":true,"href":"https:\/\/stylingagenten.com\/da\/wp-json\/wp\/v2\/berocket_brand?post=111292"}],"curies":[{"name":"wp","href":"https:\/\/api.w.org\/{rel}","templated":true}]}}