{"id":111288,"date":"2025-05-18T20:55:30","date_gmt":"2025-05-18T20:55:30","guid":{"rendered":"https:\/\/staging2.stylingagenten.com\/da\/produkt\/2-pack-hugo-boss-the-scent-deostick-75ml\/"},"modified":"2026-04-13T12:13:52","modified_gmt":"2026-04-13T12:13:52","slug":"2-pack-hugo-boss-the-scent-deostick-75ml","status":"publish","type":"product","link":"https:\/\/stylingagenten.com\/da\/produkt\/2-pack-hugo-boss-the-scent-deostick-75ml\/","title":{"rendered":"2-pack Hugo Boss The Scent Deostick 75ml"},"content":{"rendered":"<p>Hugo Boss the Scent Edt blev lanceret i 2015. Duften har en perfekt balance mellem selvtillid og nonchalance og holder l\u00e6nge.<\/p>\n<p><strong>Duftnoter:<\/strong> ingef\u00e6r, lavendel, maninka frugt &amp; ; l\u00e6der.<\/p>\n","protected":false},"excerpt":{"rendered":"<p>Hugo Boss the Scent Edt blev lanceret i 2015. Duften har en perfekt balance mellem selvtillid og nonchalance og holder l\u00e6nge. Duftnoter: ingef\u00e6r, lavendel, maninka frugt &amp; ; l\u00e6der.<\/p>\n","protected":false},"featured_media":111284,"comment_status":"open","ping_status":"closed","template":"","meta":{"_trash_the_other_posts":false},"product_brand":[],"product_cat":[1003,735,1000,670],"product_tag":[],"berocket_brand":[1339],"class_list":{"0":"post-111288","1":"product","2":"type-product","3":"status-publish","4":"has-post-thumbnail","6":"product_cat-bestsellere","7":"product_cat-kampagne","8":"product_cat-kampagnetilbud-til-ham","9":"product_cat-multipack-deodorant","10":"pa_brand-hugo-boss","11":"berocket_brand-hugo-boss","13":"first","14":"instock","15":"sale","16":"taxable","17":"shipping-taxable","18":"purchasable","19":"product-type-simple"},"_links":{"self":[{"href":"https:\/\/stylingagenten.com\/da\/wp-json\/wp\/v2\/product\/111288","targetHints":{"allow":["GET"]}}],"collection":[{"href":"https:\/\/stylingagenten.com\/da\/wp-json\/wp\/v2\/product"}],"about":[{"href":"https:\/\/stylingagenten.com\/da\/wp-json\/wp\/v2\/types\/product"}],"replies":[{"embeddable":true,"href":"https:\/\/stylingagenten.com\/da\/wp-json\/wp\/v2\/comments?post=111288"}],"version-history":[{"count":0,"href":"https:\/\/stylingagenten.com\/da\/wp-json\/wp\/v2\/product\/111288\/revisions"}],"wp:featuredmedia":[{"embeddable":true,"href":"https:\/\/stylingagenten.com\/da\/wp-json\/wp\/v2\/media\/111284"}],"wp:attachment":[{"href":"https:\/\/stylingagenten.com\/da\/wp-json\/wp\/v2\/media?parent=111288"}],"wp:term":[{"taxonomy":"product_brand","embeddable":true,"href":"https:\/\/stylingagenten.com\/da\/wp-json\/wp\/v2\/product_brand?post=111288"},{"taxonomy":"product_cat","embeddable":true,"href":"https:\/\/stylingagenten.com\/da\/wp-json\/wp\/v2\/product_cat?post=111288"},{"taxonomy":"product_tag","embeddable":true,"href":"https:\/\/stylingagenten.com\/da\/wp-json\/wp\/v2\/product_tag?post=111288"},{"taxonomy":"berocket_brand","embeddable":true,"href":"https:\/\/stylingagenten.com\/da\/wp-json\/wp\/v2\/berocket_brand?post=111288"}],"curies":[{"name":"wp","href":"https:\/\/api.w.org\/{rel}","templated":true}]}}