{"id":111270,"date":"2025-05-18T20:55:26","date_gmt":"2025-05-18T20:55:26","guid":{"rendered":"https:\/\/staging2.stylingagenten.com\/da\/produkt\/2-pack-hugo-boss-hugo-man-deo-spray-150ml\/"},"modified":"2026-04-14T19:58:57","modified_gmt":"2026-04-14T19:58:57","slug":"2-pack-hugo-boss-hugo-man-deo-spray-150ml","status":"publish","type":"product","link":"https:\/\/stylingagenten.com\/da\/produkt\/2-pack-hugo-boss-hugo-man-deo-spray-150ml\/","title":{"rendered":"2-pack Hugo Boss Hugo Man Deo Spray 150ml"},"content":{"rendered":"<p>Hugo Boss Hugo Man er en frisk og sporty duft med noter af citrus, \u00e6ble og sandeltr\u00e6.<\/p>\n<p><strong>Duftnoter: <\/strong>citrus, \u00e6ble, gr\u00f8nmynte, lavendel, jasmin, salvie, fyrren\u00e5le, nelliker, rom og sandeltr\u00e6.<\/p>\n","protected":false},"excerpt":{"rendered":"<p>Hugo Boss Hugo Man er en frisk og sporty duft med noter af citrus, \u00e6ble og sandeltr\u00e6. Duftnoter: citrus, \u00e6ble, gr\u00f8nmynte, lavendel, jasmin, salvie, fyrren\u00e5le, nelliker, rom og sandeltr\u00e6.<\/p>\n","protected":false},"featured_media":111268,"comment_status":"open","ping_status":"closed","template":"","meta":{"_trash_the_other_posts":false},"product_brand":[],"product_cat":[670],"product_tag":[],"berocket_brand":[1339],"class_list":{"0":"post-111270","1":"product","2":"type-product","3":"status-publish","4":"has-post-thumbnail","6":"product_cat-multipack-deodorant","7":"pa_brand-hugo-boss","8":"berocket_brand-hugo-boss","10":"first","11":"instock","12":"sale","13":"taxable","14":"shipping-taxable","15":"purchasable","16":"product-type-simple"},"_links":{"self":[{"href":"https:\/\/stylingagenten.com\/da\/wp-json\/wp\/v2\/product\/111270","targetHints":{"allow":["GET"]}}],"collection":[{"href":"https:\/\/stylingagenten.com\/da\/wp-json\/wp\/v2\/product"}],"about":[{"href":"https:\/\/stylingagenten.com\/da\/wp-json\/wp\/v2\/types\/product"}],"replies":[{"embeddable":true,"href":"https:\/\/stylingagenten.com\/da\/wp-json\/wp\/v2\/comments?post=111270"}],"version-history":[{"count":0,"href":"https:\/\/stylingagenten.com\/da\/wp-json\/wp\/v2\/product\/111270\/revisions"}],"wp:featuredmedia":[{"embeddable":true,"href":"https:\/\/stylingagenten.com\/da\/wp-json\/wp\/v2\/media\/111268"}],"wp:attachment":[{"href":"https:\/\/stylingagenten.com\/da\/wp-json\/wp\/v2\/media?parent=111270"}],"wp:term":[{"taxonomy":"product_brand","embeddable":true,"href":"https:\/\/stylingagenten.com\/da\/wp-json\/wp\/v2\/product_brand?post=111270"},{"taxonomy":"product_cat","embeddable":true,"href":"https:\/\/stylingagenten.com\/da\/wp-json\/wp\/v2\/product_cat?post=111270"},{"taxonomy":"product_tag","embeddable":true,"href":"https:\/\/stylingagenten.com\/da\/wp-json\/wp\/v2\/product_tag?post=111270"},{"taxonomy":"berocket_brand","embeddable":true,"href":"https:\/\/stylingagenten.com\/da\/wp-json\/wp\/v2\/berocket_brand?post=111270"}],"curies":[{"name":"wp","href":"https:\/\/api.w.org\/{rel}","templated":true}]}}