{"id":111266,"date":"2025-05-18T20:55:26","date_gmt":"2025-05-18T20:55:26","guid":{"rendered":"https:\/\/staging2.stylingagenten.com\/da\/produkt\/2-pack-hugo-boss-bottled-deo-spray-150ml\/"},"modified":"2026-04-11T12:38:36","modified_gmt":"2026-04-11T12:38:36","slug":"2-pack-hugo-boss-bottled-deo-spray-150ml","status":"publish","type":"product","link":"https:\/\/stylingagenten.com\/da\/produkt\/2-pack-hugo-boss-bottled-deo-spray-150ml\/","title":{"rendered":"2-pack Hugo Boss Bottled Deo Spray 150ml"},"content":{"rendered":"<p><strong>2-pak Hugo Boss Bottled Deo Spray 150ml<\/strong><\/p>\n<p>Hugo Boss Bottle er en frisk og sensuel duft med en blanding af \u00e6ble, krydderier og sensuelt tr\u00e6. En sand klassiker for den moderne mand.<\/p>\n<p><strong>Duftnoter:<\/strong> bergamot, \u00e6ble, kanel, tagetes, nelliker, cedertr\u00e6, sandeltr\u00e6, patchouli, rav, vetiver &amp; oliventr\u00e6.<\/p>\n","protected":false},"excerpt":{"rendered":"<p>2-pak Hugo Boss Bottled Deo Spray 150ml Hugo Boss Bottle er en frisk og sensuel duft med en blanding af \u00e6ble, krydderier og sensuelt tr\u00e6. En sand klassiker for den moderne mand. Duftnoter: bergamot, \u00e6ble, kanel, tagetes, nelliker, cedertr\u00e6, sandeltr\u00e6, patchouli, rav, vetiver &amp; oliventr\u00e6.<\/p>\n","protected":false},"featured_media":111264,"comment_status":"open","ping_status":"closed","template":"","meta":{"_trash_the_other_posts":false},"product_brand":[],"product_cat":[1003,735,1000,670],"product_tag":[],"berocket_brand":[1339],"class_list":{"0":"post-111266","1":"product","2":"type-product","3":"status-publish","4":"has-post-thumbnail","6":"product_cat-bestsellere","7":"product_cat-kampagne","8":"product_cat-kampagnetilbud-til-ham","9":"product_cat-multipack-deodorant","10":"pa_brand-hugo-boss","11":"berocket_brand-hugo-boss","13":"first","14":"instock","15":"sale","16":"taxable","17":"shipping-taxable","18":"purchasable","19":"product-type-simple"},"_links":{"self":[{"href":"https:\/\/stylingagenten.com\/da\/wp-json\/wp\/v2\/product\/111266","targetHints":{"allow":["GET"]}}],"collection":[{"href":"https:\/\/stylingagenten.com\/da\/wp-json\/wp\/v2\/product"}],"about":[{"href":"https:\/\/stylingagenten.com\/da\/wp-json\/wp\/v2\/types\/product"}],"replies":[{"embeddable":true,"href":"https:\/\/stylingagenten.com\/da\/wp-json\/wp\/v2\/comments?post=111266"}],"version-history":[{"count":0,"href":"https:\/\/stylingagenten.com\/da\/wp-json\/wp\/v2\/product\/111266\/revisions"}],"wp:featuredmedia":[{"embeddable":true,"href":"https:\/\/stylingagenten.com\/da\/wp-json\/wp\/v2\/media\/111264"}],"wp:attachment":[{"href":"https:\/\/stylingagenten.com\/da\/wp-json\/wp\/v2\/media?parent=111266"}],"wp:term":[{"taxonomy":"product_brand","embeddable":true,"href":"https:\/\/stylingagenten.com\/da\/wp-json\/wp\/v2\/product_brand?post=111266"},{"taxonomy":"product_cat","embeddable":true,"href":"https:\/\/stylingagenten.com\/da\/wp-json\/wp\/v2\/product_cat?post=111266"},{"taxonomy":"product_tag","embeddable":true,"href":"https:\/\/stylingagenten.com\/da\/wp-json\/wp\/v2\/product_tag?post=111266"},{"taxonomy":"berocket_brand","embeddable":true,"href":"https:\/\/stylingagenten.com\/da\/wp-json\/wp\/v2\/berocket_brand?post=111266"}],"curies":[{"name":"wp","href":"https:\/\/api.w.org\/{rel}","templated":true}]}}