{"id":111263,"date":"2025-05-18T20:55:25","date_gmt":"2025-05-18T20:55:25","guid":{"rendered":"https:\/\/staging2.stylingagenten.com\/da\/produkt\/3-pack-hugo-boss-the-scent-deostick-75ml\/"},"modified":"2026-04-14T05:28:32","modified_gmt":"2026-04-14T05:28:32","slug":"3-pack-hugo-boss-the-scent-deostick-75ml","status":"publish","type":"product","link":"https:\/\/stylingagenten.com\/da\/produkt\/3-pack-hugo-boss-the-scent-deostick-75ml\/","title":{"rendered":"3-pack Hugo Boss The Scent Deostick 75ml"},"content":{"rendered":"<p><strong>3-pak Hugo Boss The Scent Deostick 75ml<\/strong><\/p>\n<p>Hugo Boss The Scent Deostick er en deodorant med samme gode lugt som Hugo Boss The Scent-parfumen.<br \/> Duften har en perfekt balance mellem selvtillid og nonchalance og holder l\u00e6nge.<\/p>\n<p><strong>Duftnoter:<\/strong> ingef\u00e6r, lavendel, maninka frugt &amp; l\u00e6der.<\/p>\n","protected":false},"excerpt":{"rendered":"<p>3-pak Hugo Boss The Scent Deostick 75ml Hugo Boss The Scent Deostick er en deodorant med samme gode lugt som Hugo Boss The Scent-parfumen. Duften har en perfekt balance mellem selvtillid og nonchalance og holder l\u00e6nge. Duftnoter: ingef\u00e6r, lavendel, maninka frugt &amp; l\u00e6der.<\/p>\n","protected":false},"featured_media":111262,"comment_status":"open","ping_status":"closed","template":"","meta":{"_trash_the_other_posts":false},"product_brand":[],"product_cat":[1003,756,735,1000,670],"product_tag":[],"berocket_brand":[1339],"class_list":{"0":"post-111263","1":"product","2":"type-product","3":"status-publish","4":"has-post-thumbnail","6":"product_cat-bestsellere","7":"product_cat-hugo-boss-the-scent","8":"product_cat-kampagne","9":"product_cat-kampagnetilbud-til-ham","10":"product_cat-multipack-deodorant","11":"pa_brand-hugo-boss","12":"berocket_brand-hugo-boss","14":"first","15":"instock","16":"sale","17":"taxable","18":"shipping-taxable","19":"purchasable","20":"product-type-simple"},"_links":{"self":[{"href":"https:\/\/stylingagenten.com\/da\/wp-json\/wp\/v2\/product\/111263","targetHints":{"allow":["GET"]}}],"collection":[{"href":"https:\/\/stylingagenten.com\/da\/wp-json\/wp\/v2\/product"}],"about":[{"href":"https:\/\/stylingagenten.com\/da\/wp-json\/wp\/v2\/types\/product"}],"replies":[{"embeddable":true,"href":"https:\/\/stylingagenten.com\/da\/wp-json\/wp\/v2\/comments?post=111263"}],"version-history":[{"count":0,"href":"https:\/\/stylingagenten.com\/da\/wp-json\/wp\/v2\/product\/111263\/revisions"}],"wp:featuredmedia":[{"embeddable":true,"href":"https:\/\/stylingagenten.com\/da\/wp-json\/wp\/v2\/media\/111262"}],"wp:attachment":[{"href":"https:\/\/stylingagenten.com\/da\/wp-json\/wp\/v2\/media?parent=111263"}],"wp:term":[{"taxonomy":"product_brand","embeddable":true,"href":"https:\/\/stylingagenten.com\/da\/wp-json\/wp\/v2\/product_brand?post=111263"},{"taxonomy":"product_cat","embeddable":true,"href":"https:\/\/stylingagenten.com\/da\/wp-json\/wp\/v2\/product_cat?post=111263"},{"taxonomy":"product_tag","embeddable":true,"href":"https:\/\/stylingagenten.com\/da\/wp-json\/wp\/v2\/product_tag?post=111263"},{"taxonomy":"berocket_brand","embeddable":true,"href":"https:\/\/stylingagenten.com\/da\/wp-json\/wp\/v2\/berocket_brand?post=111263"}],"curies":[{"name":"wp","href":"https:\/\/api.w.org\/{rel}","templated":true}]}}