{"id":111261,"date":"2025-05-18T20:55:25","date_gmt":"2025-05-18T20:55:25","guid":{"rendered":"https:\/\/staging2.stylingagenten.com\/da\/produkt\/3-pack-calvin-klein-obsession-for-men-deostick-75ml\/"},"modified":"2026-04-14T10:13:35","modified_gmt":"2026-04-14T10:13:35","slug":"3-pack-calvin-klein-obsession-for-men-deostick-75ml","status":"publish","type":"product","link":"https:\/\/stylingagenten.com\/da\/produkt\/3-pack-calvin-klein-obsession-for-men-deostick-75ml\/","title":{"rendered":"3-pack Calvin Klein Obsession For Men Deostick 75ml"},"content":{"rendered":"<p><strong>3-pak Calvin Klein Obsession For Men Deostick 75ml<\/strong><br \/>Deodorantstick i samme gode duft som parfumen.<\/p>\n<p>Calvin Klein Obsession For Men &auml;er en kraftfuld, krydret og varm duft, der udstr\u00e5ler maskulinitet og passion. <br \/>Obsession For Men er den f\u00f8rste duft til m\u00e6nd fra Calvin Klein.<br \/>Duftnoter<strong>:<\/strong> mandarin, myrra, lavendel, muskatn\u00f8d, nelliker, koriander, nellike sandeltr\u00e6, patchouli, vetiver &amp; ambra.<\/p>\n","protected":false},"excerpt":{"rendered":"<p>3-pak Calvin Klein Obsession For Men Deostick 75mlDeodorantstick i samme gode duft som parfumen. Calvin Klein Obsession For Men &auml;er en kraftfuld, krydret og varm duft, der udstr\u00e5ler maskulinitet og passion. Obsession For Men er den f\u00f8rste duft til m\u00e6nd fra Calvin Klein.Duftnoter: mandarin, myrra, lavendel, muskatn\u00f8d, nelliker, koriander, nellike sandeltr\u00e6, patchouli, vetiver &amp; ambra.<\/p>\n","protected":false},"featured_media":111260,"comment_status":"open","ping_status":"closed","template":"","meta":{"_trash_the_other_posts":false},"product_brand":[],"product_cat":[1003,743,735,1000,670],"product_tag":[],"berocket_brand":[1014],"class_list":{"0":"post-111261","1":"product","2":"type-product","3":"status-publish","4":"has-post-thumbnail","6":"product_cat-bestsellere","7":"product_cat-calvin-klein-obsession","8":"product_cat-kampagne","9":"product_cat-kampagnetilbud-til-ham","10":"product_cat-multipack-deodorant","11":"pa_brand-calvin-klein","12":"berocket_brand-calvin-klein","14":"first","15":"instock","16":"sale","17":"taxable","18":"shipping-taxable","19":"purchasable","20":"product-type-simple"},"_links":{"self":[{"href":"https:\/\/stylingagenten.com\/da\/wp-json\/wp\/v2\/product\/111261","targetHints":{"allow":["GET"]}}],"collection":[{"href":"https:\/\/stylingagenten.com\/da\/wp-json\/wp\/v2\/product"}],"about":[{"href":"https:\/\/stylingagenten.com\/da\/wp-json\/wp\/v2\/types\/product"}],"replies":[{"embeddable":true,"href":"https:\/\/stylingagenten.com\/da\/wp-json\/wp\/v2\/comments?post=111261"}],"version-history":[{"count":0,"href":"https:\/\/stylingagenten.com\/da\/wp-json\/wp\/v2\/product\/111261\/revisions"}],"wp:featuredmedia":[{"embeddable":true,"href":"https:\/\/stylingagenten.com\/da\/wp-json\/wp\/v2\/media\/111260"}],"wp:attachment":[{"href":"https:\/\/stylingagenten.com\/da\/wp-json\/wp\/v2\/media?parent=111261"}],"wp:term":[{"taxonomy":"product_brand","embeddable":true,"href":"https:\/\/stylingagenten.com\/da\/wp-json\/wp\/v2\/product_brand?post=111261"},{"taxonomy":"product_cat","embeddable":true,"href":"https:\/\/stylingagenten.com\/da\/wp-json\/wp\/v2\/product_cat?post=111261"},{"taxonomy":"product_tag","embeddable":true,"href":"https:\/\/stylingagenten.com\/da\/wp-json\/wp\/v2\/product_tag?post=111261"},{"taxonomy":"berocket_brand","embeddable":true,"href":"https:\/\/stylingagenten.com\/da\/wp-json\/wp\/v2\/berocket_brand?post=111261"}],"curies":[{"name":"wp","href":"https:\/\/api.w.org\/{rel}","templated":true}]}}