{"id":111258,"date":"2025-05-18T20:55:24","date_gmt":"2025-05-18T20:55:24","guid":{"rendered":"https:\/\/staging2.stylingagenten.com\/da\/produkt\/babor-ampoule-concentrates-active-night-7x2ml\/"},"modified":"2025-12-28T07:26:30","modified_gmt":"2025-12-28T07:26:30","slug":"babor-ampoule-concentrates-active-night-7x2ml","status":"publish","type":"product","link":"https:\/\/stylingagenten.com\/da\/produkt\/babor-ampoule-concentrates-active-night-7x2ml\/","title":{"rendered":"BABOR Ampoule Concentrates Active Night 7x2ml"},"content":{"rendered":"<p>BABOR Ampoule Concentrates Active Night Ampuller er eksklusiv hudpleje i sin mest koncentrerede form \u2013 hjertet af BABORs behandlinger derhjemme og i behandling. Engangsdoser fyldt med sm\u00e5molekyl\u00e6re ingredienser, pakket i 2 ml sterile glasampuller. Hygieniske og velbevarede ingredienser, der giver aktiv hudpleje, som tr\u00e6nger dybere end et serum.<\/p>\n<p>Active Night er en engangsdosis af aktivt koncentrat \u2013 mere aktivt end et serum. Sk\u00f8nhedss\u00f8vn i ampulform til brug om natten. Aktiverer hudens regenerering under dyb s\u00f8vn, opbygger en st\u00e6rk barriere og bevarer fugt, mens du sover. Bek\u00e6mper aktivt hverdagens slid p\u00e5 huden og modvirker tegn p\u00e5 hudaldring. V\u00e5gn op med vital og udhvilet hud.<\/p>\n<p>7x2ml<\/p>\n","protected":false},"excerpt":{"rendered":"<p>BABOR Ampoule Concentrates Active Night Ampuller er eksklusiv hudpleje i sin mest koncentrerede form \u2013 hjertet af BABORs behandlinger derhjemme og i behandling. Engangsdoser fyldt med sm\u00e5molekyl\u00e6re ingredienser, pakket i 2 ml sterile glasampuller. Hygieniske og velbevarede ingredienser, der giver aktiv hudpleje, som tr\u00e6nger dybere end et serum. Active Night er en engangsdosis af aktivt [&hellip;]<\/p>\n","protected":false},"featured_media":111225,"comment_status":"open","ping_status":"closed","template":"","meta":{"_trash_the_other_posts":false},"product_brand":[],"product_cat":[735,999,614],"product_tag":[],"berocket_brand":[1987],"class_list":{"0":"post-111258","1":"product","2":"type-product","3":"status-publish","4":"has-post-thumbnail","6":"product_cat-kampagne","7":"product_cat-kampagnetilbud-til-hende","8":"product_cat-serum","9":"pa_brand-babor","10":"berocket_brand-babor","12":"first","13":"instock","14":"sale","15":"taxable","16":"shipping-taxable","17":"purchasable","18":"product-type-simple"},"_links":{"self":[{"href":"https:\/\/stylingagenten.com\/da\/wp-json\/wp\/v2\/product\/111258","targetHints":{"allow":["GET"]}}],"collection":[{"href":"https:\/\/stylingagenten.com\/da\/wp-json\/wp\/v2\/product"}],"about":[{"href":"https:\/\/stylingagenten.com\/da\/wp-json\/wp\/v2\/types\/product"}],"replies":[{"embeddable":true,"href":"https:\/\/stylingagenten.com\/da\/wp-json\/wp\/v2\/comments?post=111258"}],"version-history":[{"count":0,"href":"https:\/\/stylingagenten.com\/da\/wp-json\/wp\/v2\/product\/111258\/revisions"}],"wp:featuredmedia":[{"embeddable":true,"href":"https:\/\/stylingagenten.com\/da\/wp-json\/wp\/v2\/media\/111225"}],"wp:attachment":[{"href":"https:\/\/stylingagenten.com\/da\/wp-json\/wp\/v2\/media?parent=111258"}],"wp:term":[{"taxonomy":"product_brand","embeddable":true,"href":"https:\/\/stylingagenten.com\/da\/wp-json\/wp\/v2\/product_brand?post=111258"},{"taxonomy":"product_cat","embeddable":true,"href":"https:\/\/stylingagenten.com\/da\/wp-json\/wp\/v2\/product_cat?post=111258"},{"taxonomy":"product_tag","embeddable":true,"href":"https:\/\/stylingagenten.com\/da\/wp-json\/wp\/v2\/product_tag?post=111258"},{"taxonomy":"berocket_brand","embeddable":true,"href":"https:\/\/stylingagenten.com\/da\/wp-json\/wp\/v2\/berocket_brand?post=111258"}],"curies":[{"name":"wp","href":"https:\/\/api.w.org\/{rel}","templated":true}]}}