{"id":111250,"date":"2025-05-18T20:55:23","date_gmt":"2025-05-18T20:55:23","guid":{"rendered":"https:\/\/staging2.stylingagenten.com\/da\/produkt\/babor-eye-heavy-make-up-remover-100ml\/"},"modified":"2026-02-24T13:35:31","modified_gmt":"2026-02-24T13:35:31","slug":"babor-eye-heavy-make-up-remover-100ml","status":"publish","type":"product","link":"https:\/\/stylingagenten.com\/da\/produkt\/babor-eye-heavy-make-up-remover-100ml\/","title":{"rendered":"BABOR Eye &amp; Heavy Make Up Remover 100ml"},"content":{"rendered":"<p>BABOR Eye &amp; Heavy Make Up Remover er en to-fase renseprodukt til \u00f8jne og ansigt. En mild formel med udvalgte olier, der grundigt fjerner vandfast makeup, samtidig med at den er sk\u00e5nsom mod huden og vipperne. Beriget med beroligende aloe vera, provitamin B5, E-vitamin og natlysolie. Efterlader huden, \u00f8jnene og l\u00e6berne helt rene uden at efterlade en fedtet rest p\u00e5 huden.<\/p>\n<p>100ml<\/p>\n","protected":false},"excerpt":{"rendered":"<p>BABOR Eye &amp; Heavy Make Up Remover er en to-fase renseprodukt til \u00f8jne og ansigt. En mild formel med udvalgte olier, der grundigt fjerner vandfast makeup, samtidig med at den er sk\u00e5nsom mod huden og vipperne. Beriget med beroligende aloe vera, provitamin B5, E-vitamin og natlysolie. Efterlader huden, \u00f8jnene og l\u00e6berne helt rene uden at [&hellip;]<\/p>\n","protected":false},"featured_media":111240,"comment_status":"open","ping_status":"closed","template":"","meta":{"_trash_the_other_posts":false},"product_brand":[],"product_cat":[735,999,653],"product_tag":[],"berocket_brand":[1987],"class_list":{"0":"post-111250","1":"product","2":"type-product","3":"status-publish","4":"has-post-thumbnail","6":"product_cat-kampagne","7":"product_cat-kampagnetilbud-til-hende","8":"product_cat-makeupfjerner-ansigtsvask","9":"pa_brand-babor","10":"berocket_brand-babor","12":"first","13":"instock","14":"sale","15":"taxable","16":"shipping-taxable","17":"purchasable","18":"product-type-simple"},"_links":{"self":[{"href":"https:\/\/stylingagenten.com\/da\/wp-json\/wp\/v2\/product\/111250","targetHints":{"allow":["GET"]}}],"collection":[{"href":"https:\/\/stylingagenten.com\/da\/wp-json\/wp\/v2\/product"}],"about":[{"href":"https:\/\/stylingagenten.com\/da\/wp-json\/wp\/v2\/types\/product"}],"replies":[{"embeddable":true,"href":"https:\/\/stylingagenten.com\/da\/wp-json\/wp\/v2\/comments?post=111250"}],"version-history":[{"count":0,"href":"https:\/\/stylingagenten.com\/da\/wp-json\/wp\/v2\/product\/111250\/revisions"}],"wp:featuredmedia":[{"embeddable":true,"href":"https:\/\/stylingagenten.com\/da\/wp-json\/wp\/v2\/media\/111240"}],"wp:attachment":[{"href":"https:\/\/stylingagenten.com\/da\/wp-json\/wp\/v2\/media?parent=111250"}],"wp:term":[{"taxonomy":"product_brand","embeddable":true,"href":"https:\/\/stylingagenten.com\/da\/wp-json\/wp\/v2\/product_brand?post=111250"},{"taxonomy":"product_cat","embeddable":true,"href":"https:\/\/stylingagenten.com\/da\/wp-json\/wp\/v2\/product_cat?post=111250"},{"taxonomy":"product_tag","embeddable":true,"href":"https:\/\/stylingagenten.com\/da\/wp-json\/wp\/v2\/product_tag?post=111250"},{"taxonomy":"berocket_brand","embeddable":true,"href":"https:\/\/stylingagenten.com\/da\/wp-json\/wp\/v2\/berocket_brand?post=111250"}],"curies":[{"name":"wp","href":"https:\/\/api.w.org\/{rel}","templated":true}]}}