{"id":111245,"date":"2025-05-18T20:55:22","date_gmt":"2025-05-18T20:55:22","guid":{"rendered":"https:\/\/staging2.stylingagenten.com\/da\/produkt\/3-pack-hugo-boss-hugo-man-deostick-75ml\/"},"modified":"2026-04-13T22:48:30","modified_gmt":"2026-04-13T22:48:30","slug":"3-pack-hugo-boss-hugo-man-deostick-75ml","status":"publish","type":"product","link":"https:\/\/stylingagenten.com\/da\/produkt\/3-pack-hugo-boss-hugo-man-deostick-75ml\/","title":{"rendered":"3-pack Hugo Boss Hugo Man Deostick 75ml"},"content":{"rendered":"<p><strong>3-pak Hugo Boss Hugo Man Deostick 75 ml<\/strong><\/p>\n<p>Hugo Boss Hugo Man er en frisk og sporty duft med noter af citrus, \u00e6ble og sandeltr\u00e6. <\/p>\n<p>Duftnoter: citrus, \u00e6ble, gr\u00f8n mynte, lavendel, jasmin, salvie, fyrren\u00e5le, nelliker, rom &amp; sandeltr\u00e6&auml;.<\/p>\n","protected":false},"excerpt":{"rendered":"<p>3-pak Hugo Boss Hugo Man Deostick 75 ml Hugo Boss Hugo Man er en frisk og sporty duft med noter af citrus, \u00e6ble og sandeltr\u00e6. Duftnoter: citrus, \u00e6ble, gr\u00f8n mynte, lavendel, jasmin, salvie, fyrren\u00e5le, nelliker, rom &amp; sandeltr\u00e6&auml;.<\/p>\n","protected":false},"featured_media":111242,"comment_status":"open","ping_status":"closed","template":"","meta":{"_trash_the_other_posts":false},"product_brand":[],"product_cat":[1003,670],"product_tag":[],"berocket_brand":[1339],"class_list":{"0":"post-111245","1":"product","2":"type-product","3":"status-publish","4":"has-post-thumbnail","6":"product_cat-bestsellere","7":"product_cat-multipack-deodorant","8":"pa_brand-hugo-boss","9":"berocket_brand-hugo-boss","11":"first","12":"instock","13":"sale","14":"taxable","15":"shipping-taxable","16":"purchasable","17":"product-type-simple"},"_links":{"self":[{"href":"https:\/\/stylingagenten.com\/da\/wp-json\/wp\/v2\/product\/111245","targetHints":{"allow":["GET"]}}],"collection":[{"href":"https:\/\/stylingagenten.com\/da\/wp-json\/wp\/v2\/product"}],"about":[{"href":"https:\/\/stylingagenten.com\/da\/wp-json\/wp\/v2\/types\/product"}],"replies":[{"embeddable":true,"href":"https:\/\/stylingagenten.com\/da\/wp-json\/wp\/v2\/comments?post=111245"}],"version-history":[{"count":0,"href":"https:\/\/stylingagenten.com\/da\/wp-json\/wp\/v2\/product\/111245\/revisions"}],"wp:featuredmedia":[{"embeddable":true,"href":"https:\/\/stylingagenten.com\/da\/wp-json\/wp\/v2\/media\/111242"}],"wp:attachment":[{"href":"https:\/\/stylingagenten.com\/da\/wp-json\/wp\/v2\/media?parent=111245"}],"wp:term":[{"taxonomy":"product_brand","embeddable":true,"href":"https:\/\/stylingagenten.com\/da\/wp-json\/wp\/v2\/product_brand?post=111245"},{"taxonomy":"product_cat","embeddable":true,"href":"https:\/\/stylingagenten.com\/da\/wp-json\/wp\/v2\/product_cat?post=111245"},{"taxonomy":"product_tag","embeddable":true,"href":"https:\/\/stylingagenten.com\/da\/wp-json\/wp\/v2\/product_tag?post=111245"},{"taxonomy":"berocket_brand","embeddable":true,"href":"https:\/\/stylingagenten.com\/da\/wp-json\/wp\/v2\/berocket_brand?post=111245"}],"curies":[{"name":"wp","href":"https:\/\/api.w.org\/{rel}","templated":true}]}}