{"id":111216,"date":"2025-05-18T20:55:18","date_gmt":"2025-05-18T20:55:18","guid":{"rendered":"https:\/\/staging2.stylingagenten.com\/da\/produkt\/babor-cleanformance-moisture-glow-serum-30ml\/"},"modified":"2026-04-07T15:18:39","modified_gmt":"2026-04-07T15:18:39","slug":"babor-cleanformance-moisture-glow-serum-30ml","status":"publish","type":"product","link":"https:\/\/stylingagenten.com\/da\/produkt\/babor-cleanformance-moisture-glow-serum-30ml\/","title":{"rendered":"BABOR Cleanformance Moisture Glow Serum 30ml"},"content":{"rendered":"<p>BABOR Cleanformance Moisture Glow Serum er et serum, der giver huden en \u00f8jeblikkelig fugtigheds- og gl\u00f8dboostende effekt. Huden ser glattere og friskere ud p\u00e5 et \u00f8jeblik. Ekstrakt fra r\u00f8dmaplebark fra b\u00e6redygtig dyrkning \u00f8ger hudens fasthed og elasticitet og hj\u00e6lper med at forhindre for tidlig hudaldring.<\/p>\n<p>*Ved brug af serum og creme.<\/p>\n<p>30ml<\/p>\n","protected":false},"excerpt":{"rendered":"<p>BABOR Cleanformance Moisture Glow Serum er et serum, der giver huden en \u00f8jeblikkelig fugtigheds- og gl\u00f8dboostende effekt. Huden ser glattere og friskere ud p\u00e5 et \u00f8jeblik. Ekstrakt fra r\u00f8dmaplebark fra b\u00e6redygtig dyrkning \u00f8ger hudens fasthed og elasticitet og hj\u00e6lper med at forhindre for tidlig hudaldring. *Ved brug af serum og creme. 30ml<\/p>\n","protected":false},"featured_media":111196,"comment_status":"open","ping_status":"closed","template":"","meta":{"_trash_the_other_posts":false},"product_brand":[],"product_cat":[735,999,614],"product_tag":[],"berocket_brand":[1987],"class_list":{"0":"post-111216","1":"product","2":"type-product","3":"status-publish","4":"has-post-thumbnail","6":"product_cat-kampagne","7":"product_cat-kampagnetilbud-til-hende","8":"product_cat-serum","9":"pa_brand-babor","10":"berocket_brand-babor","12":"first","13":"instock","14":"sale","15":"taxable","16":"shipping-taxable","17":"purchasable","18":"product-type-simple"},"_links":{"self":[{"href":"https:\/\/stylingagenten.com\/da\/wp-json\/wp\/v2\/product\/111216","targetHints":{"allow":["GET"]}}],"collection":[{"href":"https:\/\/stylingagenten.com\/da\/wp-json\/wp\/v2\/product"}],"about":[{"href":"https:\/\/stylingagenten.com\/da\/wp-json\/wp\/v2\/types\/product"}],"replies":[{"embeddable":true,"href":"https:\/\/stylingagenten.com\/da\/wp-json\/wp\/v2\/comments?post=111216"}],"version-history":[{"count":0,"href":"https:\/\/stylingagenten.com\/da\/wp-json\/wp\/v2\/product\/111216\/revisions"}],"wp:featuredmedia":[{"embeddable":true,"href":"https:\/\/stylingagenten.com\/da\/wp-json\/wp\/v2\/media\/111196"}],"wp:attachment":[{"href":"https:\/\/stylingagenten.com\/da\/wp-json\/wp\/v2\/media?parent=111216"}],"wp:term":[{"taxonomy":"product_brand","embeddable":true,"href":"https:\/\/stylingagenten.com\/da\/wp-json\/wp\/v2\/product_brand?post=111216"},{"taxonomy":"product_cat","embeddable":true,"href":"https:\/\/stylingagenten.com\/da\/wp-json\/wp\/v2\/product_cat?post=111216"},{"taxonomy":"product_tag","embeddable":true,"href":"https:\/\/stylingagenten.com\/da\/wp-json\/wp\/v2\/product_tag?post=111216"},{"taxonomy":"berocket_brand","embeddable":true,"href":"https:\/\/stylingagenten.com\/da\/wp-json\/wp\/v2\/berocket_brand?post=111216"}],"curies":[{"name":"wp","href":"https:\/\/api.w.org\/{rel}","templated":true}]}}