{"id":111194,"date":"2025-05-18T20:55:15","date_gmt":"2025-05-18T20:55:15","guid":{"rendered":"https:\/\/staging2.stylingagenten.com\/da\/produkt\/babor-cleanformance-phyto-cbd-serum-30ml\/"},"modified":"2026-04-02T21:08:48","modified_gmt":"2026-04-02T21:08:48","slug":"babor-cleanformance-phyto-cbd-serum-30ml","status":"publish","type":"product","link":"https:\/\/stylingagenten.com\/da\/produkt\/babor-cleanformance-phyto-cbd-serum-30ml\/","title":{"rendered":"BABOR Cleanformance Phyto CBD Serum 30ml"},"content":{"rendered":"<p>BABOR Cleanformance Phyto CBD Serum er et n\u00e6rende og beroligende serum baseret p\u00e5 cannabidiol (CBD). Behandler tr\u00e6t, mat og ru hud. Ekstrakt fra r\u00f8d l\u00f8nnebark fra b\u00e6redygtigt landbrug \u00f8ger hudens fasthed og elasticitet samt forebygger for tidlig hudaldring*.<\/p>\n<p>30ml<\/p>\n","protected":false},"excerpt":{"rendered":"<p>BABOR Cleanformance Phyto CBD Serum er et n\u00e6rende og beroligende serum baseret p\u00e5 cannabidiol (CBD). Behandler tr\u00e6t, mat og ru hud. Ekstrakt fra r\u00f8d l\u00f8nnebark fra b\u00e6redygtigt landbrug \u00f8ger hudens fasthed og elasticitet samt forebygger for tidlig hudaldring*. 30ml<\/p>\n","protected":false},"featured_media":111177,"comment_status":"open","ping_status":"closed","template":"","meta":{"_trash_the_other_posts":false},"product_brand":[],"product_cat":[735,999,614],"product_tag":[],"berocket_brand":[1987],"class_list":{"0":"post-111194","1":"product","2":"type-product","3":"status-publish","4":"has-post-thumbnail","6":"product_cat-kampagne","7":"product_cat-kampagnetilbud-til-hende","8":"product_cat-serum","9":"pa_brand-babor","10":"berocket_brand-babor","12":"first","13":"instock","14":"sale","15":"taxable","16":"shipping-taxable","17":"purchasable","18":"product-type-simple"},"_links":{"self":[{"href":"https:\/\/stylingagenten.com\/da\/wp-json\/wp\/v2\/product\/111194","targetHints":{"allow":["GET"]}}],"collection":[{"href":"https:\/\/stylingagenten.com\/da\/wp-json\/wp\/v2\/product"}],"about":[{"href":"https:\/\/stylingagenten.com\/da\/wp-json\/wp\/v2\/types\/product"}],"replies":[{"embeddable":true,"href":"https:\/\/stylingagenten.com\/da\/wp-json\/wp\/v2\/comments?post=111194"}],"version-history":[{"count":0,"href":"https:\/\/stylingagenten.com\/da\/wp-json\/wp\/v2\/product\/111194\/revisions"}],"wp:featuredmedia":[{"embeddable":true,"href":"https:\/\/stylingagenten.com\/da\/wp-json\/wp\/v2\/media\/111177"}],"wp:attachment":[{"href":"https:\/\/stylingagenten.com\/da\/wp-json\/wp\/v2\/media?parent=111194"}],"wp:term":[{"taxonomy":"product_brand","embeddable":true,"href":"https:\/\/stylingagenten.com\/da\/wp-json\/wp\/v2\/product_brand?post=111194"},{"taxonomy":"product_cat","embeddable":true,"href":"https:\/\/stylingagenten.com\/da\/wp-json\/wp\/v2\/product_cat?post=111194"},{"taxonomy":"product_tag","embeddable":true,"href":"https:\/\/stylingagenten.com\/da\/wp-json\/wp\/v2\/product_tag?post=111194"},{"taxonomy":"berocket_brand","embeddable":true,"href":"https:\/\/stylingagenten.com\/da\/wp-json\/wp\/v2\/berocket_brand?post=111194"}],"curies":[{"name":"wp","href":"https:\/\/api.w.org\/{rel}","templated":true}]}}