{"id":111191,"date":"2025-05-18T20:55:13","date_gmt":"2025-05-18T20:55:13","guid":{"rendered":"https:\/\/staging2.stylingagenten.com\/da\/produkt\/babor-hsr-lifting-anti-wrinkle-face-serum-30ml\/"},"modified":"2026-03-12T15:07:34","modified_gmt":"2026-03-12T15:07:34","slug":"babor-hsr-lifting-anti-wrinkle-face-serum-30ml","status":"publish","type":"product","link":"https:\/\/stylingagenten.com\/da\/produkt\/babor-hsr-lifting-anti-wrinkle-face-serum-30ml\/","title":{"rendered":"BABOR HSR Lifting Anti-Wrinkle Face Serum 30ml"},"content":{"rendered":"<p>BABOR HSR Lifting Anti-Wrinkle Face Serum er eksperten mod linjer og rynker. Et superkoncentrat, der bruges sammen med HSR Lifting Cream\/Cream Rich for maksimal l\u00f8fteffekt. Effektiv mod alle typer linjer og rynker, s\u00e5som udtrykslinjer, tyngdelinjer, t\u00f8rhedslinjer og mod en af hoved\u00e5rsagerne til alle rynker: nedsat elasticitet i huden. Aktiverer opbygningen af kollagenfibre og bevarer hudens elasticitet, samtidig med at det reducerer rynker ved at mindske forsukringen af kollagenfibrene. Opgraderet med en naturlig glykosid, der forsinker dannelsen af nye linjer og rynker, samt naturlige polysaccharider fra havtornfr\u00f8, som giver en opstrammende effekt. De skaber en film p\u00e5 huden, der giver en \u00f8jeblikkelig udglattende effekt \u2013 en \u201cfilter-look.\u201d<\/p>\n<p>30ml<\/p>\n","protected":false},"excerpt":{"rendered":"<p>BABOR HSR Lifting Anti-Wrinkle Face Serum er eksperten mod linjer og rynker. Et superkoncentrat, der bruges sammen med HSR Lifting Cream\/Cream Rich for maksimal l\u00f8fteffekt. Effektiv mod alle typer linjer og rynker, s\u00e5som udtrykslinjer, tyngdelinjer, t\u00f8rhedslinjer og mod en af hoved\u00e5rsagerne til alle rynker: nedsat elasticitet i huden. Aktiverer opbygningen af kollagenfibre og bevarer hudens [&hellip;]<\/p>\n","protected":false},"featured_media":111178,"comment_status":"open","ping_status":"closed","template":"","meta":{"_trash_the_other_posts":false},"product_brand":[],"product_cat":[735,999,614],"product_tag":[],"berocket_brand":[1987],"class_list":{"0":"post-111191","1":"product","2":"type-product","3":"status-publish","4":"has-post-thumbnail","6":"product_cat-kampagne","7":"product_cat-kampagnetilbud-til-hende","8":"product_cat-serum","9":"pa_brand-babor","10":"berocket_brand-babor","12":"first","13":"instock","14":"sale","15":"taxable","16":"shipping-taxable","17":"purchasable","18":"product-type-simple"},"_links":{"self":[{"href":"https:\/\/stylingagenten.com\/da\/wp-json\/wp\/v2\/product\/111191","targetHints":{"allow":["GET"]}}],"collection":[{"href":"https:\/\/stylingagenten.com\/da\/wp-json\/wp\/v2\/product"}],"about":[{"href":"https:\/\/stylingagenten.com\/da\/wp-json\/wp\/v2\/types\/product"}],"replies":[{"embeddable":true,"href":"https:\/\/stylingagenten.com\/da\/wp-json\/wp\/v2\/comments?post=111191"}],"version-history":[{"count":0,"href":"https:\/\/stylingagenten.com\/da\/wp-json\/wp\/v2\/product\/111191\/revisions"}],"wp:featuredmedia":[{"embeddable":true,"href":"https:\/\/stylingagenten.com\/da\/wp-json\/wp\/v2\/media\/111178"}],"wp:attachment":[{"href":"https:\/\/stylingagenten.com\/da\/wp-json\/wp\/v2\/media?parent=111191"}],"wp:term":[{"taxonomy":"product_brand","embeddable":true,"href":"https:\/\/stylingagenten.com\/da\/wp-json\/wp\/v2\/product_brand?post=111191"},{"taxonomy":"product_cat","embeddable":true,"href":"https:\/\/stylingagenten.com\/da\/wp-json\/wp\/v2\/product_cat?post=111191"},{"taxonomy":"product_tag","embeddable":true,"href":"https:\/\/stylingagenten.com\/da\/wp-json\/wp\/v2\/product_tag?post=111191"},{"taxonomy":"berocket_brand","embeddable":true,"href":"https:\/\/stylingagenten.com\/da\/wp-json\/wp\/v2\/berocket_brand?post=111191"}],"curies":[{"name":"wp","href":"https:\/\/api.w.org\/{rel}","templated":true}]}}