{"id":111168,"date":"2025-05-18T20:55:10","date_gmt":"2025-05-18T20:55:10","guid":{"rendered":"https:\/\/staging2.stylingagenten.com\/da\/produkt\/burberry-brit-for-her-edp-50ml\/"},"modified":"2026-04-13T16:58:39","modified_gmt":"2026-04-13T16:58:39","slug":"burberry-brit-for-her-edp-50ml","status":"publish","type":"product","link":"https:\/\/stylingagenten.com\/da\/produkt\/burberry-brit-for-her-edp-50ml\/","title":{"rendered":"Burberry Brit For Her Edp 50ml"},"content":{"rendered":"<p>Burberry Brit For Her er en frisk og moderne feminin duft med antydninger af frugt og n\u00f8dder.<\/p>\n<p><strong>Duftnoter:&nbsp;<\/strong>lime, p\u00e6re, kandiserede mandler, hvid p\u00e6on, rav , mahogni, tonkab\u00f8nner og vanilje.<\/p>\n","protected":false},"excerpt":{"rendered":"<p>Burberry Brit For Her er en frisk og moderne feminin duft med antydninger af frugt og n\u00f8dder. Duftnoter:&nbsp;lime, p\u00e6re, kandiserede mandler, hvid p\u00e6on, rav , mahogni, tonkab\u00f8nner og vanilje.<\/p>\n","protected":false},"featured_media":111165,"comment_status":"open","ping_status":"closed","template":"","meta":{"_trash_the_other_posts":false},"product_brand":[],"product_cat":[1003,776,706,735,999],"product_tag":[2598],"berocket_brand":[1017],"class_list":{"0":"post-111168","1":"product","2":"type-product","3":"status-publish","4":"has-post-thumbnail","6":"product_cat-bestsellere","7":"product_cat-burberry-brit-women","8":"product_cat-eau-de-parfum-dame","9":"product_cat-kampagne","10":"product_cat-kampagnetilbud-til-hende","11":"product_tag-burberry-brit-for-her-edp","12":"pa_brand-burberry","13":"pa_variant-50ml","14":"berocket_brand-burberry","16":"first","17":"instock","18":"sale","19":"taxable","20":"shipping-taxable","21":"purchasable","22":"product-type-simple"},"_links":{"self":[{"href":"https:\/\/stylingagenten.com\/da\/wp-json\/wp\/v2\/product\/111168","targetHints":{"allow":["GET"]}}],"collection":[{"href":"https:\/\/stylingagenten.com\/da\/wp-json\/wp\/v2\/product"}],"about":[{"href":"https:\/\/stylingagenten.com\/da\/wp-json\/wp\/v2\/types\/product"}],"replies":[{"embeddable":true,"href":"https:\/\/stylingagenten.com\/da\/wp-json\/wp\/v2\/comments?post=111168"}],"version-history":[{"count":0,"href":"https:\/\/stylingagenten.com\/da\/wp-json\/wp\/v2\/product\/111168\/revisions"}],"wp:featuredmedia":[{"embeddable":true,"href":"https:\/\/stylingagenten.com\/da\/wp-json\/wp\/v2\/media\/111165"}],"wp:attachment":[{"href":"https:\/\/stylingagenten.com\/da\/wp-json\/wp\/v2\/media?parent=111168"}],"wp:term":[{"taxonomy":"product_brand","embeddable":true,"href":"https:\/\/stylingagenten.com\/da\/wp-json\/wp\/v2\/product_brand?post=111168"},{"taxonomy":"product_cat","embeddable":true,"href":"https:\/\/stylingagenten.com\/da\/wp-json\/wp\/v2\/product_cat?post=111168"},{"taxonomy":"product_tag","embeddable":true,"href":"https:\/\/stylingagenten.com\/da\/wp-json\/wp\/v2\/product_tag?post=111168"},{"taxonomy":"berocket_brand","embeddable":true,"href":"https:\/\/stylingagenten.com\/da\/wp-json\/wp\/v2\/berocket_brand?post=111168"}],"curies":[{"name":"wp","href":"https:\/\/api.w.org\/{rel}","templated":true}]}}