{"id":111125,"date":"2025-05-18T20:55:01","date_gmt":"2025-05-18T20:55:01","guid":{"rendered":"https:\/\/staging2.stylingagenten.com\/da\/produkt\/marc-jacobs-daisy-edt-100ml\/"},"modified":"2026-04-10T13:48:31","modified_gmt":"2026-04-10T13:48:31","slug":"marc-jacobs-daisy-edt-100ml","status":"publish","type":"product","link":"https:\/\/stylingagenten.com\/da\/produkt\/marc-jacobs-daisy-edt-100ml\/","title":{"rendered":"Marc Jacobs Daisy Edt 100ml"},"content":{"rendered":"<p>Marc Jacobs Daisy er en str\u00e5lende og fortryllende duft. En sprudlende blomsterbuket med et friskt og livligt pr\u00e6g.<\/p>\n<p><strong>Duftnoter:<\/strong> violblad, jordb\u00e6r, grapefrugt, viol, jasmin, gardenia, hvidt tr\u00e6, moskus &amp; vanilje.<\/p>\n","protected":false},"excerpt":{"rendered":"<p>Marc Jacobs Daisy er en str\u00e5lende og fortryllende duft. En sprudlende blomsterbuket med et friskt og livligt pr\u00e6g. Duftnoter: violblad, jordb\u00e6r, grapefrugt, viol, jasmin, gardenia, hvidt tr\u00e6, moskus &amp; vanilje.<\/p>\n","protected":false},"featured_media":111124,"comment_status":"open","ping_status":"closed","template":"","meta":{"_trash_the_other_posts":false},"product_brand":[],"product_cat":[1003,707,735,999,959],"product_tag":[3382],"berocket_brand":[1069],"class_list":{"0":"post-111125","1":"product","2":"type-product","3":"status-publish","4":"has-post-thumbnail","6":"product_cat-bestsellere","7":"product_cat-eau-de-toilette-dame","8":"product_cat-kampagne","9":"product_cat-kampagnetilbud-til-hende","10":"product_cat-marc-jacobs-daisy","11":"product_tag-marc-jacobs-daisy-edt","12":"pa_brand-marc-jacobs","13":"pa_variant-100ml","14":"berocket_brand-marc-jacobs","16":"first","17":"instock","18":"sale","19":"taxable","20":"shipping-taxable","21":"purchasable","22":"product-type-simple"},"_links":{"self":[{"href":"https:\/\/stylingagenten.com\/da\/wp-json\/wp\/v2\/product\/111125","targetHints":{"allow":["GET"]}}],"collection":[{"href":"https:\/\/stylingagenten.com\/da\/wp-json\/wp\/v2\/product"}],"about":[{"href":"https:\/\/stylingagenten.com\/da\/wp-json\/wp\/v2\/types\/product"}],"replies":[{"embeddable":true,"href":"https:\/\/stylingagenten.com\/da\/wp-json\/wp\/v2\/comments?post=111125"}],"version-history":[{"count":0,"href":"https:\/\/stylingagenten.com\/da\/wp-json\/wp\/v2\/product\/111125\/revisions"}],"wp:featuredmedia":[{"embeddable":true,"href":"https:\/\/stylingagenten.com\/da\/wp-json\/wp\/v2\/media\/111124"}],"wp:attachment":[{"href":"https:\/\/stylingagenten.com\/da\/wp-json\/wp\/v2\/media?parent=111125"}],"wp:term":[{"taxonomy":"product_brand","embeddable":true,"href":"https:\/\/stylingagenten.com\/da\/wp-json\/wp\/v2\/product_brand?post=111125"},{"taxonomy":"product_cat","embeddable":true,"href":"https:\/\/stylingagenten.com\/da\/wp-json\/wp\/v2\/product_cat?post=111125"},{"taxonomy":"product_tag","embeddable":true,"href":"https:\/\/stylingagenten.com\/da\/wp-json\/wp\/v2\/product_tag?post=111125"},{"taxonomy":"berocket_brand","embeddable":true,"href":"https:\/\/stylingagenten.com\/da\/wp-json\/wp\/v2\/berocket_brand?post=111125"}],"curies":[{"name":"wp","href":"https:\/\/api.w.org\/{rel}","templated":true}]}}