{"id":111094,"date":"2025-05-18T20:54:56","date_gmt":"2025-05-18T20:54:56","guid":{"rendered":"https:\/\/staging2.stylingagenten.com\/da\/produkt\/chloe-edp-50ml\/"},"modified":"2026-04-15T06:39:47","modified_gmt":"2026-04-15T06:39:47","slug":"chloe-edp-50ml","status":"publish","type":"product","link":"https:\/\/stylingagenten.com\/da\/produkt\/chloe-edp-50ml\/","title":{"rendered":"Chlo\u00e9 Edp 50ml"},"content":{"rendered":"<p>Chlo&eacute; &nbsp;&auml;er en varm, farlig og vanedannende duft. Friske, gr\u00f8nne, luftige noter bliver st\u00e6rkere og mere sensuelle og afsl\u00f8rer det glatte indre af rosenknoppen. Basen best\u00e5r af varmt rav, honning og elegant cedertr\u00e6; for at skabe en bl\u00f8d finish.<\/p>\n<p><strong>Duftnoter:<\/strong> pink p\u00e6on, fresia, litchi, magnoliablomst, liljekonval, rose, cedertr\u00e6, ambra &amp; skat.<\/p>\n","protected":false},"excerpt":{"rendered":"<p>Chlo&eacute; &nbsp;&auml;er en varm, farlig og vanedannende duft. Friske, gr\u00f8nne, luftige noter bliver st\u00e6rkere og mere sensuelle og afsl\u00f8rer det glatte indre af rosenknoppen. Basen best\u00e5r af varmt rav, honning og elegant cedertr\u00e6; for at skabe en bl\u00f8d finish. Duftnoter: pink p\u00e6on, fresia, litchi, magnoliablomst, liljekonval, rose, cedertr\u00e6, ambra &amp; skat.<\/p>\n","protected":false},"featured_media":111088,"comment_status":"open","ping_status":"closed","template":"","meta":{"_trash_the_other_posts":false},"product_brand":[],"product_cat":[706,735,999],"product_tag":[2683],"berocket_brand":[1101],"class_list":{"0":"post-111094","1":"product","2":"type-product","3":"status-publish","4":"has-post-thumbnail","6":"product_cat-eau-de-parfum-dame","7":"product_cat-kampagne","8":"product_cat-kampagnetilbud-til-hende","9":"product_tag-chloe-edp","10":"pa_brand-chloe","11":"pa_variant-50ml","12":"berocket_brand-chloe","14":"first","15":"outofstock","16":"sale","17":"taxable","18":"shipping-taxable","19":"purchasable","20":"product-type-simple"},"_links":{"self":[{"href":"https:\/\/stylingagenten.com\/da\/wp-json\/wp\/v2\/product\/111094","targetHints":{"allow":["GET"]}}],"collection":[{"href":"https:\/\/stylingagenten.com\/da\/wp-json\/wp\/v2\/product"}],"about":[{"href":"https:\/\/stylingagenten.com\/da\/wp-json\/wp\/v2\/types\/product"}],"replies":[{"embeddable":true,"href":"https:\/\/stylingagenten.com\/da\/wp-json\/wp\/v2\/comments?post=111094"}],"version-history":[{"count":0,"href":"https:\/\/stylingagenten.com\/da\/wp-json\/wp\/v2\/product\/111094\/revisions"}],"wp:featuredmedia":[{"embeddable":true,"href":"https:\/\/stylingagenten.com\/da\/wp-json\/wp\/v2\/media\/111088"}],"wp:attachment":[{"href":"https:\/\/stylingagenten.com\/da\/wp-json\/wp\/v2\/media?parent=111094"}],"wp:term":[{"taxonomy":"product_brand","embeddable":true,"href":"https:\/\/stylingagenten.com\/da\/wp-json\/wp\/v2\/product_brand?post=111094"},{"taxonomy":"product_cat","embeddable":true,"href":"https:\/\/stylingagenten.com\/da\/wp-json\/wp\/v2\/product_cat?post=111094"},{"taxonomy":"product_tag","embeddable":true,"href":"https:\/\/stylingagenten.com\/da\/wp-json\/wp\/v2\/product_tag?post=111094"},{"taxonomy":"berocket_brand","embeddable":true,"href":"https:\/\/stylingagenten.com\/da\/wp-json\/wp\/v2\/berocket_brand?post=111094"}],"curies":[{"name":"wp","href":"https:\/\/api.w.org\/{rel}","templated":true}]}}