{"id":111092,"date":"2025-05-18T20:54:56","date_gmt":"2025-05-18T20:54:56","guid":{"rendered":"https:\/\/staging2.stylingagenten.com\/da\/produkt\/dkny-be-delicious-edp-30ml\/"},"modified":"2026-04-15T06:59:40","modified_gmt":"2026-04-15T06:59:40","slug":"dkny-be-delicious-edp-30ml","status":"publish","type":"product","link":"https:\/\/stylingagenten.com\/da\/produkt\/dkny-be-delicious-edp-30ml\/","title":{"rendered":"DKNY Be Delicious Edp 30ml"},"content":{"rendered":"<p>DKNY Be Delicious For Women har en frisk tone og noter af eksotiske blomster og tr\u00e6er. En meget popul\u00e6r duft, der er forfriskende for alle kvinder.<\/p>\n<p><strong>Duftnoter:&nbsp;<\/strong>&auml;\u00e6ble, agurk, grapefrugt, magnolia, rose, liljekonval, viol, sandeltr\u00e6; , tr\u00e6&auml; &amp; rav.<\/p>\n","protected":false},"excerpt":{"rendered":"<p>DKNY Be Delicious For Women har en frisk tone og noter af eksotiske blomster og tr\u00e6er. En meget popul\u00e6r duft, der er forfriskende for alle kvinder. Duftnoter:&nbsp;&auml;\u00e6ble, agurk, grapefrugt, magnolia, rose, liljekonval, viol, sandeltr\u00e6; , tr\u00e6&auml; &amp; rav.<\/p>\n","protected":false},"featured_media":111089,"comment_status":"open","ping_status":"closed","template":"","meta":{"_trash_the_other_posts":false},"product_brand":[],"product_cat":[753,706,735,999],"product_tag":[2825],"berocket_brand":[1291],"class_list":{"0":"post-111092","1":"product","2":"type-product","3":"status-publish","4":"has-post-thumbnail","6":"product_cat-dkny-be-delicious","7":"product_cat-eau-de-parfum-dame","8":"product_cat-kampagne","9":"product_cat-kampagnetilbud-til-hende","10":"product_tag-dkny-be-delicious-edp","11":"pa_brand-dkny","12":"pa_variant-30ml","13":"berocket_brand-dkny","15":"first","16":"outofstock","17":"sale","18":"taxable","19":"shipping-taxable","20":"purchasable","21":"product-type-simple"},"_links":{"self":[{"href":"https:\/\/stylingagenten.com\/da\/wp-json\/wp\/v2\/product\/111092","targetHints":{"allow":["GET"]}}],"collection":[{"href":"https:\/\/stylingagenten.com\/da\/wp-json\/wp\/v2\/product"}],"about":[{"href":"https:\/\/stylingagenten.com\/da\/wp-json\/wp\/v2\/types\/product"}],"replies":[{"embeddable":true,"href":"https:\/\/stylingagenten.com\/da\/wp-json\/wp\/v2\/comments?post=111092"}],"version-history":[{"count":0,"href":"https:\/\/stylingagenten.com\/da\/wp-json\/wp\/v2\/product\/111092\/revisions"}],"wp:featuredmedia":[{"embeddable":true,"href":"https:\/\/stylingagenten.com\/da\/wp-json\/wp\/v2\/media\/111089"}],"wp:attachment":[{"href":"https:\/\/stylingagenten.com\/da\/wp-json\/wp\/v2\/media?parent=111092"}],"wp:term":[{"taxonomy":"product_brand","embeddable":true,"href":"https:\/\/stylingagenten.com\/da\/wp-json\/wp\/v2\/product_brand?post=111092"},{"taxonomy":"product_cat","embeddable":true,"href":"https:\/\/stylingagenten.com\/da\/wp-json\/wp\/v2\/product_cat?post=111092"},{"taxonomy":"product_tag","embeddable":true,"href":"https:\/\/stylingagenten.com\/da\/wp-json\/wp\/v2\/product_tag?post=111092"},{"taxonomy":"berocket_brand","embeddable":true,"href":"https:\/\/stylingagenten.com\/da\/wp-json\/wp\/v2\/berocket_brand?post=111092"}],"curies":[{"name":"wp","href":"https:\/\/api.w.org\/{rel}","templated":true}]}}