{"id":111084,"date":"2025-05-18T20:54:54","date_gmt":"2025-05-18T20:54:54","guid":{"rendered":"https:\/\/staging2.stylingagenten.com\/da\/produkt\/britney-spears-midnight-fantasy-edp-100ml\/"},"modified":"2026-04-14T13:18:34","modified_gmt":"2026-04-14T13:18:34","slug":"britney-spears-midnight-fantasy-edp-100ml","status":"publish","type":"product","link":"https:\/\/stylingagenten.com\/da\/produkt\/britney-spears-midnight-fantasy-edp-100ml\/","title":{"rendered":"Britney Spears Midnight Fantasy Edp 100ml"},"content":{"rendered":"<p>Britney Spears Midnight Fantasy er en varm og drilsk duft, hvis aroma af orkid\u00e9, fresia, iris, ambra, moskus og vanilje giver en meget s\u00f8d f\u00f8lelse, der leder tankerne hen p\u00e5 friske karameller. <\/p>\n<p><strong>Duftnoter :<\/strong> hindb\u00e6r, blomme, sort kirseb\u00e6r, fresia, iris, nat orkid\u00e9, vanilje, moskus &amp; rav.<\/p>\n","protected":false},"excerpt":{"rendered":"<p>Britney Spears Midnight Fantasy er en varm og drilsk duft, hvis aroma af orkid\u00e9, fresia, iris, ambra, moskus og vanilje giver en meget s\u00f8d f\u00f8lelse, der leder tankerne hen p\u00e5 friske karameller. Duftnoter : hindb\u00e6r, blomme, sort kirseb\u00e6r, fresia, iris, nat orkid\u00e9, vanilje, moskus &amp; rav.<\/p>\n","protected":false},"featured_media":111080,"comment_status":"open","ping_status":"closed","template":"","meta":{"_trash_the_other_posts":false},"product_brand":[],"product_cat":[1003,768,706],"product_tag":[2580],"berocket_brand":[1031],"class_list":{"0":"post-111084","1":"product","2":"type-product","3":"status-publish","4":"has-post-thumbnail","6":"product_cat-bestsellere","7":"product_cat-britney-spears-midnight","8":"product_cat-eau-de-parfum-dame","9":"product_tag-britney-spears-midnight-fantasy-edp","10":"pa_brand-britney-spears","11":"pa_variant-100ml","12":"berocket_brand-britney-spears","14":"first","15":"instock","16":"sale","17":"taxable","18":"shipping-taxable","19":"purchasable","20":"product-type-simple"},"_links":{"self":[{"href":"https:\/\/stylingagenten.com\/da\/wp-json\/wp\/v2\/product\/111084","targetHints":{"allow":["GET"]}}],"collection":[{"href":"https:\/\/stylingagenten.com\/da\/wp-json\/wp\/v2\/product"}],"about":[{"href":"https:\/\/stylingagenten.com\/da\/wp-json\/wp\/v2\/types\/product"}],"replies":[{"embeddable":true,"href":"https:\/\/stylingagenten.com\/da\/wp-json\/wp\/v2\/comments?post=111084"}],"version-history":[{"count":0,"href":"https:\/\/stylingagenten.com\/da\/wp-json\/wp\/v2\/product\/111084\/revisions"}],"wp:featuredmedia":[{"embeddable":true,"href":"https:\/\/stylingagenten.com\/da\/wp-json\/wp\/v2\/media\/111080"}],"wp:attachment":[{"href":"https:\/\/stylingagenten.com\/da\/wp-json\/wp\/v2\/media?parent=111084"}],"wp:term":[{"taxonomy":"product_brand","embeddable":true,"href":"https:\/\/stylingagenten.com\/da\/wp-json\/wp\/v2\/product_brand?post=111084"},{"taxonomy":"product_cat","embeddable":true,"href":"https:\/\/stylingagenten.com\/da\/wp-json\/wp\/v2\/product_cat?post=111084"},{"taxonomy":"product_tag","embeddable":true,"href":"https:\/\/stylingagenten.com\/da\/wp-json\/wp\/v2\/product_tag?post=111084"},{"taxonomy":"berocket_brand","embeddable":true,"href":"https:\/\/stylingagenten.com\/da\/wp-json\/wp\/v2\/berocket_brand?post=111084"}],"curies":[{"name":"wp","href":"https:\/\/api.w.org\/{rel}","templated":true}]}}