{"id":111082,"date":"2025-05-18T20:54:54","date_gmt":"2025-05-18T20:54:54","guid":{"rendered":"https:\/\/staging2.stylingagenten.com\/da\/produkt\/britney-spears-fantasy-edp-30ml\/"},"modified":"2025-12-18T21:29:34","modified_gmt":"2025-12-18T21:29:34","slug":"britney-spears-fantasy-edp-30ml","status":"publish","type":"product","link":"https:\/\/stylingagenten.com\/da\/produkt\/britney-spears-fantasy-edp-30ml\/","title":{"rendered":"Britney Spears Fantasy Edp 30ml"},"content":{"rendered":"<p>Britney Spears Fantasy er en frugtagtig, s\u00f8d og blomstret duft, der er ideel til romantiske lejligheder.<\/p>\n<p><strong>Duftnoter:<\/strong> kiwi, r&ouml;d litchi, kv\u00e6de, hvid chokolade, orkid\u00e9&amp;eacute ;, kageakkord, jasmin, irisrod, moskus og eksotisk tr\u00e6.<\/p>\n","protected":false},"excerpt":{"rendered":"<p>Britney Spears Fantasy er en frugtagtig, s\u00f8d og blomstret duft, der er ideel til romantiske lejligheder. Duftnoter: kiwi, r&ouml;d litchi, kv\u00e6de, hvid chokolade, orkid\u00e9&amp;eacute ;, kageakkord, jasmin, irisrod, moskus og eksotisk tr\u00e6.<\/p>\n","protected":false},"featured_media":111076,"comment_status":"open","ping_status":"closed","template":"","meta":{"_trash_the_other_posts":false},"product_brand":[],"product_cat":[1003,771,706],"product_tag":[2578],"berocket_brand":[1031],"class_list":{"0":"post-111082","1":"product","2":"type-product","3":"status-publish","4":"has-post-thumbnail","6":"product_cat-bestsellere","7":"product_cat-britney-spears-fantasy","8":"product_cat-eau-de-parfum-dame","9":"product_tag-britney-spears-fantasy-edp","10":"pa_brand-britney-spears","11":"pa_variant-30ml","12":"berocket_brand-britney-spears","14":"first","15":"outofstock","16":"sale","17":"taxable","18":"shipping-taxable","19":"purchasable","20":"product-type-simple"},"_links":{"self":[{"href":"https:\/\/stylingagenten.com\/da\/wp-json\/wp\/v2\/product\/111082","targetHints":{"allow":["GET"]}}],"collection":[{"href":"https:\/\/stylingagenten.com\/da\/wp-json\/wp\/v2\/product"}],"about":[{"href":"https:\/\/stylingagenten.com\/da\/wp-json\/wp\/v2\/types\/product"}],"replies":[{"embeddable":true,"href":"https:\/\/stylingagenten.com\/da\/wp-json\/wp\/v2\/comments?post=111082"}],"version-history":[{"count":0,"href":"https:\/\/stylingagenten.com\/da\/wp-json\/wp\/v2\/product\/111082\/revisions"}],"wp:featuredmedia":[{"embeddable":true,"href":"https:\/\/stylingagenten.com\/da\/wp-json\/wp\/v2\/media\/111076"}],"wp:attachment":[{"href":"https:\/\/stylingagenten.com\/da\/wp-json\/wp\/v2\/media?parent=111082"}],"wp:term":[{"taxonomy":"product_brand","embeddable":true,"href":"https:\/\/stylingagenten.com\/da\/wp-json\/wp\/v2\/product_brand?post=111082"},{"taxonomy":"product_cat","embeddable":true,"href":"https:\/\/stylingagenten.com\/da\/wp-json\/wp\/v2\/product_cat?post=111082"},{"taxonomy":"product_tag","embeddable":true,"href":"https:\/\/stylingagenten.com\/da\/wp-json\/wp\/v2\/product_tag?post=111082"},{"taxonomy":"berocket_brand","embeddable":true,"href":"https:\/\/stylingagenten.com\/da\/wp-json\/wp\/v2\/berocket_brand?post=111082"}],"curies":[{"name":"wp","href":"https:\/\/api.w.org\/{rel}","templated":true}]}}