{"id":111073,"date":"2025-05-18T20:54:52","date_gmt":"2025-05-18T20:54:52","guid":{"rendered":"https:\/\/staging2.stylingagenten.com\/da\/produkt\/dolce-gabbana-light-blue-edt-50ml\/"},"modified":"2026-04-12T18:18:32","modified_gmt":"2026-04-12T18:18:32","slug":"dolce-gabbana-light-blue-edt-50ml","status":"publish","type":"product","link":"https:\/\/stylingagenten.com\/da\/produkt\/dolce-gabbana-light-blue-edt-50ml\/","title":{"rendered":"Dolce &amp; Gabbana Light Blue Edt 50ml"},"content":{"rendered":"<p>Dolce &amp; Gabbana Light Blue er uimodst\u00e5elig med sin friske, lette note af citrus, \u00e6ble og jasmin. En parfume, der er en rigtig bestseller p\u00e5 verdensplan.<\/p>\n<p><strong>Duftnoter: <\/strong>Siciliansk citron, granny smith \u00e6ble, jasmin, bambus, fresia, hvid rose, cedertr\u00e6, moskus og rav.<\/p>\n","protected":false},"excerpt":{"rendered":"<p>Dolce &amp; Gabbana Light Blue er uimodst\u00e5elig med sin friske, lette note af citrus, \u00e6ble og jasmin. En parfume, der er en rigtig bestseller p\u00e5 verdensplan. Duftnoter: Siciliansk citron, granny smith \u00e6ble, jasmin, bambus, fresia, hvid rose, cedertr\u00e6, moskus og rav.<\/p>\n","protected":false},"featured_media":111069,"comment_status":"open","ping_status":"closed","template":"","meta":{"_trash_the_other_posts":false},"product_brand":[],"product_cat":[1003,832,707,735,999],"product_tag":[2831],"berocket_brand":[1292],"class_list":{"0":"post-111073","1":"product","2":"type-product","3":"status-publish","4":"has-post-thumbnail","6":"product_cat-bestsellere","7":"product_cat-dolce-gabbana-light-blue-women","8":"product_cat-eau-de-toilette-dame","9":"product_cat-kampagne","10":"product_cat-kampagnetilbud-til-hende","11":"product_tag-dolce-gabbana-light-blue-edt","12":"pa_brand-dolce-gabbana","13":"pa_variant-50ml","14":"berocket_brand-dolce-gabbana","16":"first","17":"instock","18":"sale","19":"taxable","20":"shipping-taxable","21":"purchasable","22":"product-type-simple"},"_links":{"self":[{"href":"https:\/\/stylingagenten.com\/da\/wp-json\/wp\/v2\/product\/111073","targetHints":{"allow":["GET"]}}],"collection":[{"href":"https:\/\/stylingagenten.com\/da\/wp-json\/wp\/v2\/product"}],"about":[{"href":"https:\/\/stylingagenten.com\/da\/wp-json\/wp\/v2\/types\/product"}],"replies":[{"embeddable":true,"href":"https:\/\/stylingagenten.com\/da\/wp-json\/wp\/v2\/comments?post=111073"}],"version-history":[{"count":0,"href":"https:\/\/stylingagenten.com\/da\/wp-json\/wp\/v2\/product\/111073\/revisions"}],"wp:featuredmedia":[{"embeddable":true,"href":"https:\/\/stylingagenten.com\/da\/wp-json\/wp\/v2\/media\/111069"}],"wp:attachment":[{"href":"https:\/\/stylingagenten.com\/da\/wp-json\/wp\/v2\/media?parent=111073"}],"wp:term":[{"taxonomy":"product_brand","embeddable":true,"href":"https:\/\/stylingagenten.com\/da\/wp-json\/wp\/v2\/product_brand?post=111073"},{"taxonomy":"product_cat","embeddable":true,"href":"https:\/\/stylingagenten.com\/da\/wp-json\/wp\/v2\/product_cat?post=111073"},{"taxonomy":"product_tag","embeddable":true,"href":"https:\/\/stylingagenten.com\/da\/wp-json\/wp\/v2\/product_tag?post=111073"},{"taxonomy":"berocket_brand","embeddable":true,"href":"https:\/\/stylingagenten.com\/da\/wp-json\/wp\/v2\/berocket_brand?post=111073"}],"curies":[{"name":"wp","href":"https:\/\/api.w.org\/{rel}","templated":true}]}}