{"id":111067,"date":"2025-05-18T20:54:51","date_gmt":"2025-05-18T20:54:51","guid":{"rendered":"https:\/\/staging2.stylingagenten.com\/da\/produkt\/elizabeth-arden-beauty-edp-100ml\/"},"modified":"2026-04-03T09:58:42","modified_gmt":"2026-04-03T09:58:42","slug":"elizabeth-arden-beauty-edp-100ml","status":"publish","type":"product","link":"https:\/\/stylingagenten.com\/da\/produkt\/elizabeth-arden-beauty-edp-100ml\/","title":{"rendered":"Elizabeth Arden Beauty Edp 100ml"},"content":{"rendered":"<p>Elizabeth Arden Beauty er en frisk og blomstret duft med varme og krydderi i. Parfumen er bl\u00f8d og behagelig og passer til kvinden, der \u00f8nsker at f\u00f8le sig romantisk.<\/p>\n<p><strong>Duftnoter:&nbsp;<\/strong>risblomst, italiensk bergamot, gr\u00f8n akkord, bl&aring; lotusblomst, liljer, orkid\u00e9&eacute;, indisk sandeltr\u00e6&auml;, hvid rav &amp; moskus.<\/p>\n","protected":false},"excerpt":{"rendered":"<p>Elizabeth Arden Beauty er en frisk og blomstret duft med varme og krydderi i. Parfumen er bl\u00f8d og behagelig og passer til kvinden, der \u00f8nsker at f\u00f8le sig romantisk. Duftnoter:&nbsp;risblomst, italiensk bergamot, gr\u00f8n akkord, bl&aring; lotusblomst, liljer, orkid\u00e9&eacute;, indisk sandeltr\u00e6&auml;, hvid rav &amp; moskus.<\/p>\n","protected":false},"featured_media":111062,"comment_status":"open","ping_status":"closed","template":"","meta":{"_trash_the_other_posts":false},"product_brand":[],"product_cat":[1003,706,758,735,999],"product_tag":[2864],"berocket_brand":[1303],"class_list":{"0":"post-111067","1":"product","2":"type-product","3":"status-publish","4":"has-post-thumbnail","6":"product_cat-bestsellere","7":"product_cat-eau-de-parfum-dame","8":"product_cat-elizabeth-arden-beauty","9":"product_cat-kampagne","10":"product_cat-kampagnetilbud-til-hende","11":"product_tag-elizabeth-arden-beauty-edp","12":"pa_brand-elizabeth-arden","13":"pa_variant-100ml","14":"berocket_brand-elizabeth-arden","16":"first","17":"instock","18":"sale","19":"taxable","20":"shipping-taxable","21":"purchasable","22":"product-type-simple"},"_links":{"self":[{"href":"https:\/\/stylingagenten.com\/da\/wp-json\/wp\/v2\/product\/111067","targetHints":{"allow":["GET"]}}],"collection":[{"href":"https:\/\/stylingagenten.com\/da\/wp-json\/wp\/v2\/product"}],"about":[{"href":"https:\/\/stylingagenten.com\/da\/wp-json\/wp\/v2\/types\/product"}],"replies":[{"embeddable":true,"href":"https:\/\/stylingagenten.com\/da\/wp-json\/wp\/v2\/comments?post=111067"}],"version-history":[{"count":0,"href":"https:\/\/stylingagenten.com\/da\/wp-json\/wp\/v2\/product\/111067\/revisions"}],"wp:featuredmedia":[{"embeddable":true,"href":"https:\/\/stylingagenten.com\/da\/wp-json\/wp\/v2\/media\/111062"}],"wp:attachment":[{"href":"https:\/\/stylingagenten.com\/da\/wp-json\/wp\/v2\/media?parent=111067"}],"wp:term":[{"taxonomy":"product_brand","embeddable":true,"href":"https:\/\/stylingagenten.com\/da\/wp-json\/wp\/v2\/product_brand?post=111067"},{"taxonomy":"product_cat","embeddable":true,"href":"https:\/\/stylingagenten.com\/da\/wp-json\/wp\/v2\/product_cat?post=111067"},{"taxonomy":"product_tag","embeddable":true,"href":"https:\/\/stylingagenten.com\/da\/wp-json\/wp\/v2\/product_tag?post=111067"},{"taxonomy":"berocket_brand","embeddable":true,"href":"https:\/\/stylingagenten.com\/da\/wp-json\/wp\/v2\/berocket_brand?post=111067"}],"curies":[{"name":"wp","href":"https:\/\/api.w.org\/{rel}","templated":true}]}}