{"id":111064,"date":"2025-05-18T20:54:51","date_gmt":"2025-05-18T20:54:51","guid":{"rendered":"https:\/\/staging2.stylingagenten.com\/da\/produkt\/calvin-klein-ck-in2u-her-edt-50ml\/"},"modified":"2026-03-29T18:18:40","modified_gmt":"2026-03-29T18:18:40","slug":"calvin-klein-ck-in2u-her-edt-50ml","status":"publish","type":"product","link":"https:\/\/stylingagenten.com\/da\/produkt\/calvin-klein-ck-in2u-her-edt-50ml\/","title":{"rendered":"Calvin Klein CK IN2U Her Edt 50ml"},"content":{"rendered":"<p>Calvin Klein CK IN2U Dette er en frisk blomsterduft, der er velegnet til alle lejligheder.<\/p>\n<p><strong>Duftnoter:<\/strong> bergamot, grapefrugt, hvid kaktus, orkid\u00e9, rav, vaniljesuffle&eacute; og r\u00f8d cedertr\u00e6.<\/p>\n","protected":false},"excerpt":{"rendered":"<p>Calvin Klein CK IN2U Dette er en frisk blomsterduft, der er velegnet til alle lejligheder. Duftnoter: bergamot, grapefrugt, hvid kaktus, orkid\u00e9, rav, vaniljesuffle&eacute; og r\u00f8d cedertr\u00e6.<\/p>\n","protected":false},"featured_media":111057,"comment_status":"open","ping_status":"closed","template":"","meta":{"_trash_the_other_posts":false},"product_brand":[],"product_cat":[707,735,999],"product_tag":[2636],"berocket_brand":[1014],"class_list":{"0":"post-111064","1":"product","2":"type-product","3":"status-publish","4":"has-post-thumbnail","6":"product_cat-eau-de-toilette-dame","7":"product_cat-kampagne","8":"product_cat-kampagnetilbud-til-hende","9":"product_tag-calvin-klein-ck-in2u-her-edt","10":"pa_brand-calvin-klein","11":"pa_variant-50ml","12":"berocket_brand-calvin-klein","14":"first","15":"instock","16":"sale","17":"taxable","18":"shipping-taxable","19":"purchasable","20":"product-type-simple"},"_links":{"self":[{"href":"https:\/\/stylingagenten.com\/da\/wp-json\/wp\/v2\/product\/111064","targetHints":{"allow":["GET"]}}],"collection":[{"href":"https:\/\/stylingagenten.com\/da\/wp-json\/wp\/v2\/product"}],"about":[{"href":"https:\/\/stylingagenten.com\/da\/wp-json\/wp\/v2\/types\/product"}],"replies":[{"embeddable":true,"href":"https:\/\/stylingagenten.com\/da\/wp-json\/wp\/v2\/comments?post=111064"}],"version-history":[{"count":0,"href":"https:\/\/stylingagenten.com\/da\/wp-json\/wp\/v2\/product\/111064\/revisions"}],"wp:featuredmedia":[{"embeddable":true,"href":"https:\/\/stylingagenten.com\/da\/wp-json\/wp\/v2\/media\/111057"}],"wp:attachment":[{"href":"https:\/\/stylingagenten.com\/da\/wp-json\/wp\/v2\/media?parent=111064"}],"wp:term":[{"taxonomy":"product_brand","embeddable":true,"href":"https:\/\/stylingagenten.com\/da\/wp-json\/wp\/v2\/product_brand?post=111064"},{"taxonomy":"product_cat","embeddable":true,"href":"https:\/\/stylingagenten.com\/da\/wp-json\/wp\/v2\/product_cat?post=111064"},{"taxonomy":"product_tag","embeddable":true,"href":"https:\/\/stylingagenten.com\/da\/wp-json\/wp\/v2\/product_tag?post=111064"},{"taxonomy":"berocket_brand","embeddable":true,"href":"https:\/\/stylingagenten.com\/da\/wp-json\/wp\/v2\/berocket_brand?post=111064"}],"curies":[{"name":"wp","href":"https:\/\/api.w.org\/{rel}","templated":true}]}}