{"id":111053,"date":"2025-05-18T20:54:49","date_gmt":"2025-05-18T20:54:49","guid":{"rendered":"https:\/\/staging2.stylingagenten.com\/da\/produkt\/juicy-couture-la-la-edp-100ml\/"},"modified":"2026-04-15T00:08:40","modified_gmt":"2026-04-15T00:08:40","slug":"juicy-couture-la-la-edp-100ml","status":"publish","type":"product","link":"https:\/\/stylingagenten.com\/da\/produkt\/juicy-couture-la-la-edp-100ml\/","title":{"rendered":"Juicy Couture La La Edp 100ml"},"content":{"rendered":"<p>Juicy Couture La La er en frisk og beh\u00e5ret duft i en blanding af saftige frugter med en vidunderlig blomsterbuket sammen med bl\u00f8de tr\u00e6sorter.<\/p>\n<p><strong>Duftnoter:&nbsp;<\/strong>mandarin, vand hyacint, gr\u00f8nt \u00e6ble, r\u00f8d drue, liljekonval, pink p\u00e6on, violblad, appelsinblomst, glat tr\u00e6 &amp; amp; moskus.<\/p>\n","protected":false},"excerpt":{"rendered":"<p>Juicy Couture La La er en frisk og beh\u00e5ret duft i en blanding af saftige frugter med en vidunderlig blomsterbuket sammen med bl\u00f8de tr\u00e6sorter. Duftnoter:&nbsp;mandarin, vand hyacint, gr\u00f8nt \u00e6ble, r\u00f8d drue, liljekonval, pink p\u00e6on, violblad, appelsinblomst, glat tr\u00e6 &amp; amp; moskus.<\/p>\n","protected":false},"featured_media":111044,"comment_status":"open","ping_status":"closed","template":"","meta":{"_trash_the_other_posts":false},"product_brand":[],"product_cat":[1003,706,917],"product_tag":[],"berocket_brand":[1067],"class_list":{"0":"post-111053","1":"product","2":"type-product","3":"status-publish","4":"has-post-thumbnail","6":"product_cat-bestsellere","7":"product_cat-eau-de-parfum-dame","8":"product_cat-juicy-couture-la-la","9":"pa_brand-juicy-couture","10":"berocket_brand-juicy-couture","12":"first","13":"instock","14":"sale","15":"taxable","16":"shipping-taxable","17":"purchasable","18":"product-type-simple"},"_links":{"self":[{"href":"https:\/\/stylingagenten.com\/da\/wp-json\/wp\/v2\/product\/111053","targetHints":{"allow":["GET"]}}],"collection":[{"href":"https:\/\/stylingagenten.com\/da\/wp-json\/wp\/v2\/product"}],"about":[{"href":"https:\/\/stylingagenten.com\/da\/wp-json\/wp\/v2\/types\/product"}],"replies":[{"embeddable":true,"href":"https:\/\/stylingagenten.com\/da\/wp-json\/wp\/v2\/comments?post=111053"}],"version-history":[{"count":0,"href":"https:\/\/stylingagenten.com\/da\/wp-json\/wp\/v2\/product\/111053\/revisions"}],"wp:featuredmedia":[{"embeddable":true,"href":"https:\/\/stylingagenten.com\/da\/wp-json\/wp\/v2\/media\/111044"}],"wp:attachment":[{"href":"https:\/\/stylingagenten.com\/da\/wp-json\/wp\/v2\/media?parent=111053"}],"wp:term":[{"taxonomy":"product_brand","embeddable":true,"href":"https:\/\/stylingagenten.com\/da\/wp-json\/wp\/v2\/product_brand?post=111053"},{"taxonomy":"product_cat","embeddable":true,"href":"https:\/\/stylingagenten.com\/da\/wp-json\/wp\/v2\/product_cat?post=111053"},{"taxonomy":"product_tag","embeddable":true,"href":"https:\/\/stylingagenten.com\/da\/wp-json\/wp\/v2\/product_tag?post=111053"},{"taxonomy":"berocket_brand","embeddable":true,"href":"https:\/\/stylingagenten.com\/da\/wp-json\/wp\/v2\/berocket_brand?post=111053"}],"curies":[{"name":"wp","href":"https:\/\/api.w.org\/{rel}","templated":true}]}}