{"id":111034,"date":"2025-05-18T20:54:46","date_gmt":"2025-05-18T20:54:46","guid":{"rendered":"https:\/\/staging2.stylingagenten.com\/da\/produkt\/marc-jacobs-dot-edp-100ml\/"},"modified":"2026-03-24T10:37:31","modified_gmt":"2026-03-24T10:37:31","slug":"marc-jacobs-dot-edp-100ml","status":"publish","type":"product","link":"https:\/\/stylingagenten.com\/da\/produkt\/marc-jacobs-dot-edp-100ml\/","title":{"rendered":"Marc Jacobs Dot Edp 100ml"},"content":{"rendered":"<p>Marc Jacobs Dot blev lanceret i 2012 og er inspireret af Jacobs k\u00e6rlighed til prikker. Det er en glad duft, der er blomsteragtig frugtagtig med en dejlig charme af r\u00f8de b\u00e6r, jasmin og bl\u00f8d vanilje.<\/p>\n<p><strong>Duftnoter:<\/strong> pitahaya, r\u00f8de b\u00e6r, kaprifolier, kokos, appelsin blomst, jasmin, moskus, vanilje og drivt\u00f8mmer.<\/p>\n","protected":false},"excerpt":{"rendered":"<p>Marc Jacobs Dot blev lanceret i 2012 og er inspireret af Jacobs k\u00e6rlighed til prikker. Det er en glad duft, der er blomsteragtig frugtagtig med en dejlig charme af r\u00f8de b\u00e6r, jasmin og bl\u00f8d vanilje. Duftnoter: pitahaya, r\u00f8de b\u00e6r, kaprifolier, kokos, appelsin blomst, jasmin, moskus, vanilje og drivt\u00f8mmer.<\/p>\n","protected":false},"featured_media":171237,"comment_status":"open","ping_status":"closed","template":"","meta":{"_trash_the_other_posts":false},"product_brand":[],"product_cat":[706],"product_tag":[3386],"berocket_brand":[1069],"class_list":{"0":"post-111034","1":"product","2":"type-product","3":"status-publish","4":"has-post-thumbnail","6":"product_cat-eau-de-parfum-dame","7":"product_tag-marc-jacobs-dot-edp","8":"pa_brand-marc-jacobs","9":"pa_variant-100ml","10":"berocket_brand-marc-jacobs","12":"first","13":"outofstock","14":"sale","15":"taxable","16":"shipping-taxable","17":"purchasable","18":"product-type-simple"},"_links":{"self":[{"href":"https:\/\/stylingagenten.com\/da\/wp-json\/wp\/v2\/product\/111034","targetHints":{"allow":["GET"]}}],"collection":[{"href":"https:\/\/stylingagenten.com\/da\/wp-json\/wp\/v2\/product"}],"about":[{"href":"https:\/\/stylingagenten.com\/da\/wp-json\/wp\/v2\/types\/product"}],"replies":[{"embeddable":true,"href":"https:\/\/stylingagenten.com\/da\/wp-json\/wp\/v2\/comments?post=111034"}],"version-history":[{"count":0,"href":"https:\/\/stylingagenten.com\/da\/wp-json\/wp\/v2\/product\/111034\/revisions"}],"wp:featuredmedia":[{"embeddable":true,"href":"https:\/\/stylingagenten.com\/da\/wp-json\/wp\/v2\/media\/171237"}],"wp:attachment":[{"href":"https:\/\/stylingagenten.com\/da\/wp-json\/wp\/v2\/media?parent=111034"}],"wp:term":[{"taxonomy":"product_brand","embeddable":true,"href":"https:\/\/stylingagenten.com\/da\/wp-json\/wp\/v2\/product_brand?post=111034"},{"taxonomy":"product_cat","embeddable":true,"href":"https:\/\/stylingagenten.com\/da\/wp-json\/wp\/v2\/product_cat?post=111034"},{"taxonomy":"product_tag","embeddable":true,"href":"https:\/\/stylingagenten.com\/da\/wp-json\/wp\/v2\/product_tag?post=111034"},{"taxonomy":"berocket_brand","embeddable":true,"href":"https:\/\/stylingagenten.com\/da\/wp-json\/wp\/v2\/berocket_brand?post=111034"}],"curies":[{"name":"wp","href":"https:\/\/api.w.org\/{rel}","templated":true}]}}