{"id":111026,"date":"2025-05-18T20:54:44","date_gmt":"2025-05-18T20:54:44","guid":{"rendered":"https:\/\/staging2.stylingagenten.com\/da\/produkt\/guess-woman-edp-75ml\/"},"modified":"2026-04-14T21:08:44","modified_gmt":"2026-04-14T21:08:44","slug":"guess-woman-edp-75ml","status":"publish","type":"product","link":"https:\/\/stylingagenten.com\/da\/produkt\/guess-woman-edp-75ml\/","title":{"rendered":"Guess Woman Edp 75ml"},"content":{"rendered":"<p>Guess for Woman, EdP er en blomster- og frugtduft, der ligger t\u00e6t mod huden. Sensuel, forfriskende og sp\u00e6ndende dejlig.<\/p>\n<p>Topnoter: Bergamot, mandarin, gr\u00f8nt \u00e6ble og vilde jordb\u00e6r<br \/>Hjertenoter: Liljekonval, ylang-ylang, jasmin, fresia, magnolia, p\u00e6on, r\u00f8d b\u00e6r og fersken<br \/>Basenoter: Moskus, rav, egemos og cedertr\u00e6<\/p>\n","protected":false},"excerpt":{"rendered":"<p>Guess for Woman, EdP er en blomster- og frugtduft, der ligger t\u00e6t mod huden. Sensuel, forfriskende og sp\u00e6ndende dejlig. Topnoter: Bergamot, mandarin, gr\u00f8nt \u00e6ble og vilde jordb\u00e6rHjertenoter: Liljekonval, ylang-ylang, jasmin, fresia, magnolia, p\u00e6on, r\u00f8d b\u00e6r og ferskenBasenoter: Moskus, rav, egemos og cedertr\u00e6<\/p>\n","protected":false},"featured_media":111021,"comment_status":"open","ping_status":"closed","template":"","meta":{"_trash_the_other_posts":false},"product_brand":[],"product_cat":[706,735,999],"product_tag":[],"berocket_brand":[1331],"class_list":{"0":"post-111026","1":"product","2":"type-product","3":"status-publish","4":"has-post-thumbnail","6":"product_cat-eau-de-parfum-dame","7":"product_cat-kampagne","8":"product_cat-kampagnetilbud-til-hende","9":"pa_brand-guess","10":"berocket_brand-guess","12":"first","13":"instock","14":"sale","15":"taxable","16":"shipping-taxable","17":"purchasable","18":"product-type-simple"},"_links":{"self":[{"href":"https:\/\/stylingagenten.com\/da\/wp-json\/wp\/v2\/product\/111026","targetHints":{"allow":["GET"]}}],"collection":[{"href":"https:\/\/stylingagenten.com\/da\/wp-json\/wp\/v2\/product"}],"about":[{"href":"https:\/\/stylingagenten.com\/da\/wp-json\/wp\/v2\/types\/product"}],"replies":[{"embeddable":true,"href":"https:\/\/stylingagenten.com\/da\/wp-json\/wp\/v2\/comments?post=111026"}],"version-history":[{"count":0,"href":"https:\/\/stylingagenten.com\/da\/wp-json\/wp\/v2\/product\/111026\/revisions"}],"wp:featuredmedia":[{"embeddable":true,"href":"https:\/\/stylingagenten.com\/da\/wp-json\/wp\/v2\/media\/111021"}],"wp:attachment":[{"href":"https:\/\/stylingagenten.com\/da\/wp-json\/wp\/v2\/media?parent=111026"}],"wp:term":[{"taxonomy":"product_brand","embeddable":true,"href":"https:\/\/stylingagenten.com\/da\/wp-json\/wp\/v2\/product_brand?post=111026"},{"taxonomy":"product_cat","embeddable":true,"href":"https:\/\/stylingagenten.com\/da\/wp-json\/wp\/v2\/product_cat?post=111026"},{"taxonomy":"product_tag","embeddable":true,"href":"https:\/\/stylingagenten.com\/da\/wp-json\/wp\/v2\/product_tag?post=111026"},{"taxonomy":"berocket_brand","embeddable":true,"href":"https:\/\/stylingagenten.com\/da\/wp-json\/wp\/v2\/berocket_brand?post=111026"}],"curies":[{"name":"wp","href":"https:\/\/api.w.org\/{rel}","templated":true}]}}