{"id":111016,"date":"2025-05-18T20:54:43","date_gmt":"2025-05-18T20:54:43","guid":{"rendered":"https:\/\/staging2.stylingagenten.com\/da\/produkt\/joop-all-about-eve-edp-40ml\/"},"modified":"2026-04-02T14:58:31","modified_gmt":"2026-04-02T14:58:31","slug":"joop-all-about-eve-edp-40ml","status":"publish","type":"product","link":"https:\/\/stylingagenten.com\/da\/produkt\/joop-all-about-eve-edp-40ml\/","title":{"rendered":"Joop! All About Eve Edp 40ml"},"content":{"rendered":"<p>All About Eve er en feminin og orientalsk duft, der \u00e5bner med \u00e6ble og ender med vanilje.<br \/>\u00c6blet er anderledes, omgivet af fersken og gr\u00f8nne toner, som f\u00f8lger af blomster og krydret kanel.<br \/>Duften er let at genkende, som et st\u00e6rkt barndomsminde om \u00e6bler og kanel.<br \/>Til sidst varmer det op, takket v\u00e6re vanilje og den cremede og dr\u00f8mmende karakter. Tonka, patchouli og sandeltr\u00e6&auml; i bunden.&nbsp;<\/p>\n","protected":false},"excerpt":{"rendered":"<p>All About Eve er en feminin og orientalsk duft, der \u00e5bner med \u00e6ble og ender med vanilje.\u00c6blet er anderledes, omgivet af fersken og gr\u00f8nne toner, som f\u00f8lger af blomster og krydret kanel.Duften er let at genkende, som et st\u00e6rkt barndomsminde om \u00e6bler og kanel.Til sidst varmer det op, takket v\u00e6re vanilje og den cremede og [&hellip;]<\/p>\n","protected":false},"featured_media":111011,"comment_status":"open","ping_status":"closed","template":"","meta":{"_trash_the_other_posts":false},"product_brand":[],"product_cat":[1003,706,735,999],"product_tag":[],"berocket_brand":[1087],"class_list":{"0":"post-111016","1":"product","2":"type-product","3":"status-publish","4":"has-post-thumbnail","6":"product_cat-bestsellere","7":"product_cat-eau-de-parfum-dame","8":"product_cat-kampagne","9":"product_cat-kampagnetilbud-til-hende","10":"pa_brand-joop","11":"berocket_brand-joop","13":"first","14":"outofstock","15":"sale","16":"taxable","17":"shipping-taxable","18":"purchasable","19":"product-type-simple"},"_links":{"self":[{"href":"https:\/\/stylingagenten.com\/da\/wp-json\/wp\/v2\/product\/111016","targetHints":{"allow":["GET"]}}],"collection":[{"href":"https:\/\/stylingagenten.com\/da\/wp-json\/wp\/v2\/product"}],"about":[{"href":"https:\/\/stylingagenten.com\/da\/wp-json\/wp\/v2\/types\/product"}],"replies":[{"embeddable":true,"href":"https:\/\/stylingagenten.com\/da\/wp-json\/wp\/v2\/comments?post=111016"}],"version-history":[{"count":0,"href":"https:\/\/stylingagenten.com\/da\/wp-json\/wp\/v2\/product\/111016\/revisions"}],"wp:featuredmedia":[{"embeddable":true,"href":"https:\/\/stylingagenten.com\/da\/wp-json\/wp\/v2\/media\/111011"}],"wp:attachment":[{"href":"https:\/\/stylingagenten.com\/da\/wp-json\/wp\/v2\/media?parent=111016"}],"wp:term":[{"taxonomy":"product_brand","embeddable":true,"href":"https:\/\/stylingagenten.com\/da\/wp-json\/wp\/v2\/product_brand?post=111016"},{"taxonomy":"product_cat","embeddable":true,"href":"https:\/\/stylingagenten.com\/da\/wp-json\/wp\/v2\/product_cat?post=111016"},{"taxonomy":"product_tag","embeddable":true,"href":"https:\/\/stylingagenten.com\/da\/wp-json\/wp\/v2\/product_tag?post=111016"},{"taxonomy":"berocket_brand","embeddable":true,"href":"https:\/\/stylingagenten.com\/da\/wp-json\/wp\/v2\/berocket_brand?post=111016"}],"curies":[{"name":"wp","href":"https:\/\/api.w.org\/{rel}","templated":true}]}}