{"id":111013,"date":"2025-05-18T20:54:42","date_gmt":"2025-05-18T20:54:42","guid":{"rendered":"https:\/\/staging2.stylingagenten.com\/da\/produkt\/elizabeth-arden-5th-avenue-uptown-nyc-edp-125ml\/"},"modified":"2026-04-09T04:18:41","modified_gmt":"2026-04-09T04:18:41","slug":"elizabeth-arden-5th-avenue-uptown-nyc-edp-125ml","status":"publish","type":"product","link":"https:\/\/stylingagenten.com\/da\/produkt\/elizabeth-arden-5th-avenue-uptown-nyc-edp-125ml\/","title":{"rendered":"Elizabeth Arden 5th Avenue Uptown NYC Edp 125ml"},"content":{"rendered":"<p><strong>Elizabeth Arden 5th Avenue Uptown NYC Edp 125ml<\/strong><\/p>\n<p>5th Avenue Uptown NYC &auml;er en elegant og unik parfume fra Elizabeth Arden.<br \/>Denne luksuri\u00f8se duft &amp;auml er inspireret af New Yorks uptown-kvinde og hendes glamour\u00f8se livsstil.<\/p>\n<p>Den friskblomstrende komposition \u00e5bner med funklende noter af prosecco, siciliansk petitgrain og rosepeber. Japansk kirseb\u00e6rblomst, magnolia, cyclamen og myrte i hjertet glider langsomt til en base af vanilje, tonka, sandeltr\u00e6; og moskus.<\/p>\n<p>Topnoter: Petitgrain, Hvidvin og Pink peber<br \/>Hjertenoter: Myrra, Magnolia og Cyclamen<br \/>Basenoter: Vanilje, Tonkab\u00f8nner og Sandeltr\u00e6<\/p>\n","protected":false},"excerpt":{"rendered":"<p>Elizabeth Arden 5th Avenue Uptown NYC Edp 125ml 5th Avenue Uptown NYC &auml;er en elegant og unik parfume fra Elizabeth Arden.Denne luksuri\u00f8se duft &amp;auml er inspireret af New Yorks uptown-kvinde og hendes glamour\u00f8se livsstil. Den friskblomstrende komposition \u00e5bner med funklende noter af prosecco, siciliansk petitgrain og rosepeber. Japansk kirseb\u00e6rblomst, magnolia, cyclamen og myrte i hjertet [&hellip;]<\/p>\n","protected":false},"featured_media":110999,"comment_status":"open","ping_status":"closed","template":"","meta":{"_trash_the_other_posts":false},"product_brand":[],"product_cat":[1003,706,735,999],"product_tag":[],"berocket_brand":[1303],"class_list":{"0":"post-111013","1":"product","2":"type-product","3":"status-publish","4":"has-post-thumbnail","6":"product_cat-bestsellere","7":"product_cat-eau-de-parfum-dame","8":"product_cat-kampagne","9":"product_cat-kampagnetilbud-til-hende","10":"pa_brand-elizabeth-arden","11":"berocket_brand-elizabeth-arden","13":"first","14":"outofstock","15":"sale","16":"taxable","17":"shipping-taxable","18":"purchasable","19":"product-type-simple"},"_links":{"self":[{"href":"https:\/\/stylingagenten.com\/da\/wp-json\/wp\/v2\/product\/111013","targetHints":{"allow":["GET"]}}],"collection":[{"href":"https:\/\/stylingagenten.com\/da\/wp-json\/wp\/v2\/product"}],"about":[{"href":"https:\/\/stylingagenten.com\/da\/wp-json\/wp\/v2\/types\/product"}],"replies":[{"embeddable":true,"href":"https:\/\/stylingagenten.com\/da\/wp-json\/wp\/v2\/comments?post=111013"}],"version-history":[{"count":0,"href":"https:\/\/stylingagenten.com\/da\/wp-json\/wp\/v2\/product\/111013\/revisions"}],"wp:featuredmedia":[{"embeddable":true,"href":"https:\/\/stylingagenten.com\/da\/wp-json\/wp\/v2\/media\/110999"}],"wp:attachment":[{"href":"https:\/\/stylingagenten.com\/da\/wp-json\/wp\/v2\/media?parent=111013"}],"wp:term":[{"taxonomy":"product_brand","embeddable":true,"href":"https:\/\/stylingagenten.com\/da\/wp-json\/wp\/v2\/product_brand?post=111013"},{"taxonomy":"product_cat","embeddable":true,"href":"https:\/\/stylingagenten.com\/da\/wp-json\/wp\/v2\/product_cat?post=111013"},{"taxonomy":"product_tag","embeddable":true,"href":"https:\/\/stylingagenten.com\/da\/wp-json\/wp\/v2\/product_tag?post=111013"},{"taxonomy":"berocket_brand","embeddable":true,"href":"https:\/\/stylingagenten.com\/da\/wp-json\/wp\/v2\/berocket_brand?post=111013"}],"curies":[{"name":"wp","href":"https:\/\/api.w.org\/{rel}","templated":true}]}}