{"id":110990,"date":"2025-05-18T20:54:37","date_gmt":"2025-05-18T20:54:37","guid":{"rendered":"https:\/\/staging2.stylingagenten.com\/da\/produkt\/lolita-lempicka-oh-ma-biche-edp-50ml\/"},"modified":"2026-03-26T18:24:07","modified_gmt":"2026-03-26T18:24:07","slug":"lolita-lempicka-oh-ma-biche-edp-50ml","status":"publish","type":"product","link":"https:\/\/stylingagenten.com\/da\/produkt\/lolita-lempicka-oh-ma-biche-edp-50ml\/","title":{"rendered":"Lolita Lempicka Oh Ma Biche Edp 50ml"},"content":{"rendered":"<p>Oh Ma Biche er Lolita Lempickas dristige og f\u00e6ngslende nye eau de parfum. Den sprudlende og frugtige buket v\u00e6kker sanserne og f\u00f8lelserne. Oh My Biche giver os en ren fortolkning af en euforisk cocktail, hvor en eksplosiv citrustrio af mandarin, mandarin og grapefrugt m\u00f8der prosecco, hvid fersken og original Timuts laurb\u00e6rpeber, pakket ind i hvid moskus.<\/p>\n<p> Topnoter: mandarin, mandarin, grapefrugt<br \/>Hjertenoter: Prosecco, hvid fersken, timuts laurb\u00e6rpeber<br \/>Basenoter: Hvid moskus<\/p>\n","protected":false},"excerpt":{"rendered":"<p>Oh Ma Biche er Lolita Lempickas dristige og f\u00e6ngslende nye eau de parfum. Den sprudlende og frugtige buket v\u00e6kker sanserne og f\u00f8lelserne. Oh My Biche giver os en ren fortolkning af en euforisk cocktail, hvor en eksplosiv citrustrio af mandarin, mandarin og grapefrugt m\u00f8der prosecco, hvid fersken og original Timuts laurb\u00e6rpeber, pakket ind i hvid [&hellip;]<\/p>\n","protected":false},"featured_media":110986,"comment_status":"open","ping_status":"closed","template":"","meta":{"_trash_the_other_posts":false},"product_brand":[],"product_cat":[706,735,999],"product_tag":[],"berocket_brand":[1177],"class_list":{"0":"post-110990","1":"product","2":"type-product","3":"status-publish","4":"has-post-thumbnail","6":"product_cat-eau-de-parfum-dame","7":"product_cat-kampagne","8":"product_cat-kampagnetilbud-til-hende","9":"pa_brand-lolita-lempicka","10":"berocket_brand-lolita-lempicka","12":"first","13":"instock","14":"sale","15":"taxable","16":"shipping-taxable","17":"purchasable","18":"product-type-simple"},"_links":{"self":[{"href":"https:\/\/stylingagenten.com\/da\/wp-json\/wp\/v2\/product\/110990","targetHints":{"allow":["GET"]}}],"collection":[{"href":"https:\/\/stylingagenten.com\/da\/wp-json\/wp\/v2\/product"}],"about":[{"href":"https:\/\/stylingagenten.com\/da\/wp-json\/wp\/v2\/types\/product"}],"replies":[{"embeddable":true,"href":"https:\/\/stylingagenten.com\/da\/wp-json\/wp\/v2\/comments?post=110990"}],"version-history":[{"count":0,"href":"https:\/\/stylingagenten.com\/da\/wp-json\/wp\/v2\/product\/110990\/revisions"}],"wp:featuredmedia":[{"embeddable":true,"href":"https:\/\/stylingagenten.com\/da\/wp-json\/wp\/v2\/media\/110986"}],"wp:attachment":[{"href":"https:\/\/stylingagenten.com\/da\/wp-json\/wp\/v2\/media?parent=110990"}],"wp:term":[{"taxonomy":"product_brand","embeddable":true,"href":"https:\/\/stylingagenten.com\/da\/wp-json\/wp\/v2\/product_brand?post=110990"},{"taxonomy":"product_cat","embeddable":true,"href":"https:\/\/stylingagenten.com\/da\/wp-json\/wp\/v2\/product_cat?post=110990"},{"taxonomy":"product_tag","embeddable":true,"href":"https:\/\/stylingagenten.com\/da\/wp-json\/wp\/v2\/product_tag?post=110990"},{"taxonomy":"berocket_brand","embeddable":true,"href":"https:\/\/stylingagenten.com\/da\/wp-json\/wp\/v2\/berocket_brand?post=110990"}],"curies":[{"name":"wp","href":"https:\/\/api.w.org\/{rel}","templated":true}]}}