{"id":110984,"date":"2025-05-18T20:54:36","date_gmt":"2025-05-18T20:54:36","guid":{"rendered":"https:\/\/staging2.stylingagenten.com\/da\/produkt\/burberry-brit-sheer-edt-50ml\/"},"modified":"2026-04-09T19:18:45","modified_gmt":"2026-04-09T19:18:45","slug":"burberry-brit-sheer-edt-50ml","status":"publish","type":"product","link":"https:\/\/stylingagenten.com\/da\/produkt\/burberry-brit-sheer-edt-50ml\/","title":{"rendered":"Burberry Brit Sheer Edt 50ml"},"content":{"rendered":"<p>Burberry Brit Sheer er et friskt supplement til den britiske kvinde, der \u00f8nsker en elegant hverdag fuld af eventyr. Den har sunde og sprudlende topnoter med blandt andet litchi og druer, lette og blomstrede hjertenoter med p\u00e6on- og ferskenblomst og bl\u00f8de t\u00f8rre tr\u00e6sorter i grundnoten.<\/p>\n<p><strong>Duftnoter:<\/ st\u00e6rk> litchi, yuzu, ananasblad, mandarin, vindruer, p\u00e6on, ferskenblomst, nashine, hvid moskus og lyst tr\u00e6.<\/p>\n","protected":false},"excerpt":{"rendered":"<p>Burberry Brit Sheer er et friskt supplement til den britiske kvinde, der \u00f8nsker en elegant hverdag fuld af eventyr. Den har sunde og sprudlende topnoter med blandt andet litchi og druer, lette og blomstrede hjertenoter med p\u00e6on- og ferskenblomst og bl\u00f8de t\u00f8rre tr\u00e6sorter i grundnoten. Duftnoter: litchi, yuzu, ananasblad, mandarin, vindruer, p\u00e6on, ferskenblomst, nashine, hvid [&hellip;]<\/p>\n","protected":false},"featured_media":110974,"comment_status":"open","ping_status":"closed","template":"","meta":{"_trash_the_other_posts":false},"product_brand":[],"product_cat":[775,707,735,999],"product_tag":[2603],"berocket_brand":[1017],"class_list":{"0":"post-110984","1":"product","2":"type-product","3":"status-publish","4":"has-post-thumbnail","6":"product_cat-burberry-brit-sheer","7":"product_cat-eau-de-toilette-dame","8":"product_cat-kampagne","9":"product_cat-kampagnetilbud-til-hende","10":"product_tag-burberry-brit-sheer-edt","11":"pa_brand-burberry","12":"pa_variant-50ml","13":"berocket_brand-burberry","15":"first","16":"instock","17":"sale","18":"taxable","19":"shipping-taxable","20":"purchasable","21":"product-type-simple"},"_links":{"self":[{"href":"https:\/\/stylingagenten.com\/da\/wp-json\/wp\/v2\/product\/110984","targetHints":{"allow":["GET"]}}],"collection":[{"href":"https:\/\/stylingagenten.com\/da\/wp-json\/wp\/v2\/product"}],"about":[{"href":"https:\/\/stylingagenten.com\/da\/wp-json\/wp\/v2\/types\/product"}],"replies":[{"embeddable":true,"href":"https:\/\/stylingagenten.com\/da\/wp-json\/wp\/v2\/comments?post=110984"}],"version-history":[{"count":0,"href":"https:\/\/stylingagenten.com\/da\/wp-json\/wp\/v2\/product\/110984\/revisions"}],"wp:featuredmedia":[{"embeddable":true,"href":"https:\/\/stylingagenten.com\/da\/wp-json\/wp\/v2\/media\/110974"}],"wp:attachment":[{"href":"https:\/\/stylingagenten.com\/da\/wp-json\/wp\/v2\/media?parent=110984"}],"wp:term":[{"taxonomy":"product_brand","embeddable":true,"href":"https:\/\/stylingagenten.com\/da\/wp-json\/wp\/v2\/product_brand?post=110984"},{"taxonomy":"product_cat","embeddable":true,"href":"https:\/\/stylingagenten.com\/da\/wp-json\/wp\/v2\/product_cat?post=110984"},{"taxonomy":"product_tag","embeddable":true,"href":"https:\/\/stylingagenten.com\/da\/wp-json\/wp\/v2\/product_tag?post=110984"},{"taxonomy":"berocket_brand","embeddable":true,"href":"https:\/\/stylingagenten.com\/da\/wp-json\/wp\/v2\/berocket_brand?post=110984"}],"curies":[{"name":"wp","href":"https:\/\/api.w.org\/{rel}","templated":true}]}}