{"id":110979,"date":"2025-05-18T20:54:36","date_gmt":"2025-05-18T20:54:36","guid":{"rendered":"https:\/\/staging2.stylingagenten.com\/da\/produkt\/burberry-brit-for-her-edt-100ml\/"},"modified":"2026-03-23T21:47:39","modified_gmt":"2026-03-23T21:47:39","slug":"burberry-brit-for-her-edt-100ml","status":"publish","type":"product","link":"https:\/\/stylingagenten.com\/da\/produkt\/burberry-brit-for-her-edt-100ml\/","title":{"rendered":"Burberry Brit For Her Edt 100ml"},"content":{"rendered":"<p>Burberry Brit For Her EdT er en lettere og friskere fortolkning af den klassiske Brit Woman-parfume, EdP. <br \/>En blomstret, sensuel EdT med vanedannende topnoter af spr\u00f8de, iskolde p\u00e6re, kandiserede mandler og intens vanilje.<\/p>\n<p>Topnoter: Gr\u00f8n mandel, p\u00e6re, citrongr\u00e6s og lime<br \/>Hjertenoter: Sukkerede mandler og p\u00e6on<br \/>Basenoter: Ambra, vanilje og mahogni<\/p>\n","protected":false},"excerpt":{"rendered":"<p>Burberry Brit For Her EdT er en lettere og friskere fortolkning af den klassiske Brit Woman-parfume, EdP. En blomstret, sensuel EdT med vanedannende topnoter af spr\u00f8de, iskolde p\u00e6re, kandiserede mandler og intens vanilje. Topnoter: Gr\u00f8n mandel, p\u00e6re, citrongr\u00e6s og limeHjertenoter: Sukkerede mandler og p\u00e6onBasenoter: Ambra, vanilje og mahogni<\/p>\n","protected":false},"featured_media":110973,"comment_status":"open","ping_status":"closed","template":"","meta":{"_trash_the_other_posts":false},"product_brand":[],"product_cat":[776,707,735,999],"product_tag":[2599],"berocket_brand":[1017],"class_list":{"0":"post-110979","1":"product","2":"type-product","3":"status-publish","4":"has-post-thumbnail","6":"product_cat-burberry-brit-women","7":"product_cat-eau-de-toilette-dame","8":"product_cat-kampagne","9":"product_cat-kampagnetilbud-til-hende","10":"product_tag-burberry-brit-for-her-edt","11":"pa_brand-burberry","12":"pa_variant-100ml","13":"berocket_brand-burberry","15":"first","16":"instock","17":"sale","18":"taxable","19":"shipping-taxable","20":"purchasable","21":"product-type-simple"},"_links":{"self":[{"href":"https:\/\/stylingagenten.com\/da\/wp-json\/wp\/v2\/product\/110979","targetHints":{"allow":["GET"]}}],"collection":[{"href":"https:\/\/stylingagenten.com\/da\/wp-json\/wp\/v2\/product"}],"about":[{"href":"https:\/\/stylingagenten.com\/da\/wp-json\/wp\/v2\/types\/product"}],"replies":[{"embeddable":true,"href":"https:\/\/stylingagenten.com\/da\/wp-json\/wp\/v2\/comments?post=110979"}],"version-history":[{"count":0,"href":"https:\/\/stylingagenten.com\/da\/wp-json\/wp\/v2\/product\/110979\/revisions"}],"wp:featuredmedia":[{"embeddable":true,"href":"https:\/\/stylingagenten.com\/da\/wp-json\/wp\/v2\/media\/110973"}],"wp:attachment":[{"href":"https:\/\/stylingagenten.com\/da\/wp-json\/wp\/v2\/media?parent=110979"}],"wp:term":[{"taxonomy":"product_brand","embeddable":true,"href":"https:\/\/stylingagenten.com\/da\/wp-json\/wp\/v2\/product_brand?post=110979"},{"taxonomy":"product_cat","embeddable":true,"href":"https:\/\/stylingagenten.com\/da\/wp-json\/wp\/v2\/product_cat?post=110979"},{"taxonomy":"product_tag","embeddable":true,"href":"https:\/\/stylingagenten.com\/da\/wp-json\/wp\/v2\/product_tag?post=110979"},{"taxonomy":"berocket_brand","embeddable":true,"href":"https:\/\/stylingagenten.com\/da\/wp-json\/wp\/v2\/berocket_brand?post=110979"}],"curies":[{"name":"wp","href":"https:\/\/api.w.org\/{rel}","templated":true}]}}