{"id":110947,"date":"2025-05-18T20:54:30","date_gmt":"2025-05-18T20:54:30","guid":{"rendered":"https:\/\/staging2.stylingagenten.com\/da\/produkt\/cacharel-eden-edp-50ml\/"},"modified":"2026-04-11T11:18:42","modified_gmt":"2026-04-11T11:18:42","slug":"cacharel-eden-edp-50ml","status":"publish","type":"product","link":"https:\/\/stylingagenten.com\/da\/produkt\/cacharel-eden-edp-50ml\/","title":{"rendered":"Cacharel Eden Edp 50ml"},"content":{"rendered":"<p>Eden Edp er en blomsterduft fra Cacharel, med frugtagtige og s\u00f8de noter og et strejf af tr\u00e6agtige basisnoter.<\/p>\n<p>Topnoter: Fersken, Bergamot, Mandarin og Citron<\/p>\n<p> p&gt;<\/p>\n<p>Hjertenoter: Mimosa, \u00e5kander, tuberose, melon, lotus, ananas, jasmin, liljekonval og rose<\/p>\n<p>Basenoter: Patchouli, sort humle, sandeltr\u00e6, cedertr\u00e6; og tonkab&ouml;na.<\/p>\n","protected":false},"excerpt":{"rendered":"<p>Eden Edp er en blomsterduft fra Cacharel, med frugtagtige og s\u00f8de noter og et strejf af tr\u00e6agtige basisnoter. Topnoter: Fersken, Bergamot, Mandarin og Citron p&gt; Hjertenoter: Mimosa, \u00e5kander, tuberose, melon, lotus, ananas, jasmin, liljekonval og rose Basenoter: Patchouli, sort humle, sandeltr\u00e6, cedertr\u00e6; og tonkab&ouml;na.<\/p>\n","protected":false},"featured_media":110943,"comment_status":"open","ping_status":"closed","template":"","meta":{"_trash_the_other_posts":false},"product_brand":[],"product_cat":[1003,707,735,999],"product_tag":[2625],"berocket_brand":[1098],"class_list":{"0":"post-110947","1":"product","2":"type-product","3":"status-publish","4":"has-post-thumbnail","6":"product_cat-bestsellere","7":"product_cat-eau-de-toilette-dame","8":"product_cat-kampagne","9":"product_cat-kampagnetilbud-til-hende","10":"product_tag-cacharel-eden-edp","11":"pa_brand-cacharel","12":"pa_variant-50ml","13":"berocket_brand-cacharel","15":"first","16":"outofstock","17":"sale","18":"taxable","19":"shipping-taxable","20":"purchasable","21":"product-type-simple"},"_links":{"self":[{"href":"https:\/\/stylingagenten.com\/da\/wp-json\/wp\/v2\/product\/110947","targetHints":{"allow":["GET"]}}],"collection":[{"href":"https:\/\/stylingagenten.com\/da\/wp-json\/wp\/v2\/product"}],"about":[{"href":"https:\/\/stylingagenten.com\/da\/wp-json\/wp\/v2\/types\/product"}],"replies":[{"embeddable":true,"href":"https:\/\/stylingagenten.com\/da\/wp-json\/wp\/v2\/comments?post=110947"}],"version-history":[{"count":0,"href":"https:\/\/stylingagenten.com\/da\/wp-json\/wp\/v2\/product\/110947\/revisions"}],"wp:featuredmedia":[{"embeddable":true,"href":"https:\/\/stylingagenten.com\/da\/wp-json\/wp\/v2\/media\/110943"}],"wp:attachment":[{"href":"https:\/\/stylingagenten.com\/da\/wp-json\/wp\/v2\/media?parent=110947"}],"wp:term":[{"taxonomy":"product_brand","embeddable":true,"href":"https:\/\/stylingagenten.com\/da\/wp-json\/wp\/v2\/product_brand?post=110947"},{"taxonomy":"product_cat","embeddable":true,"href":"https:\/\/stylingagenten.com\/da\/wp-json\/wp\/v2\/product_cat?post=110947"},{"taxonomy":"product_tag","embeddable":true,"href":"https:\/\/stylingagenten.com\/da\/wp-json\/wp\/v2\/product_tag?post=110947"},{"taxonomy":"berocket_brand","embeddable":true,"href":"https:\/\/stylingagenten.com\/da\/wp-json\/wp\/v2\/berocket_brand?post=110947"}],"curies":[{"name":"wp","href":"https:\/\/api.w.org\/{rel}","templated":true}]}}