{"id":110906,"date":"2025-05-18T20:54:20","date_gmt":"2025-05-18T20:54:20","guid":{"rendered":"https:\/\/staging2.stylingagenten.com\/da\/produkt\/burberry-weekend-edp-50ml\/"},"modified":"2026-04-07T11:08:39","modified_gmt":"2026-04-07T11:08:39","slug":"burberry-weekend-edp-50ml","status":"publish","type":"product","link":"https:\/\/stylingagenten.com\/da\/produkt\/burberry-weekend-edp-50ml\/","title":{"rendered":"Burberry Weekend Edp 50ml"},"content":{"rendered":"<p>Burberry Weekend Edp 50ml er en blomstret og frisk parfume med dufte inspireret af det engelske landskab.<\/p>\n<p><strong>Duftnoter:&nbsp;<\/strong>Tangerine, vild rose, cedertr\u00e6, saft, r\u00f8d cyclamen, sandeltr\u00e6, reseda-plante, ferskenblomster, iris, moskus, hyacintblomster og nektar.<\/p>\n","protected":false},"excerpt":{"rendered":"<p>Burberry Weekend Edp 50ml er en blomstret og frisk parfume med dufte inspireret af det engelske landskab. Duftnoter:&nbsp;Tangerine, vild rose, cedertr\u00e6, saft, r\u00f8d cyclamen, sandeltr\u00e6, reseda-plante, ferskenblomster, iris, moskus, hyacintblomster og nektar.<\/p>\n","protected":false},"featured_media":110905,"comment_status":"open","ping_status":"closed","template":"","meta":{"_trash_the_other_posts":false},"product_brand":[],"product_cat":[706,735,999],"product_tag":[2617],"berocket_brand":[1017],"class_list":{"0":"post-110906","1":"product","2":"type-product","3":"status-publish","4":"has-post-thumbnail","6":"product_cat-eau-de-parfum-dame","7":"product_cat-kampagne","8":"product_cat-kampagnetilbud-til-hende","9":"product_tag-burberry-weekend-edp","10":"pa_brand-burberry","11":"pa_variant-50ml","12":"berocket_brand-burberry","14":"first","15":"instock","16":"sale","17":"taxable","18":"shipping-taxable","19":"purchasable","20":"product-type-simple"},"_links":{"self":[{"href":"https:\/\/stylingagenten.com\/da\/wp-json\/wp\/v2\/product\/110906","targetHints":{"allow":["GET"]}}],"collection":[{"href":"https:\/\/stylingagenten.com\/da\/wp-json\/wp\/v2\/product"}],"about":[{"href":"https:\/\/stylingagenten.com\/da\/wp-json\/wp\/v2\/types\/product"}],"replies":[{"embeddable":true,"href":"https:\/\/stylingagenten.com\/da\/wp-json\/wp\/v2\/comments?post=110906"}],"version-history":[{"count":0,"href":"https:\/\/stylingagenten.com\/da\/wp-json\/wp\/v2\/product\/110906\/revisions"}],"wp:featuredmedia":[{"embeddable":true,"href":"https:\/\/stylingagenten.com\/da\/wp-json\/wp\/v2\/media\/110905"}],"wp:attachment":[{"href":"https:\/\/stylingagenten.com\/da\/wp-json\/wp\/v2\/media?parent=110906"}],"wp:term":[{"taxonomy":"product_brand","embeddable":true,"href":"https:\/\/stylingagenten.com\/da\/wp-json\/wp\/v2\/product_brand?post=110906"},{"taxonomy":"product_cat","embeddable":true,"href":"https:\/\/stylingagenten.com\/da\/wp-json\/wp\/v2\/product_cat?post=110906"},{"taxonomy":"product_tag","embeddable":true,"href":"https:\/\/stylingagenten.com\/da\/wp-json\/wp\/v2\/product_tag?post=110906"},{"taxonomy":"berocket_brand","embeddable":true,"href":"https:\/\/stylingagenten.com\/da\/wp-json\/wp\/v2\/berocket_brand?post=110906"}],"curies":[{"name":"wp","href":"https:\/\/api.w.org\/{rel}","templated":true}]}}