{"id":110888,"date":"2025-05-18T20:54:18","date_gmt":"2025-05-18T20:54:18","guid":{"rendered":"https:\/\/staging2.stylingagenten.com\/da\/produkt\/versace-versense-edt-50ml\/"},"modified":"2026-03-16T15:27:46","modified_gmt":"2026-03-16T15:27:46","slug":"versace-versense-edt-50ml","status":"publish","type":"product","link":"https:\/\/stylingagenten.com\/da\/produkt\/versace-versense-edt-50ml\/","title":{"rendered":"Versace Versense Edt 50ml"},"content":{"rendered":"<p>Versace Versense er en sprudlende og frisk duft. En sensuel kvindeparfume med en f\u00f8lelse af luksus og glamour.<\/p>\n<p><strong>Duftnoter:&nbsp;<\/strong><strong>bergamot, gr\u00f8n mandarin, figenkaktus, strandlilje, kardemomme, jasmin, sandeltr\u00e6, cedertr\u00e6, oliventr\u00e6; &amp; moskus.<\/p>\n","protected":false},"excerpt":{"rendered":"<p>Versace Versense er en sprudlende og frisk duft. En sensuel kvindeparfume med en f\u00f8lelse af luksus og glamour. Duftnoter:&nbsp;bergamot, gr\u00f8n mandarin, figenkaktus, strandlilje, kardemomme, jasmin, sandeltr\u00e6, cedertr\u00e6, oliventr\u00e6; &amp; moskus.<\/p>\n","protected":false},"featured_media":110887,"comment_status":"open","ping_status":"closed","template":"","meta":{"_trash_the_other_posts":false},"product_brand":[],"product_cat":[707,735,999],"product_tag":[4053],"berocket_brand":[1083],"class_list":{"0":"post-110888","1":"product","2":"type-product","3":"status-publish","4":"has-post-thumbnail","6":"product_cat-eau-de-toilette-dame","7":"product_cat-kampagne","8":"product_cat-kampagnetilbud-til-hende","9":"product_tag-versace-versense-edt","10":"pa_brand-versace","11":"pa_variant-50ml","12":"berocket_brand-versace","14":"first","15":"outofstock","16":"sale","17":"taxable","18":"shipping-taxable","19":"purchasable","20":"product-type-simple"},"_links":{"self":[{"href":"https:\/\/stylingagenten.com\/da\/wp-json\/wp\/v2\/product\/110888","targetHints":{"allow":["GET"]}}],"collection":[{"href":"https:\/\/stylingagenten.com\/da\/wp-json\/wp\/v2\/product"}],"about":[{"href":"https:\/\/stylingagenten.com\/da\/wp-json\/wp\/v2\/types\/product"}],"replies":[{"embeddable":true,"href":"https:\/\/stylingagenten.com\/da\/wp-json\/wp\/v2\/comments?post=110888"}],"version-history":[{"count":0,"href":"https:\/\/stylingagenten.com\/da\/wp-json\/wp\/v2\/product\/110888\/revisions"}],"wp:featuredmedia":[{"embeddable":true,"href":"https:\/\/stylingagenten.com\/da\/wp-json\/wp\/v2\/media\/110887"}],"wp:attachment":[{"href":"https:\/\/stylingagenten.com\/da\/wp-json\/wp\/v2\/media?parent=110888"}],"wp:term":[{"taxonomy":"product_brand","embeddable":true,"href":"https:\/\/stylingagenten.com\/da\/wp-json\/wp\/v2\/product_brand?post=110888"},{"taxonomy":"product_cat","embeddable":true,"href":"https:\/\/stylingagenten.com\/da\/wp-json\/wp\/v2\/product_cat?post=110888"},{"taxonomy":"product_tag","embeddable":true,"href":"https:\/\/stylingagenten.com\/da\/wp-json\/wp\/v2\/product_tag?post=110888"},{"taxonomy":"berocket_brand","embeddable":true,"href":"https:\/\/stylingagenten.com\/da\/wp-json\/wp\/v2\/berocket_brand?post=110888"}],"curies":[{"name":"wp","href":"https:\/\/api.w.org\/{rel}","templated":true}]}}