{"id":110886,"date":"2025-05-18T20:54:17","date_gmt":"2025-05-18T20:54:17","guid":{"rendered":"https:\/\/staging2.stylingagenten.com\/da\/produkt\/calvin-klein-eternity-for-women-air-edp-100ml\/"},"modified":"2026-03-11T21:58:45","modified_gmt":"2026-03-11T21:58:45","slug":"calvin-klein-eternity-for-women-air-edp-100ml","status":"publish","type":"product","link":"https:\/\/stylingagenten.com\/da\/produkt\/calvin-klein-eternity-for-women-air-edp-100ml\/","title":{"rendered":"Calvin Klein Eternity for Women Air Edp 100ml"},"content":{"rendered":"<p>Eternity Air For Women af \u200b\u200bCalvin Klein er en frugtagtig blomsterduft til kvinder.<\/p>\n<p>Topnoter: Ozoniske noter, grapefrugt og solb\u00e6r<\/p>\n<p>Hjertenoter: P\u00e6on, p\u00e6re og lilje af dalen<\/p>\n<p>Basisnoter: Moskus, cedertr\u00e6; og ambra.<\/p>\n","protected":false},"excerpt":{"rendered":"<p>Eternity Air For Women af \u200b\u200bCalvin Klein er en frugtagtig blomsterduft til kvinder. Topnoter: Ozoniske noter, grapefrugt og solb\u00e6r Hjertenoter: P\u00e6on, p\u00e6re og lilje af dalen Basisnoter: Moskus, cedertr\u00e6; og ambra.<\/p>\n","protected":false},"featured_media":110884,"comment_status":"open","ping_status":"closed","template":"","meta":{"_trash_the_other_posts":false},"product_brand":[],"product_cat":[794,706,735,999],"product_tag":[],"berocket_brand":[1014],"class_list":{"0":"post-110886","1":"product","2":"type-product","3":"status-publish","4":"has-post-thumbnail","6":"product_cat-calvin-klein-eternity-for-women","7":"product_cat-eau-de-parfum-dame","8":"product_cat-kampagne","9":"product_cat-kampagnetilbud-til-hende","10":"pa_brand-calvin-klein","11":"berocket_brand-calvin-klein","13":"first","14":"instock","15":"sale","16":"taxable","17":"shipping-taxable","18":"purchasable","19":"product-type-simple"},"_links":{"self":[{"href":"https:\/\/stylingagenten.com\/da\/wp-json\/wp\/v2\/product\/110886","targetHints":{"allow":["GET"]}}],"collection":[{"href":"https:\/\/stylingagenten.com\/da\/wp-json\/wp\/v2\/product"}],"about":[{"href":"https:\/\/stylingagenten.com\/da\/wp-json\/wp\/v2\/types\/product"}],"replies":[{"embeddable":true,"href":"https:\/\/stylingagenten.com\/da\/wp-json\/wp\/v2\/comments?post=110886"}],"version-history":[{"count":0,"href":"https:\/\/stylingagenten.com\/da\/wp-json\/wp\/v2\/product\/110886\/revisions"}],"wp:featuredmedia":[{"embeddable":true,"href":"https:\/\/stylingagenten.com\/da\/wp-json\/wp\/v2\/media\/110884"}],"wp:attachment":[{"href":"https:\/\/stylingagenten.com\/da\/wp-json\/wp\/v2\/media?parent=110886"}],"wp:term":[{"taxonomy":"product_brand","embeddable":true,"href":"https:\/\/stylingagenten.com\/da\/wp-json\/wp\/v2\/product_brand?post=110886"},{"taxonomy":"product_cat","embeddable":true,"href":"https:\/\/stylingagenten.com\/da\/wp-json\/wp\/v2\/product_cat?post=110886"},{"taxonomy":"product_tag","embeddable":true,"href":"https:\/\/stylingagenten.com\/da\/wp-json\/wp\/v2\/product_tag?post=110886"},{"taxonomy":"berocket_brand","embeddable":true,"href":"https:\/\/stylingagenten.com\/da\/wp-json\/wp\/v2\/berocket_brand?post=110886"}],"curies":[{"name":"wp","href":"https:\/\/api.w.org\/{rel}","templated":true}]}}