{"id":110875,"date":"2025-05-18T20:54:15","date_gmt":"2025-05-18T20:54:15","guid":{"rendered":"https:\/\/staging2.stylingagenten.com\/da\/produkt\/paris-hilton-dazzle-edp-125ml\/"},"modified":"2026-03-25T14:28:49","modified_gmt":"2026-03-25T14:28:49","slug":"paris-hilton-dazzle-edp-125ml","status":"publish","type":"product","link":"https:\/\/stylingagenten.com\/da\/produkt\/paris-hilton-dazzle-edp-125ml\/","title":{"rendered":"Paris Hilton Dazzle Edp 125ml"},"content":{"rendered":"<p>Paris Hilton Dazzle Edp 125ml er en s\u00f8d og frugtig duft. Parfumen blev lanceret i 2012.<\/p>\n<p><strong>Duftnoter:<\/strong> pink \u00e6ble, kirseb\u00e6r, fersken, violet nektar, orkid\u00e9, appelsin, vanilje, pink champagne, hvid patchouli og moskus.<\/p>\n","protected":false},"excerpt":{"rendered":"<p>Paris Hilton Dazzle Edp 125ml er en s\u00f8d og frugtig duft. Parfumen blev lanceret i 2012. Duftnoter: pink \u00e6ble, kirseb\u00e6r, fersken, violet nektar, orkid\u00e9, appelsin, vanilje, pink champagne, hvid patchouli og moskus.<\/p>\n","protected":false},"featured_media":110874,"comment_status":"open","ping_status":"closed","template":"","meta":{"_trash_the_other_posts":false},"product_brand":[],"product_cat":[706,735,999],"product_tag":[],"berocket_brand":[1051],"class_list":{"0":"post-110875","1":"product","2":"type-product","3":"status-publish","4":"has-post-thumbnail","6":"product_cat-eau-de-parfum-dame","7":"product_cat-kampagne","8":"product_cat-kampagnetilbud-til-hende","9":"pa_brand-paris-hilton","10":"berocket_brand-paris-hilton","12":"first","13":"instock","14":"sale","15":"taxable","16":"shipping-taxable","17":"purchasable","18":"product-type-simple"},"_links":{"self":[{"href":"https:\/\/stylingagenten.com\/da\/wp-json\/wp\/v2\/product\/110875","targetHints":{"allow":["GET"]}}],"collection":[{"href":"https:\/\/stylingagenten.com\/da\/wp-json\/wp\/v2\/product"}],"about":[{"href":"https:\/\/stylingagenten.com\/da\/wp-json\/wp\/v2\/types\/product"}],"replies":[{"embeddable":true,"href":"https:\/\/stylingagenten.com\/da\/wp-json\/wp\/v2\/comments?post=110875"}],"version-history":[{"count":0,"href":"https:\/\/stylingagenten.com\/da\/wp-json\/wp\/v2\/product\/110875\/revisions"}],"wp:featuredmedia":[{"embeddable":true,"href":"https:\/\/stylingagenten.com\/da\/wp-json\/wp\/v2\/media\/110874"}],"wp:attachment":[{"href":"https:\/\/stylingagenten.com\/da\/wp-json\/wp\/v2\/media?parent=110875"}],"wp:term":[{"taxonomy":"product_brand","embeddable":true,"href":"https:\/\/stylingagenten.com\/da\/wp-json\/wp\/v2\/product_brand?post=110875"},{"taxonomy":"product_cat","embeddable":true,"href":"https:\/\/stylingagenten.com\/da\/wp-json\/wp\/v2\/product_cat?post=110875"},{"taxonomy":"product_tag","embeddable":true,"href":"https:\/\/stylingagenten.com\/da\/wp-json\/wp\/v2\/product_tag?post=110875"},{"taxonomy":"berocket_brand","embeddable":true,"href":"https:\/\/stylingagenten.com\/da\/wp-json\/wp\/v2\/berocket_brand?post=110875"}],"curies":[{"name":"wp","href":"https:\/\/api.w.org\/{rel}","templated":true}]}}