{"id":110871,"date":"2025-05-18T20:54:14","date_gmt":"2025-05-18T20:54:14","guid":{"rendered":"https:\/\/staging2.stylingagenten.com\/da\/produkt\/guess-seductive-noir-edt-75ml\/"},"modified":"2026-04-14T10:28:37","modified_gmt":"2026-04-14T10:28:37","slug":"guess-seductive-noir-edt-75ml","status":"publish","type":"product","link":"https:\/\/stylingagenten.com\/da\/produkt\/guess-seductive-noir-edt-75ml\/","title":{"rendered":"Guess Seductive Noir Edt 75ml"},"content":{"rendered":"<p>G\u00e6t Seductive Noir Kvinder&nbsp;af&nbsp;G\u00e6t&nbsp;&amp;auml&amp;auml&amp;auml&amp;auml&amp;auml&amp;auml&amp;auml&amp;auml&amp;auml&amp;ouml&amp;ouml&amp;ouml&amp;ouml&amp;ouml&amp;ouml&amp;ouml&amp;ouml&amp;ouml&amp;ml&amp;ouml&amp;ml&amp;ml&amp;ml&amp;ml&amp;ml&amp;ml&amp;b; ris, jasmin sambac og liljekonval inden det t\u00f8rrer ned til en sp\u00e6ndende base af fl\u00f8jl, haitisk vetiver og vanilje.<\/p>\n<p>&nbsp;Denne feminine duft har dristige maskuline l\u00e6dertr\u00e6k, der adskiller den fra andre blomsterdufte. Det er en meget farlig og tung duft!<\/p>\n","protected":false},"excerpt":{"rendered":"<p>G\u00e6t Seductive Noir Kvinder&nbsp;af&nbsp;G\u00e6t&nbsp;&amp;auml&amp;auml&amp;auml&amp;auml&amp;auml&amp;auml&amp;auml&amp;auml&amp;auml&amp;ouml&amp;ouml&amp;ouml&amp;ouml&amp;ouml&amp;ouml&amp;ouml&amp;ouml&amp;ouml&amp;ml&amp;ouml&amp;ml&amp;ml&amp;ml&amp;ml&amp;ml&amp;ml&amp;b; ris, jasmin sambac og liljekonval inden det t\u00f8rrer ned til en sp\u00e6ndende base af fl\u00f8jl, haitisk vetiver og vanilje. &nbsp;Denne feminine duft har dristige maskuline l\u00e6dertr\u00e6k, der adskiller den fra andre blomsterdufte. Det er en meget farlig og tung duft!<\/p>\n","protected":false},"featured_media":110870,"comment_status":"open","ping_status":"closed","template":"","meta":{"_trash_the_other_posts":false},"product_brand":[],"product_cat":[707,884,735,999],"product_tag":[],"berocket_brand":[1331],"class_list":{"0":"post-110871","1":"product","2":"type-product","3":"status-publish","4":"has-post-thumbnail","6":"product_cat-eau-de-toilette-dame","7":"product_cat-guess-seductive-women","8":"product_cat-kampagne","9":"product_cat-kampagnetilbud-til-hende","10":"pa_brand-guess","11":"berocket_brand-guess","13":"first","14":"instock","15":"sale","16":"taxable","17":"shipping-taxable","18":"purchasable","19":"product-type-simple"},"_links":{"self":[{"href":"https:\/\/stylingagenten.com\/da\/wp-json\/wp\/v2\/product\/110871","targetHints":{"allow":["GET"]}}],"collection":[{"href":"https:\/\/stylingagenten.com\/da\/wp-json\/wp\/v2\/product"}],"about":[{"href":"https:\/\/stylingagenten.com\/da\/wp-json\/wp\/v2\/types\/product"}],"replies":[{"embeddable":true,"href":"https:\/\/stylingagenten.com\/da\/wp-json\/wp\/v2\/comments?post=110871"}],"version-history":[{"count":0,"href":"https:\/\/stylingagenten.com\/da\/wp-json\/wp\/v2\/product\/110871\/revisions"}],"wp:featuredmedia":[{"embeddable":true,"href":"https:\/\/stylingagenten.com\/da\/wp-json\/wp\/v2\/media\/110870"}],"wp:attachment":[{"href":"https:\/\/stylingagenten.com\/da\/wp-json\/wp\/v2\/media?parent=110871"}],"wp:term":[{"taxonomy":"product_brand","embeddable":true,"href":"https:\/\/stylingagenten.com\/da\/wp-json\/wp\/v2\/product_brand?post=110871"},{"taxonomy":"product_cat","embeddable":true,"href":"https:\/\/stylingagenten.com\/da\/wp-json\/wp\/v2\/product_cat?post=110871"},{"taxonomy":"product_tag","embeddable":true,"href":"https:\/\/stylingagenten.com\/da\/wp-json\/wp\/v2\/product_tag?post=110871"},{"taxonomy":"berocket_brand","embeddable":true,"href":"https:\/\/stylingagenten.com\/da\/wp-json\/wp\/v2\/berocket_brand?post=110871"}],"curies":[{"name":"wp","href":"https:\/\/api.w.org\/{rel}","templated":true}]}}