{"id":110854,"date":"2025-05-18T20:54:10","date_gmt":"2025-05-18T20:54:10","guid":{"rendered":"https:\/\/staging2.stylingagenten.com\/da\/produkt\/christina-aguilera-by-night-edp-15ml\/"},"modified":"2026-04-14T18:58:55","modified_gmt":"2026-04-14T18:58:55","slug":"christina-aguilera-by-night-edp-15ml","status":"publish","type":"product","link":"https:\/\/stylingagenten.com\/da\/produkt\/christina-aguilera-by-night-edp-15ml\/","title":{"rendered":"Christina Aguilera By Night Edp 15ml"},"content":{"rendered":"<p>Christina Aguilera by Night er sangerens tredje parfume, der blev lanceret i 2009. En orientalsk frugtagtig blanding, duften kombinerer varme og intensitet for at skabe en sensuel tiltr\u00e6kning fuld af forn\u00f8jelse.<\/p>\n<p><strong>Duftnoter:&nbsp; <\/strong>mandarin, fresia, r\u00f8d &auml;\u00e6ble, rabarber, ananas, ferskenblomst, heliotrop, tj\u00f8rn, vanilje, mos, sandeltr\u00e6&auml; &amp; rav.<\/p>\n","protected":false},"excerpt":{"rendered":"<p>Christina Aguilera by Night er sangerens tredje parfume, der blev lanceret i 2009. En orientalsk frugtagtig blanding, duften kombinerer varme og intensitet for at skabe en sensuel tiltr\u00e6kning fuld af forn\u00f8jelse. Duftnoter:&nbsp; mandarin, fresia, r\u00f8d &auml;\u00e6ble, rabarber, ananas, ferskenblomst, heliotrop, tj\u00f8rn, vanilje, mos, sandeltr\u00e6&auml; &amp; rav.<\/p>\n","protected":false},"featured_media":110846,"comment_status":"open","ping_status":"closed","template":"","meta":{"_trash_the_other_posts":false},"product_brand":[],"product_cat":[1003,800,706,735,999],"product_tag":[2692],"berocket_brand":[1093],"class_list":{"0":"post-110854","1":"product","2":"type-product","3":"status-publish","4":"has-post-thumbnail","6":"product_cat-bestsellere","7":"product_cat-christina-aguilera-by-night","8":"product_cat-eau-de-parfum-dame","9":"product_cat-kampagne","10":"product_cat-kampagnetilbud-til-hende","11":"product_tag-christina-aguilera-by-night-edp","12":"pa_brand-christina-aguilera","13":"pa_variant-15ml","14":"berocket_brand-christina-aguilera","16":"first","17":"instock","18":"sale","19":"taxable","20":"shipping-taxable","21":"purchasable","22":"product-type-simple"},"_links":{"self":[{"href":"https:\/\/stylingagenten.com\/da\/wp-json\/wp\/v2\/product\/110854","targetHints":{"allow":["GET"]}}],"collection":[{"href":"https:\/\/stylingagenten.com\/da\/wp-json\/wp\/v2\/product"}],"about":[{"href":"https:\/\/stylingagenten.com\/da\/wp-json\/wp\/v2\/types\/product"}],"replies":[{"embeddable":true,"href":"https:\/\/stylingagenten.com\/da\/wp-json\/wp\/v2\/comments?post=110854"}],"version-history":[{"count":0,"href":"https:\/\/stylingagenten.com\/da\/wp-json\/wp\/v2\/product\/110854\/revisions"}],"wp:featuredmedia":[{"embeddable":true,"href":"https:\/\/stylingagenten.com\/da\/wp-json\/wp\/v2\/media\/110846"}],"wp:attachment":[{"href":"https:\/\/stylingagenten.com\/da\/wp-json\/wp\/v2\/media?parent=110854"}],"wp:term":[{"taxonomy":"product_brand","embeddable":true,"href":"https:\/\/stylingagenten.com\/da\/wp-json\/wp\/v2\/product_brand?post=110854"},{"taxonomy":"product_cat","embeddable":true,"href":"https:\/\/stylingagenten.com\/da\/wp-json\/wp\/v2\/product_cat?post=110854"},{"taxonomy":"product_tag","embeddable":true,"href":"https:\/\/stylingagenten.com\/da\/wp-json\/wp\/v2\/product_tag?post=110854"},{"taxonomy":"berocket_brand","embeddable":true,"href":"https:\/\/stylingagenten.com\/da\/wp-json\/wp\/v2\/berocket_brand?post=110854"}],"curies":[{"name":"wp","href":"https:\/\/api.w.org\/{rel}","templated":true}]}}