{"id":110820,"date":"2025-05-18T20:54:05","date_gmt":"2025-05-18T20:54:05","guid":{"rendered":"https:\/\/staging2.stylingagenten.com\/da\/produkt\/vera-wang-embrace-green-tea-and-pear-blossom-edt-30ml\/"},"modified":"2026-04-08T13:45:36","modified_gmt":"2026-04-08T13:45:36","slug":"vera-wang-embrace-green-tea-and-pear-blossom-edt-30ml","status":"publish","type":"product","link":"https:\/\/stylingagenten.com\/da\/produkt\/vera-wang-embrace-green-tea-and-pear-blossom-edt-30ml\/","title":{"rendered":"Vera Wang Embrace Green Tea And Pear Blossom Edt 30ml"},"content":{"rendered":"<p>Embrace Green Tea &amp; Pear Blossom af Vera Wang er en blomstret tr\u00e6agtig moskusduft til kvinder. Topnoter: P\u00e6reblomst, gr\u00f8n te og bergamot Hjertenoter: P\u00e6on, fresia og appelsinblomst. Basisnoter: Moskus, Cedertr\u00e6 og Sandeltr\u00e6.<\/p>\n","protected":false},"excerpt":{"rendered":"<p>Embrace Green Tea &amp; Pear Blossom af Vera Wang er en blomstret tr\u00e6agtig moskusduft til kvinder. Topnoter: P\u00e6reblomst, gr\u00f8n te og bergamot Hjertenoter: P\u00e6on, fresia og appelsinblomst. Basisnoter: Moskus, Cedertr\u00e6 og Sandeltr\u00e6.<\/p>\n","protected":false},"featured_media":110819,"comment_status":"open","ping_status":"closed","template":"","meta":{"_trash_the_other_posts":false},"product_brand":[],"product_cat":[707],"product_tag":[],"berocket_brand":[1078],"class_list":{"0":"post-110820","1":"product","2":"type-product","3":"status-publish","4":"has-post-thumbnail","6":"product_cat-eau-de-toilette-dame","7":"pa_brand-vera-wang","8":"berocket_brand-vera-wang","10":"first","11":"instock","12":"sale","13":"taxable","14":"shipping-taxable","15":"purchasable","16":"product-type-simple"},"_links":{"self":[{"href":"https:\/\/stylingagenten.com\/da\/wp-json\/wp\/v2\/product\/110820","targetHints":{"allow":["GET"]}}],"collection":[{"href":"https:\/\/stylingagenten.com\/da\/wp-json\/wp\/v2\/product"}],"about":[{"href":"https:\/\/stylingagenten.com\/da\/wp-json\/wp\/v2\/types\/product"}],"replies":[{"embeddable":true,"href":"https:\/\/stylingagenten.com\/da\/wp-json\/wp\/v2\/comments?post=110820"}],"version-history":[{"count":0,"href":"https:\/\/stylingagenten.com\/da\/wp-json\/wp\/v2\/product\/110820\/revisions"}],"wp:featuredmedia":[{"embeddable":true,"href":"https:\/\/stylingagenten.com\/da\/wp-json\/wp\/v2\/media\/110819"}],"wp:attachment":[{"href":"https:\/\/stylingagenten.com\/da\/wp-json\/wp\/v2\/media?parent=110820"}],"wp:term":[{"taxonomy":"product_brand","embeddable":true,"href":"https:\/\/stylingagenten.com\/da\/wp-json\/wp\/v2\/product_brand?post=110820"},{"taxonomy":"product_cat","embeddable":true,"href":"https:\/\/stylingagenten.com\/da\/wp-json\/wp\/v2\/product_cat?post=110820"},{"taxonomy":"product_tag","embeddable":true,"href":"https:\/\/stylingagenten.com\/da\/wp-json\/wp\/v2\/product_tag?post=110820"},{"taxonomy":"berocket_brand","embeddable":true,"href":"https:\/\/stylingagenten.com\/da\/wp-json\/wp\/v2\/berocket_brand?post=110820"}],"curies":[{"name":"wp","href":"https:\/\/api.w.org\/{rel}","templated":true}]}}